{"id":41144,"date":"2025-09-02T17:31:19","date_gmt":"2025-09-02T20:31:19","guid":{"rendered":"https:\/\/www.casadainjecao.com.br\/loja\/?post_type=product&#038;p=41144"},"modified":"2026-04-22T13:53:57","modified_gmt":"2026-04-22T16:53:57","slug":"par-sondas-lambda-pre-pos-catalisador-peugeot-207-0258006185","status":"publish","type":"product","link":"https:\/\/www.casadainjecao.com.br\/loja\/autopecas\/injecao-eletronica\/sonda-lambda\/par-sondas-lambda-pre-pos-catalisador-peugeot-207-0258006185\/","title":{"rendered":"Par de Sondas Lambda Pr\u00e9 e P\u00f3s Xsara 307 Partner 025800618"},"content":{"rendered":"<h2>Par Sondas Lambda P\u00f3s e Pr\u00e9 Catalisador<\/h2>\n<p>PEUGEOT<\/p>\n<p>207 1.4 FLEX 2008 a 2014<\/p>\n<p>308 THP 1.6 FLEX 2015 EM DIANTE<\/p>\n<p>HOGGAR 1.4 1.6 16V FLEX 2010 a 2014<\/p>\n<p>PARTNER 1.6 16 FLEX 2010 a 2018<\/p>\n<p>206 1.6I 16V GASOLINA 1999 a 2007<\/p>\n<p>307 1.6I GASOLINA 2001 a 2004<\/p>\n<p>307 SEDAN 1.6I 16V 2006 a 2012<\/p>\n<p>406 3.0I BLEAK 1999 a 2004<\/p>\n<p>4007 3.0 SW 2004 a 2006<\/p>\n<p>607 3.0I 2000 a 2004<\/p>\n<p>CITROEN<\/p>\n<p>C2 1.6 GASOLINA 2004 a 2009<\/p>\n<p>C3 1.6 16V 2005 EM DIANTE<\/p>\n<p>C5 3.0 GASOLINA 2001 a 2007<\/p>\n<p>C6 3.0 GASOLINA 2005 a 2009<\/p>\n<p>XSARA 1.6I 16V GASOLINA 2000 a 2003<\/p>\n<p>C\u00f3digo de Refer\u00eancia:<\/p>\n<p>0258006027 \/ 0258010363 \/ 0258006185 \/ 0258006028 \/ ES20406 \/ 9662925580 \/ ES20404 \/ 9662925580 \/ 0258986615 \/ 476ZQA1211100 \/ 1628KY \/ ES2023012B1 \/ DOX2021 \/ 3611018M11003 \/ 5BA018861 \/ 882640057 \/ OZA659EE10 \/ 9636876580 \/ A2C59513878Z<\/p>\n<p>Condi\u00e7\u00f5es:<br \/>\nProduto Novo Importado \/ Marca Torken<br \/>\nEspecifica\u00e7\u00f5es:<\/p>\n<p>4 cabos (2 brancos \/ 1 preto \/ 1 Cinza)<\/p>\n<p>1 sonda pr\u00e9: 0258006028<\/p>\n<p>1 sonda p\u00f3s: 0258006185<\/p>\n<p>Garantia:<br \/>\n3 Meses<\/p>\n<h3>ATEN\u00c7\u00c3O: Antes de efetuar a compra verifique o c\u00f3digo da sua pe\u00e7a que est\u00e1 instalado no seu ve\u00edculo.<\/h3>\n<p>A Casa da Inje\u00e7\u00e3o oferece total garantia nos produtos comprados em nosso site.<\/p>\n<h5>Cada item \u00e9 rigorosamente testado antes do envio<\/h5>\n<h5>Se os itens estiverem danificados ou parcialmente defeituosos, entre em contato conosco.<\/h5>\n<h5>Procure um profissional devidamente licenciado para a instala\u00e7\u00e3o e fa\u00e7a revis\u00f5es periodicamente. A empresa n\u00e3o se responsabiliza por problemas oriundos da m\u00e1 instala\u00e7\u00e3o ou com a falta de cuidados peri\u00f3dicos dos componentes.<\/h5>\n<h5>Se houver qualquer defeito, n\u00f3s lhe enviaremos uma substitui\u00e7\u00e3o ap\u00f3s receber o pacote ou devolvemos seu dinheiro.<\/h5>\n<h5>Leia nossa\u00a0<a href=\"https:\/\/www.casadainjecao.com.br\/loja\/politica-de-devolucao\">pol\u00edtica de devolu\u00e7\u00e3o aqui<\/a><\/h5>\n<h5>\u2014\u2014\u2014\u2014\u2014\u2014\u2014\u2014\u2014\u2014\u2014\u2014\u2014\u2014\u2014\u2014\u2014\u2014\u2014\u2013<\/h5>\n<h5><strong>Tem alguma d\u00favida?<\/strong><\/h5>\n<h5>Entre em contato que podemos ajudar!<\/h5>\n<h5>Confira as informa\u00e7\u00f5es adicionais abaixo:<\/h5>\n<h5>Todos os nossos produtos s\u00e3o novos, semi-novos, originais e paralelos possuem garantia.<\/h5>\n<h5>Todos os produtos anunciados est\u00e3o dispon\u00edveis em estoque e s\u00e3o enviados com extrema rapidez.<\/h5>\n<h5>O frete pode ser simulado antes de efetuar a compra, basta clicar em \u201cver custos de envio\u201d.<\/h5>\n<h5>Verifique o endere\u00e7o de entrega cadastrado e atualize caso necess\u00e1rio.<\/h5>\n<h5>Confirme se a pe\u00e7a \u00e9 correta para o seu modelo de ve\u00edculo.<\/h5>\n<h5>Para pe\u00e7as automotivas, recomendamos a instala\u00e7\u00e3o por um profissional especializado.<\/h5>\n<h5>Caso possua outras d\u00favidas, entre em contato.<\/h5>\n","protected":false},"excerpt":{"rendered":"<h2>Par de Sondas Lambda Pr\u00e9 e P\u00f3s Xsara 307 Partner 0258006185 \/ 0258006027<\/h2>\n","protected":false},"featured_media":44518,"template":"","meta":{"_seopress_robots_primary_cat":"none","_seopress_titles_title":"","_seopress_titles_desc":"","_seopress_robots_index":"","_joinchat":[]},"product_cat":[21,270],"product_tag":[784,787,1852,1757,1853,782,1679,1680,1854,1574,131],"berocket_brand":[382,393],"_links":{"self":[{"href":"https:\/\/www.casadainjecao.com.br\/loja\/wp-json\/wp\/v2\/product\/41144"}],"collection":[{"href":"https:\/\/www.casadainjecao.com.br\/loja\/wp-json\/wp\/v2\/product"}],"about":[{"href":"https:\/\/www.casadainjecao.com.br\/loja\/wp-json\/wp\/v2\/types\/product"}],"wp:featuredmedia":[{"embeddable":true,"href":"https:\/\/www.casadainjecao.com.br\/loja\/wp-json\/wp\/v2\/media\/44518"}],"wp:attachment":[{"href":"https:\/\/www.casadainjecao.com.br\/loja\/wp-json\/wp\/v2\/media?parent=41144"}],"wp:term":[{"taxonomy":"product_cat","embeddable":true,"href":"https:\/\/www.casadainjecao.com.br\/loja\/wp-json\/wp\/v2\/product_cat?post=41144"},{"taxonomy":"product_tag","embeddable":true,"href":"https:\/\/www.casadainjecao.com.br\/loja\/wp-json\/wp\/v2\/product_tag?post=41144"},{"taxonomy":"berocket_brand","embeddable":true,"href":"https:\/\/www.casadainjecao.com.br\/loja\/wp-json\/wp\/v2\/berocket_brand?post=41144"}],"curies":[{"name":"wp","href":"https:\/\/api.w.org\/{rel}","templated":true}]}}