{"id":41178,"date":"2025-09-07T19:26:28","date_gmt":"2025-09-07T22:26:28","guid":{"rendered":"https:\/\/www.casadainjecao.com.br\/loja\/?post_type=product&#038;p=41178"},"modified":"2026-04-29T23:24:01","modified_gmt":"2026-04-30T02:24:01","slug":"chicote-air-bag-volante-vw-gol-jetta-fox-golf-5z0971584","status":"publish","type":"product","link":"https:\/\/www.casadainjecao.com.br\/loja\/autopecas\/interior\/airbag\/chicote-air-bag-volante-vw-gol-jetta-fox-golf-5z0971584\/","title":{"rendered":"Chicote Airbag Bot\u00e3o Som Volante Golf Fox Polo Jetta &#8211"},"content":{"rendered":"<h2 data-start=\"153\" data-end=\"196\">Chicote Airbag Volante VW Original<\/h2>\n<p data-start=\"574\" data-end=\"633\"><strong data-start=\"582\" data-end=\"632\">Compat\u00edvel com os seguintes modelos Volkswagen<\/strong>:<\/p>\n<ul data-start=\"954\" data-end=\"1129\">\n<li data-start=\"794\" data-end=\"821\">\n<p data-start=\"796\" data-end=\"821\"><strong data-start=\"796\" data-end=\"807\">Amarok:<\/strong> 2015 a 2022<\/p>\n<\/li>\n<li data-start=\"822\" data-end=\"848\">\n<p data-start=\"824\" data-end=\"848\"><strong data-start=\"824\" data-end=\"834\">Jetta:<\/strong> 2014 a 2020<\/p>\n<\/li>\n<li data-start=\"849\" data-end=\"874\">\n<p data-start=\"851\" data-end=\"874\"><strong data-start=\"851\" data-end=\"860\">Polo:<\/strong> 2018 a 2022<\/p>\n<\/li>\n<li data-start=\"875\" data-end=\"906\">\n<p data-start=\"877\" data-end=\"906\"><strong data-start=\"877\" data-end=\"892\">Golf \/ GTI:<\/strong> 2016 a 2020<\/p>\n<\/li>\n<li data-start=\"907\" data-end=\"934\">\n<p data-start=\"909\" data-end=\"934\"><strong data-start=\"909\" data-end=\"920\">Tiguan:<\/strong> 2015 a 2020<\/p>\n<\/li>\n<li data-start=\"935\" data-end=\"962\">\n<p data-start=\"937\" data-end=\"962\"><strong data-start=\"937\" data-end=\"948\">Virtus:<\/strong> 2017 a 2022<\/p>\n<\/li>\n<li data-start=\"963\" data-end=\"990\">\n<p data-start=\"965\" data-end=\"990\"><strong data-start=\"965\" data-end=\"976\">Gol G7:<\/strong> 2015 a 2022<\/p>\n<\/li>\n<li data-start=\"991\" data-end=\"1015\">\n<p data-start=\"993\" data-end=\"1015\"><strong data-start=\"993\" data-end=\"1001\">Fox:<\/strong> 2015 a 2021<\/p>\n<\/li>\n<li data-start=\"1016\" data-end=\"1045\">\n<p data-start=\"1018\" data-end=\"1045\"><strong data-start=\"1018\" data-end=\"1031\">SpaceFox:<\/strong> 2015 a 2021<\/p>\n<\/li>\n<li data-start=\"1046\" data-end=\"1077\">\n<p data-start=\"1048\" data-end=\"1077\"><strong data-start=\"1048\" data-end=\"1063\">Saveiro G7:<\/strong> 2017 a 2021<\/p>\n<\/li>\n<li data-start=\"1078\" data-end=\"1108\">\n<p data-start=\"1080\" data-end=\"1108\"><strong data-start=\"1080\" data-end=\"1094\">Voyage G7:<\/strong> 2017 a 2021<\/p>\n<\/li>\n<li data-start=\"954\" data-end=\"995\">\n<h4 data-start=\"1140\" data-end=\"1178\"><strong data-start=\"1149\" data-end=\"1176\">Especifica\u00e7\u00f5es T\u00e9cnicas<\/strong><\/h4>\n<p data-start=\"956\" data-end=\"995\"><strong data-start=\"956\" data-end=\"965\">Tipo:<\/strong> Chicote de airbag (volante)<\/p>\n<p data-start=\"998\" data-end=\"1047\"><strong data-start=\"998\" data-end=\"1013\">Instala\u00e7\u00e3o:<\/strong> Lado do volante \/ parte interna<\/p>\n<ul data-start=\"1179\" data-end=\"1469\">\n<li data-start=\"1179\" data-end=\"1232\">\n<p data-start=\"1181\" data-end=\"1232\"><strong data-start=\"1181\" data-end=\"1193\">Produto:<\/strong> Chicote \/ Conector Airbag do Volante<\/p>\n<\/li>\n<li data-start=\"1233\" data-end=\"1262\">\n<p data-start=\"1235\" data-end=\"1262\"><strong data-start=\"1235\" data-end=\"1249\">C\u00f3digo:<\/strong> 2JU971584J, \u00a05Z0971584J<\/p>\n<\/li>\n<li data-start=\"1263\" data-end=\"1301\">\n<p data-start=\"1265\" data-end=\"1301\"><strong data-start=\"1265\" data-end=\"1288\">C\u00f3digo Alternativo:<\/strong> 4011146-AB<\/p>\n<\/li>\n<li data-start=\"1302\" data-end=\"1346\">\n<p data-start=\"1304\" data-end=\"1346\"><strong data-start=\"1304\" data-end=\"1314\">Marca:<\/strong> Volkswagen<\/p>\n<\/li>\n<li data-start=\"1347\" data-end=\"1382\">\n<p data-start=\"1349\" data-end=\"1382\"><strong data-start=\"1349\" data-end=\"1363\">Aplica\u00e7\u00e3o:<\/strong> Volante (Airbag)<\/p>\n<\/li>\n<li data-start=\"1383\" data-end=\"1413\">\n<p data-start=\"1385\" data-end=\"1413\"><strong data-start=\"1385\" data-end=\"1398\">Condi\u00e7\u00e3o:<\/strong> Produto novo<\/p>\n<\/li>\n<li data-start=\"1414\" data-end=\"1469\">\n<p data-start=\"1416\" data-end=\"1469\"><strong data-start=\"1416\" data-end=\"1429\">Garantia:<\/strong> 90 dias<\/p>\n<\/li>\n<li data-start=\"1414\" data-end=\"1469\">\n<h4 data-start=\"1476\" data-end=\"1505\"><strong data-start=\"1484\" data-end=\"1503\">Itens Inclusos:<\/strong><\/h4>\n<\/li>\n<li data-start=\"1414\" data-end=\"1469\">\n<h4 data-start=\"1476\" data-end=\"1505\">1 Chicote Interno do Volante para Airbag<\/h4>\n<\/li>\n<\/ul>\n<\/li>\n<\/ul>\n<h4 data-start=\"249\" data-end=\"283\"><strong data-start=\"257\" data-end=\"281\">Descri\u00e7\u00e3o do Produto<\/strong><\/h4>\n<p data-start=\"284\" data-end=\"502\">Chicote do Airbag do volante <strong data-start=\"313\" data-end=\"336\">original Volkswagen<\/strong>, compat\u00edvel com diversos modelos da marca.<br data-start=\"379\" data-end=\"382\" \/>Respons\u00e1vel por interligar o <strong data-start=\"411\" data-end=\"451\">m\u00f3dulo do airbag ao sistema el\u00e9trico<\/strong>, garantindo a ativa\u00e7\u00e3o correta em caso de colis\u00e3o<\/p>\n<p><strong data-start=\"1143\" data-end=\"1174\">ATEN\u00c7\u00c3O \u2013 ANTES DE COMPRAR:<\/strong><\/p>\n<p data-start=\"1177\" data-end=\"1361\">Verifique se o <strong data-start=\"1192\" data-end=\"1217\">c\u00f3digo da pe\u00e7a antiga<\/strong> \u00e9 o mesmo do an\u00fancio.<br data-start=\"1239\" data-end=\"1242\" \/>Se tiver d\u00favidas, envie o <strong data-start=\"1268\" data-end=\"1288\">n\u00famero do chassi<\/strong> do seu ve\u00edculo que ajudamos a confirmar a compatibilidade com<\/p>\n","protected":false},"excerpt":{"rendered":"<h2>Chicote Airbag Bot\u00e3o Som Volante Golf\u00a0 Fox\u00a0 Polo Jetta Gol G7 &#8211; 5z0971584<\/h2>\n","protected":false},"featured_media":41202,"template":"","meta":{"_seopress_robots_primary_cat":"none","_seopress_titles_title":"","_seopress_titles_desc":"","_seopress_robots_index":"","_joinchat":[]},"product_cat":[1303,133,17,24,2113],"product_tag":[76,59,848,75,60],"berocket_brand":[396],"_links":{"self":[{"href":"https:\/\/www.casadainjecao.com.br\/loja\/wp-json\/wp\/v2\/product\/41178"}],"collection":[{"href":"https:\/\/www.casadainjecao.com.br\/loja\/wp-json\/wp\/v2\/product"}],"about":[{"href":"https:\/\/www.casadainjecao.com.br\/loja\/wp-json\/wp\/v2\/types\/product"}],"wp:featuredmedia":[{"embeddable":true,"href":"https:\/\/www.casadainjecao.com.br\/loja\/wp-json\/wp\/v2\/media\/41202"}],"wp:attachment":[{"href":"https:\/\/www.casadainjecao.com.br\/loja\/wp-json\/wp\/v2\/media?parent=41178"}],"wp:term":[{"taxonomy":"product_cat","embeddable":true,"href":"https:\/\/www.casadainjecao.com.br\/loja\/wp-json\/wp\/v2\/product_cat?post=41178"},{"taxonomy":"product_tag","embeddable":true,"href":"https:\/\/www.casadainjecao.com.br\/loja\/wp-json\/wp\/v2\/product_tag?post=41178"},{"taxonomy":"berocket_brand","embeddable":true,"href":"https:\/\/www.casadainjecao.com.br\/loja\/wp-json\/wp\/v2\/berocket_brand?post=41178"}],"curies":[{"name":"wp","href":"https:\/\/api.w.org\/{rel}","templated":true}]}}