{"id":41183,"date":"2025-09-08T10:52:27","date_gmt":"2025-09-08T13:52:27","guid":{"rendered":"https:\/\/www.casadainjecao.com.br\/loja\/?post_type=product&#038;p=41183"},"modified":"2026-04-20T11:38:20","modified_gmt":"2026-04-20T14:38:20","slug":"kit-junta-e-valvula-termostatica-fiat-fire-1-0-1-4-8v-original-55193766","status":"publish","type":"product","link":"https:\/\/www.casadainjecao.com.br\/loja\/autopecas\/motor\/juntas-motor\/kit-junta-e-valvula-termostatica-fiat-fire-1-0-1-4-8v-original-55193766\/","title":{"rendered":"Kit Junta e V\u00e1lvula Termostatica Fiat Fire 1.0 1.4 Original"},"content":{"rendered":"<h1>Kit Junta e V\u00e1lvula Termost\u00e1tica<\/h1>\n<h3>Doblo &#8211; 1.4 8V FIRE &#8211; Flex \/ Anos: 2010 em diante<\/h3>\n<h3>Fiorino &#8211; 1.3 8V FIRE &#8211; Flex e Gas \/ Anos: 2003 at\u00e9 2013<\/h3>\n<h3>Idea &#8211; 1.4 8V FIRE &#8211; Flex \/ Anos: 2006 em diante<\/h3>\n<h3>Mille &#8211; 1.0 8V FIRE &#8211; Flex e Gas \/ Anos: 2002 at\u00e9 2013<\/h3>\n<h3>Palio &#8211; 1.0 \/ 1.3 \/ 1.4 8V FIRE &#8211; Flex \/ Anos: 2003 at\u00e9 2012<\/h3>\n<h3>Palio Weekend &#8211; 1.3 \/ 1.4 8V FIRE &#8211; Flex e Gas \/ Anos: 2003 at\u00e9 2008<\/h3>\n<h3>Punto &#8211; 1.4 8V FIRE &#8211; Flex \/ Anos: 2008 at\u00e9 2012<\/h3>\n<h3>Siena &#8211; 1.0 \/ 1.3 \/ 1.4 8V FIRE &#8211; Flex \/ Anos: 2003 em diante<\/h3>\n<h3>Strada &#8211; 1.3 \/ 1.4 \/ 8V FIRE &#8211; Flex e Gas \/ Anos: 2003 at\u00e9 2013<\/h3>\n<h3>C\u00f3digo de Refer\u00eancia:<\/h3>\n<div class=\"ui-pdp-collapsable ui-pdp-description-collapse\">\n<div class=\"ui-pdp-collapsable__container\">\n<div class=\"ui-pdp-description\">\n<h3 class=\"ui-pdp-description__content\">55193766, 46737644<\/h3>\n<\/div>\n<\/div>\n<\/div>\n<h5>Especifica\u00e7\u00f5es:<\/h5>\n<h5>1 V\u00e1lvula Termost\u00e1tica 1 Junta daV\u00e1lvula Temperatura de abertura: 87C<\/h5>\n<div class=\"ui-pdp-collapsable ui-pdp-description-collapse\">\n<div class=\"ui-pdp-collapsable__container\">\n<div class=\"ui-pdp-description\">\n<h5>Condi\u00e7\u00f5es:<\/h5>\n<h5>Produto Novo Original \/ Marca Fiat Mopar<\/h5>\n<h5><strong>Garantia:<\/strong><\/h5>\n<h5>3 Meses<\/h5>\n<h5>ATEN\u00c7\u00c3O: Antes de efetuar a compra verifique o c\u00f3digo da sua pe\u00e7a que est\u00e1 instalado no seu ve\u00edculo.<\/h5>\n<\/div>\n<\/div>\n<\/div>\n<div class=\"ui-pdp-collapsable ui-pdp-description-collapse\">\n<div class=\"ui-pdp-collapsable__container\">\n<div class=\"ui-pdp-description\">\n<h5>A Casa da Inje\u00e7\u00e3o oferece total garantia nos produtos comprados em nosso site.<\/h5>\n<ol>\n<li>\n<h5>Cada item \u00e9 rigorosamente testado antes do envio<\/h5>\n<\/li>\n<li>\n<h5>Se os itens estiverem danificados ou parcialmente defeituosos, entre em contato conosco.<\/h5>\n<\/li>\n<\/ol>\n<h5>Se houver qualquer defeito, n\u00f3s lhe enviaremos uma substitui\u00e7\u00e3o ap\u00f3s receber o pacote ou devolvemos seu dinheiro.<\/h5>\n<h5>Leia nossa\u00a0<span style=\"color: #ff0000;\"><a style=\"color: #ff0000;\" href=\"https:\/\/www.casadainjecao.com.br\/loja\/politica-de-devolucao\">pol\u00edtica de devolu\u00e7\u00e3o aqui<\/a><\/span><\/h5>\n<h5>\u2014\u2014\u2014\u2014\u2014\u2014\u2014\u2014\u2014\u2014\u2014\u2014\u2014\u2014\u2014\u2014\u2014\u2014\u2014\u2013<\/h5>\n<h5><strong>Tem alguma d\u00favida?<\/strong><\/h5>\n<h5>Entre em contato que podemos ajudar!<\/h5>\n<h5>Confira as informa\u00e7\u00f5es adicionais abaixo:<\/h5>\n<ul>\n<li>\n<h5>Todos os nossos produtos s\u00e3o novos, semi-novos, originais e paralelos possuem garantia.<\/h5>\n<\/li>\n<li>\n<h5>Todos os produtos anunciados est\u00e3o dispon\u00edveis em estoque e s\u00e3o enviados com extrema rapidez.<\/h5>\n<\/li>\n<li>\n<h5>O frete pode ser simulado antes de efetuar a compra, basta clicar em \u201cver custos de envio\u201d.<\/h5>\n<\/li>\n<li>\n<h5>Verifique o endere\u00e7o de entrega cadastrado e atualize caso necess\u00e1rio.<\/h5>\n<\/li>\n<li>\n<h5>Confirme se a pe\u00e7a \u00e9 correta para o seu modelo de ve\u00edculo.<\/h5>\n<\/li>\n<li>\n<h5>Para pe\u00e7as automotivas, recomendamos a instala\u00e7\u00e3o por um profissional especializado.<\/h5>\n<\/li>\n<\/ul>\n<h5>Caso possua outras d\u00favidas, entre em contato.<\/h5>\n<\/div>\n<\/div>\n<\/div>\n","protected":false},"excerpt":{"rendered":"<h2>Kit Junta e V\u00e1lvula Termostatica Fiat Fire 1.0 1.4 8v Original<\/h2>\n","protected":false},"featured_media":41187,"template":"","meta":{"_seopress_robots_primary_cat":"none","_seopress_titles_title":"","_seopress_titles_desc":"","_seopress_robots_index":"","_kad_blocks_custom_css":"","_kad_blocks_head_custom_js":"","_kad_blocks_body_custom_js":"","_kad_blocks_footer_custom_js":"","_joinchat":[]},"product_cat":[222,1104],"product_tag":[247,280,709,119,108,120,121,214],"berocket_brand":[383],"taxonomy_info":{"product_cat":[{"value":222,"label":"Juntas"},{"value":1104,"label":"Suspen\u00e7\u00e3o"}],"product_tag":[{"value":247,"label":"Doblo"},{"value":280,"label":"FIORINO"},{"value":709,"label":"Idea"},{"value":119,"label":"Palio"},{"value":108,"label":"Punto"},{"value":120,"label":"Siena"},{"value":121,"label":"Strada"},{"value":214,"label":"Uno"}],"berocket_brand":[{"value":383,"label":"Fiat"}]},"featured_image_src_large":["https:\/\/www.casadainjecao.com.br\/loja\/wp-content\/uploads\/2025\/09\/Kit-Junta-e-Valvula-Termostatica-Fiat-Fire-1.0-1.4-8v-Original-55193766-2-1.jpg",452,500,false],"author_info":[],"comment_info":"","_links":{"self":[{"href":"https:\/\/www.casadainjecao.com.br\/loja\/wp-json\/wp\/v2\/product\/41183"}],"collection":[{"href":"https:\/\/www.casadainjecao.com.br\/loja\/wp-json\/wp\/v2\/product"}],"about":[{"href":"https:\/\/www.casadainjecao.com.br\/loja\/wp-json\/wp\/v2\/types\/product"}],"wp:featuredmedia":[{"embeddable":true,"href":"https:\/\/www.casadainjecao.com.br\/loja\/wp-json\/wp\/v2\/media\/41187"}],"wp:attachment":[{"href":"https:\/\/www.casadainjecao.com.br\/loja\/wp-json\/wp\/v2\/media?parent=41183"}],"wp:term":[{"taxonomy":"product_cat","embeddable":true,"href":"https:\/\/www.casadainjecao.com.br\/loja\/wp-json\/wp\/v2\/product_cat?post=41183"},{"taxonomy":"product_tag","embeddable":true,"href":"https:\/\/www.casadainjecao.com.br\/loja\/wp-json\/wp\/v2\/product_tag?post=41183"},{"taxonomy":"berocket_brand","embeddable":true,"href":"https:\/\/www.casadainjecao.com.br\/loja\/wp-json\/wp\/v2\/berocket_brand?post=41183"}],"curies":[{"name":"wp","href":"https:\/\/api.w.org\/{rel}","templated":true}]}}