{"id":41249,"date":"2025-09-10T16:37:51","date_gmt":"2025-09-10T19:37:51","guid":{"rendered":"https:\/\/www.casadainjecao.com.br\/loja\/?post_type=product&#038;p=41249"},"modified":"2026-04-23T22:13:54","modified_gmt":"2026-04-24T01:13:54","slug":"kit-3-bicos-injetores-hyundai-hb20-creta-1-0-turbo-gdi-35310-04tf0-copia","status":"publish","type":"product","link":"https:\/\/www.casadainjecao.com.br\/loja\/autopecas\/injecao-eletronica\/bico-injetor\/kit-3-bicos-injetores-hyundai-hb20-creta-1-0-turbo-gdi-35310-04tf0-copia\/","title":{"rendered":"Kit 3 Bicos Injetores Hyundai HB20 Creta 1.0 Turbo GDI &#821"},"content":{"rendered":"<h2>Kit 3 Bicos Injetores Compat\u00edvel HB20 \/ HB20S \/ Creta 1.0 Turbo GDI<\/h2>\n<p>Aplica\u00e7\u00e3o:<\/p>\n<p>Creta 1.0 Turbo 3 cilindros \u2013 2020 2021 2022 2023 2024<\/p>\n<p>HB20 1.0 Turbo 3 cilindros \u2013 2020 2021 2022 2023 2024<\/p>\n<p>HB20S 1.0 Turbo 3 cilindros \u2013 2020 2021 2022 2023 2024<\/p>\n<p>C\u00f3digo de Refer\u00eancia:<\/p>\n<p>35310-04TF0<\/p>\n<p>9041080001<\/p>\n<p>3531004TF0<\/p>\n<p>Condi\u00e7\u00f5es:<\/p>\n<p>Produto novo<\/p>\n<p>Marca Token<\/p>\n<p>Cont\u00e9m 3 unidades (kit)<\/p>\n<p>Garantia:<\/p>\n<p>3 meses<\/p>\n<h3>ATEN\u00c7\u00c3O: Antes de efetuar a compra, verifique o c\u00f3digo da pe\u00e7a instalada em seu ve\u00edculo. Em caso de d\u00favida, consulte-nos informando o n\u00famero do chassi para confirma\u00e7\u00e3o de compatibilidade.<\/h3>\n<p>A Casa da Inje\u00e7\u00e3o oferece total garantia nos produtos comprados em nosso site.<\/p>\n<p>Cada item \u00e9 rigorosamente testado antes do envio<br \/>\nSe os itens estiverem danificados ou parcialmente defeituosos, entre em contato conosco.<br \/>\nSe houver qualquer defeito, n\u00f3s lhe enviaremos uma substitui\u00e7\u00e3o ap\u00f3s receber o pacote ou devolvemos seu dinheiro.<\/p>\n<p>Leia nossa pol\u00edtica de devolu\u00e7\u00e3o aqui<\/p>\n<p>\u2014\u2014\u2014\u2014\u2014\u2014\u2014\u2014\u2014\u2014\u2014\u2014\u2014\u2014\u2014\u2014\u2014\u2014\u2014\u2013<\/p>\n<p>Tem alguma d\u00favida?<\/p>\n<p>Entre em contato que podemos ajudar!<\/p>\n<p>Confira as informa\u00e7\u00f5es adicionais abaixo:<\/p>\n<p>Todos os nossos produtos s\u00e3o novos, semi-novos, originais e paralelos possuem garantia.<br \/>\nTodos os produtos anunciados est\u00e3o dispon\u00edveis em estoque e s\u00e3o enviados com extrema rapidez.<br \/>\nO frete pode ser simulado antes de efetuar a compra, basta clicar em \u201cver custos de envio\u201d.<br \/>\nVerifique o endere\u00e7o de entrega cadastrado e atualize caso necess\u00e1rio.<br \/>\nConfirme se a pe\u00e7a \u00e9 correta para o seu modelo de ve\u00edculo.<br \/>\nPara pe\u00e7as automotivas, recomendamos a instala\u00e7\u00e3o por um profissional especializado.<br \/>\nCaso possua outras d\u00favidas, entre em contato<\/p>\n<p>&nbsp;<\/p>\n","protected":false},"excerpt":{"rendered":"<h2>Kit 3 Bicos Injetores Hyundai HB20 Creta 1.0 Turbo GDI &#8211; 35310-04TF0<\/h2>\n<h2><\/h2>\n<p>&nbsp;<\/p>\n","protected":false},"featured_media":41232,"template":"","meta":{"_seopress_robots_primary_cat":"none","_seopress_titles_title":"","_seopress_titles_desc":"","_seopress_robots_index":"","_kad_blocks_custom_css":"","_kad_blocks_head_custom_js":"","_kad_blocks_body_custom_js":"","_kad_blocks_footer_custom_js":"","_joinchat":[]},"product_cat":[256,21],"product_tag":[794,316],"berocket_brand":[386],"taxonomy_info":{"product_cat":[{"value":256,"label":"Bico Injetor"},{"value":21,"label":"Inje\u00e7\u00e3o Eletr\u00f4nica"}],"product_tag":[{"value":794,"label":"Creta"},{"value":316,"label":"Hb20"}],"berocket_brand":[{"value":386,"label":"Hyundai"}]},"featured_image_src_large":["https:\/\/www.casadainjecao.com.br\/loja\/wp-content\/uploads\/2022\/10\/35310-04tf0-2.jpg",500,500,false],"author_info":[],"comment_info":"","_links":{"self":[{"href":"https:\/\/www.casadainjecao.com.br\/loja\/wp-json\/wp\/v2\/product\/41249"}],"collection":[{"href":"https:\/\/www.casadainjecao.com.br\/loja\/wp-json\/wp\/v2\/product"}],"about":[{"href":"https:\/\/www.casadainjecao.com.br\/loja\/wp-json\/wp\/v2\/types\/product"}],"wp:featuredmedia":[{"embeddable":true,"href":"https:\/\/www.casadainjecao.com.br\/loja\/wp-json\/wp\/v2\/media\/41232"}],"wp:attachment":[{"href":"https:\/\/www.casadainjecao.com.br\/loja\/wp-json\/wp\/v2\/media?parent=41249"}],"wp:term":[{"taxonomy":"product_cat","embeddable":true,"href":"https:\/\/www.casadainjecao.com.br\/loja\/wp-json\/wp\/v2\/product_cat?post=41249"},{"taxonomy":"product_tag","embeddable":true,"href":"https:\/\/www.casadainjecao.com.br\/loja\/wp-json\/wp\/v2\/product_tag?post=41249"},{"taxonomy":"berocket_brand","embeddable":true,"href":"https:\/\/www.casadainjecao.com.br\/loja\/wp-json\/wp\/v2\/berocket_brand?post=41249"}],"curies":[{"name":"wp","href":"https:\/\/api.w.org\/{rel}","templated":true}]}}