{"id":41343,"date":"2025-09-22T16:53:27","date_gmt":"2025-09-22T19:53:27","guid":{"rendered":"https:\/\/www.casadainjecao.com.br\/loja\/autopecas\/sem%20categoria\/sensor-temperatura-fluxo-ar-renault-megane-8200833248\/"},"modified":"2025-09-22T17:07:42","modified_gmt":"2025-09-22T20:07:42","slug":"sensor-temperatura-fluxo-ar-renault-megane-8200833248","status":"publish","type":"product","link":"https:\/\/www.casadainjecao.com.br\/loja\/autopecas\/motor\/sensor-temperatura\/sensor-temperatura-fluxo-ar-renault-megane-8200833248\/","title":{"rendered":"Sensor Temperatura Fluxo Ar Renault Megane  8200833248"},"content":{"rendered":"<h2 data-start=\"191\" data-end=\"246\">SENSOR DE TEMPERATURA DO AR DA ADMISS\u00c3O \u2013 NOVO<\/h2>\n<h3 data-start=\"247\" data-end=\"291\">Compat\u00edvel com Renault, Nissan e Peugeot<\/h3>\n<h3 data-start=\"298\" data-end=\"319\"><strong data-start=\"304\" data-end=\"318\">Aplica\u00e7\u00f5es<\/strong>:<\/h3>\n<p data-start=\"321\" data-end=\"338\"><strong data-start=\"321\" data-end=\"336\">RENAULT:<\/strong><\/p>\n<ul data-start=\"339\" data-end=\"542\">\n<li data-start=\"339\" data-end=\"378\">\n<p data-start=\"341\" data-end=\"378\"><strong>Captur 2.0 16V F4R \u2013 2016 em diante<\/strong><\/p>\n<\/li>\n<li data-start=\"379\" data-end=\"418\">\n<p data-start=\"381\" data-end=\"418\"><strong>Duster 2.0 16V F4R \u2013 2011 em diante<\/strong><\/p>\n<\/li>\n<li data-start=\"419\" data-end=\"459\">\n<p data-start=\"421\" data-end=\"459\"><strong>Fluence 2.0 16V M4R \u2013 2011 em diante<\/strong><\/p>\n<\/li>\n<li data-start=\"460\" data-end=\"498\">\n<p data-start=\"462\" data-end=\"498\"><strong>Oroch 2.0 16V F4R \u2013 2015 em diante<\/strong><\/p>\n<\/li>\n<li data-start=\"499\" data-end=\"542\">\n<p data-start=\"501\" data-end=\"542\"><strong>Sandero II 2.0 16V F4R \u2013 2016 em diante<\/strong><\/p>\n<\/li>\n<\/ul>\n<p data-start=\"544\" data-end=\"560\"><strong data-start=\"544\" data-end=\"558\">\u00a0NISSAN:<\/strong><\/p>\n<ul data-start=\"561\" data-end=\"660\">\n<li data-start=\"561\" data-end=\"593\">\n<p data-start=\"563\" data-end=\"593\"><strong>Livina 1.6 16V \u2013 2010 a 2014<\/strong><\/p>\n<\/li>\n<li data-start=\"594\" data-end=\"628\">\n<p data-start=\"596\" data-end=\"628\"><strong>March 1.0 16V \u2013 2012 em diante<\/strong><\/p>\n<\/li>\n<li data-start=\"629\" data-end=\"660\">\n<p data-start=\"631\" data-end=\"660\"><strong>Versa 1.6 16V \u2013 2012 a 2020<\/strong><\/p>\n<\/li>\n<\/ul>\n<p data-start=\"662\" data-end=\"679\"><strong data-start=\"662\" data-end=\"677\">\u00a0PEUGEOT:<\/strong><\/p>\n<ul data-start=\"680\" data-end=\"695\">\n<li data-start=\"680\" data-end=\"695\">\n<p data-start=\"682\" data-end=\"695\"><strong>206 1.0 16V<\/strong><\/p>\n<\/li>\n<\/ul>\n<h3 data-start=\"702\" data-end=\"727\"><strong data-start=\"709\" data-end=\"727\">Ficha T\u00e9cnica:<\/strong><\/h3>\n<ul data-start=\"728\" data-end=\"871\">\n<li data-start=\"728\" data-end=\"749\">\n<p data-start=\"730\" data-end=\"749\"><strong data-start=\"730\" data-end=\"740\">Marca:<\/strong> Torken<\/p>\n<\/li>\n<li data-start=\"750\" data-end=\"775\">\n<p data-start=\"752\" data-end=\"775\"><strong data-start=\"752\" data-end=\"765\">Conector:<\/strong> 2 pinos<\/p>\n<\/li>\n<li data-start=\"776\" data-end=\"809\">\n<p data-start=\"778\" data-end=\"809\"><strong data-start=\"778\" data-end=\"801\">G\u00eanero do conector:<\/strong> Macho<\/p>\n<\/li>\n<li data-start=\"810\" data-end=\"843\">\n<p data-start=\"812\" data-end=\"843\"><strong data-start=\"812\" data-end=\"835\">G\u00eanero do terminal:<\/strong> Macho<\/p>\n<\/li>\n<li data-start=\"844\" data-end=\"871\">\n<p data-start=\"846\" data-end=\"871\"><strong data-start=\"846\" data-end=\"859\">Condi\u00e7\u00e3o:<\/strong> Pe\u00e7a Nova<\/p>\n<\/li>\n<\/ul>\n<h3 data-start=\"878\" data-end=\"917\"><strong data-start=\"885\" data-end=\"915\">C\u00f3digos compat\u00edveis (OEM):<\/strong><\/h3>\n<p data-start=\"918\" data-end=\"1073\"><strong>8200833248, 7700101451, H77104077, 101451D,<\/strong><br data-start=\"961\" data-end=\"964\" \/><strong>7701055723, H104077, 19201J,<\/strong><br data-start=\"992\" data-end=\"995\" \/><strong>7701042145, 94633276, 96273896,<\/strong><br data-start=\"1026\" data-end=\"1029\" \/><strong>2263000QAA, 2263000QAC, 22630BN701, 719028<\/strong><\/p>\n<h3 data-start=\"1080\" data-end=\"1101\"><strong data-start=\"1087\" data-end=\"1099\">ATEN\u00c7\u00c3O:<\/strong><\/h3>\n<p data-start=\"1102\" data-end=\"1267\"><strong>Antes de efetuar a compra, verifique o c\u00f3digo da pe\u00e7a instalada no seu ve\u00edculo.<\/strong><br data-start=\"1185\" data-end=\"1188\" \/><strong>A compatibilidade depende do c\u00f3digo OEM e da aplica\u00e7\u00e3o correta informada acima.<\/strong><\/p>\n<h3><\/h3>\n<h5><strong>A Casa da Inje\u00e7\u00e3o oferece total garantia nos produtos comprados em nosso site.<\/strong><\/h5>\n<h5><strong>Cada item \u00e9 rigorosamente testado antes do envio<\/strong><\/h5>\n<h5><strong>Se os itens estiverem danificados ou parcialmente defeituosos, entre em contato conosco.<\/strong><\/h5>\n<h5><strong>Procure um profissional devidamente licenciado para a instala\u00e7\u00e3o e fa\u00e7a revis\u00f5es periodicamente. A empresa n\u00e3o se responsabiliza por problemas oriundos da m\u00e1 instala\u00e7\u00e3o ou com a falta de cuidados peri\u00f3dicos dos componentes.<\/strong><\/h5>\n<h5><strong>Se houver qualquer defeito, n\u00f3s lhe enviaremos uma substitui\u00e7\u00e3o ap\u00f3s receber o pacote ou devolvemos seu dinheiro.<\/strong><\/h5>\n<h5><strong>Leia nossa\u00a0<\/strong><a href=\"https:\/\/www.casadainjecao.com.br\/loja\/politica-de-devolucao\">pol\u00edtica de devolu\u00e7\u00e3o aqui<\/a><\/h5>\n<h5><strong>\u2014\u2014\u2014\u2014\u2014\u2014\u2014\u2014\u2014\u2014\u2014\u2014\u2014\u2014\u2014\u2014\u2014\u2014\u2014\u2013<\/strong><\/h5>\n<h5><strong>Tem alguma d\u00favida?<\/strong><\/h5>\n<h5><strong>Entre em contato que podemos ajudar!<\/strong><\/h5>\n<h5><strong>Confira as informa\u00e7\u00f5es adicionais abaixo:<\/strong><\/h5>\n<h5><strong>Todos os nossos produtos s\u00e3o novos, semi-novos, originais e paralelos possuem garantia.<\/strong><\/h5>\n<h5><strong>Todos os produtos anunciados est\u00e3o dispon\u00edveis em estoque e s\u00e3o enviados com extrema rapidez.<\/strong><\/h5>\n<h5><strong>O frete pode ser simulado antes de efetuar a compra, basta clicar em \u201cver custos de envio\u201d.<\/strong><\/h5>\n<h5><strong>Verifique o endere\u00e7o de entrega cadastrado e atualize caso necess\u00e1rio.<\/strong><\/h5>\n<h5><strong>Confirme se a pe\u00e7a \u00e9 correta para o seu modelo de ve\u00edculo.<\/strong><\/h5>\n<h5><strong>Para pe\u00e7as automotivas, recomendamos a instala\u00e7\u00e3o por um profissional especializado.<\/strong><\/h5>\n<h5><strong>Caso possua outras d\u00favidas, entre em contato.<\/strong><\/h5>\n","protected":false},"excerpt":{"rendered":"<h2><strong><span style=\"color: #666666; font-family: Proxima Nova, -apple-system, Roboto, Arial, sans-serif;\"><span style=\"font-size: 20px;\">Sensor Temperatura Fluxo Ar Renault Megane Scenic &#8211; 8200833248<\/span><\/span><\/strong><\/h2>\n","protected":false},"featured_media":41342,"template":"","meta":{"_seopress_robots_primary_cat":"none","_seopress_titles_title":"","_seopress_titles_desc":"","_seopress_robots_index":"","_kad_blocks_custom_css":"","_kad_blocks_head_custom_js":"","_kad_blocks_body_custom_js":"","_kad_blocks_footer_custom_js":"","_joinchat":[]},"product_cat":[22,2217],"product_tag":[173,52,139,1190,132,91,716],"berocket_brand":[392,393,394],"taxonomy_info":{"product_cat":[{"value":22,"label":"Motor"},{"value":2217,"label":"Sensor Temperatura"}],"product_tag":[{"value":173,"label":"Captur"},{"value":52,"label":"Duster"},{"value":139,"label":"Fluence"},{"value":1190,"label":"March"},{"value":132,"label":"Peugeot 206"},{"value":91,"label":"Sandero"},{"value":716,"label":"Versa"}],"berocket_brand":[{"value":392,"label":"Nissan"},{"value":393,"label":"Peugeot"},{"value":394,"label":"Renault"}]},"featured_image_src_large":["https:\/\/www.casadainjecao.com.br\/loja\/wp-content\/uploads\/2025\/09\/15308132541-sensor-temperatura-fluxo-ar-renault-megane-scenic-8200833248-920x920.jpg",640,640,true],"author_info":[],"comment_info":"","_links":{"self":[{"href":"https:\/\/www.casadainjecao.com.br\/loja\/wp-json\/wp\/v2\/product\/41343"}],"collection":[{"href":"https:\/\/www.casadainjecao.com.br\/loja\/wp-json\/wp\/v2\/product"}],"about":[{"href":"https:\/\/www.casadainjecao.com.br\/loja\/wp-json\/wp\/v2\/types\/product"}],"wp:featuredmedia":[{"embeddable":true,"href":"https:\/\/www.casadainjecao.com.br\/loja\/wp-json\/wp\/v2\/media\/41342"}],"wp:attachment":[{"href":"https:\/\/www.casadainjecao.com.br\/loja\/wp-json\/wp\/v2\/media?parent=41343"}],"wp:term":[{"taxonomy":"product_cat","embeddable":true,"href":"https:\/\/www.casadainjecao.com.br\/loja\/wp-json\/wp\/v2\/product_cat?post=41343"},{"taxonomy":"product_tag","embeddable":true,"href":"https:\/\/www.casadainjecao.com.br\/loja\/wp-json\/wp\/v2\/product_tag?post=41343"},{"taxonomy":"berocket_brand","embeddable":true,"href":"https:\/\/www.casadainjecao.com.br\/loja\/wp-json\/wp\/v2\/berocket_brand?post=41343"}],"curies":[{"name":"wp","href":"https:\/\/api.w.org\/{rel}","templated":true}]}}