{"id":41382,"date":"2025-09-30T12:06:28","date_gmt":"2025-09-30T15:06:28","guid":{"rendered":"https:\/\/www.casadainjecao.com.br\/loja\/?post_type=product&#038;p=41382"},"modified":"2026-02-26T16:41:05","modified_gmt":"2026-02-26T19:41:05","slug":"bico-injetor-renault-clio-1-0-16v-0280156231","status":"publish","type":"product","link":"https:\/\/www.casadainjecao.com.br\/loja\/autopecas\/injecao-eletronica\/bico-injetor\/bico-injetor-renault-clio-1-0-16v-0280156231\/","title":{"rendered":"Bico Injetor Renault Clio 1.0 16v &#8211; 0280156231"},"content":{"rendered":"<h1>Bico Injetor Valvula Inje\u00e7\u00e3o<\/h1>\n<h3>Renault\u00a0Clio\u00a01.0 16v\u00a02003 a 2015<\/h3>\n<h3>C\u00f3digo de Refer\u00eancia:<\/h3>\n<h3>0280156231<\/h3>\n<h5>Condi\u00e7\u00f5es:<\/h5>\n<h5>Produto Novo Importado \/ Marca Torken<\/h5>\n<h5>ATEN\u00c7\u00c3O: Antes de efetuar a compra verifique o c\u00f3digo da pe\u00e7a que est\u00e1 instalada no seu ve\u00edculo.<\/h5>\n<h5>O que \u00e9 e para que serve o Bico Injetor?<\/h5>\n<h5>O Bico Injetor \u00e9 componente do sistema de inje\u00e7\u00e3o de combust\u00edvel de um ve\u00edculo. Tem fun\u00e7\u00e3o crucial de pulverizar combust\u00edvel diretamente no coletor de admiss\u00e3o ou na c\u00e2mara de combust\u00e3o do motor. Isso ocorre em pequenas rajadas controladas eletronicamente, e a precis\u00e3o desse processo \u00e9 fundamental para o desempenho eficiente e limpo do motor.<\/h5>\n<h5>A Casa da Inje\u00e7\u00e3o oferece total garantia nos produtos comprados em nosso site.<\/h5>\n<h5>Cada item \u00e9 rigorosamente testado antes do envio<\/h5>\n<h5>Se os itens estiverem danificados ou parcialmente defeituosos, entre em contato conosco.<\/h5>\n<h5>Procure um profissional devidamente licenciado para a instala\u00e7\u00e3o e fa\u00e7a revis\u00f5es periodicamente. A empresa n\u00e3o se responsabiliza por problemas oriundos da m\u00e1 instala\u00e7\u00e3o ou com a falta de cuidados peri\u00f3dicos dos componentes.<\/h5>\n<h5>Se houver qualquer defeito, n\u00f3s lhe enviaremos uma substitui\u00e7\u00e3o ap\u00f3s receber o pacote ou devolvemos seu dinheiro.<\/h5>\n<h5>Leia nossa\u00a0<a href=\"https:\/\/www.casadainjecao.com.br\/loja\/politica-de-devolucao\">pol\u00edtica de devolu\u00e7\u00e3o aqui<\/a><\/h5>\n<h5>\u2014\u2014\u2014\u2014\u2014\u2014\u2014\u2014\u2014\u2014\u2014\u2014\u2014\u2014\u2014\u2014\u2014\u2014\u2014\u2013<\/h5>\n<h5><strong>Tem alguma d\u00favida?<\/strong><\/h5>\n<h5>Entre em contato que podemos ajudar!<\/h5>\n<h5>Confira as informa\u00e7\u00f5es adicionais abaixo:<\/h5>\n<h5>Todos os nossos produtos s\u00e3o novos, semi-novos, originais e paralelos possuem garantia.<\/h5>\n<h5>Todos os produtos anunciados est\u00e3o dispon\u00edveis em estoque e s\u00e3o enviados com extrema rapidez.<\/h5>\n<h5>O frete pode ser simulado antes de efetuar a compra, basta clicar em \u201cver custos de envio\u201d.<\/h5>\n<h5>Verifique o endere\u00e7o de entrega cadastrado e atualize caso necess\u00e1rio.<\/h5>\n<h5>Confirme se a pe\u00e7a \u00e9 correta para o seu modelo de ve\u00edculo.<\/h5>\n<h5>Para pe\u00e7as automotivas, recomendamos a instala\u00e7\u00e3o por um profissional especializado.<\/h5>\n<h5>Caso possua outras d\u00favidas, entre em contato.<\/h5>\n","protected":false},"excerpt":{"rendered":"<h2>Bico Injetor Renault Clio 1.0 16v &#8211; 0280156231<\/h2>\n","protected":false},"featured_media":41385,"template":"","meta":{"_seopress_robots_primary_cat":"","_seopress_titles_title":"","_seopress_titles_desc":"","_seopress_robots_index":"","_joinchat":[]},"product_cat":[256,21],"product_tag":[49],"berocket_brand":[394],"_links":{"self":[{"href":"https:\/\/www.casadainjecao.com.br\/loja\/wp-json\/wp\/v2\/product\/41382"}],"collection":[{"href":"https:\/\/www.casadainjecao.com.br\/loja\/wp-json\/wp\/v2\/product"}],"about":[{"href":"https:\/\/www.casadainjecao.com.br\/loja\/wp-json\/wp\/v2\/types\/product"}],"wp:featuredmedia":[{"embeddable":true,"href":"https:\/\/www.casadainjecao.com.br\/loja\/wp-json\/wp\/v2\/media\/41385"}],"wp:attachment":[{"href":"https:\/\/www.casadainjecao.com.br\/loja\/wp-json\/wp\/v2\/media?parent=41382"}],"wp:term":[{"taxonomy":"product_cat","embeddable":true,"href":"https:\/\/www.casadainjecao.com.br\/loja\/wp-json\/wp\/v2\/product_cat?post=41382"},{"taxonomy":"product_tag","embeddable":true,"href":"https:\/\/www.casadainjecao.com.br\/loja\/wp-json\/wp\/v2\/product_tag?post=41382"},{"taxonomy":"berocket_brand","embeddable":true,"href":"https:\/\/www.casadainjecao.com.br\/loja\/wp-json\/wp\/v2\/berocket_brand?post=41382"}],"curies":[{"name":"wp","href":"https:\/\/api.w.org\/{rel}","templated":true}]}}