{"id":41422,"date":"2025-10-03T11:28:15","date_gmt":"2025-10-03T14:28:15","guid":{"rendered":"https:\/\/www.casadainjecao.com.br\/loja\/?post_type=product&#038;p=41422"},"modified":"2026-01-16T12:42:55","modified_gmt":"2026-01-16T15:42:55","slug":"bico-injetor-fiat-toro-1-3-4cc-turbo-t270-jeep-renagade-original-46338078","status":"publish","type":"product","link":"https:\/\/www.casadainjecao.com.br\/loja\/autopecas\/injecao-eletronica\/bico-injetor\/bico-injetor-fiat-toro-1-3-4cc-turbo-t270-jeep-renagade-original-46338078\/","title":{"rendered":"Bico Injetor Fiat Toro 1.3 4cc Turbo T270 Jeep Renagade Orig"},"content":{"rendered":"<h1 class=\"ui-pdp-title\">Bico Injetor de Combustivel Original<\/h1>\n<h3 class=\"ui-pdp-title\">Fiat Toro 1.3 4cc Turbo T270<\/h3>\n<h3>Jeep Renagade Turbo 1.3<\/h3>\n<h3>Jeep Compass Turbo 1.3<\/h3>\n<h3>Jeep Commander Turbo 1.3<\/h3>\n<h3 class=\"ui-pdp-title\">C\u00f3digo de Refer\u00eancia:<\/h3>\n<h3 class=\"ui-pdp-title\">46338078, 46353272, 46345049, 46338077, 46355952<\/h3>\n<h5>Armazenamento C=<\/h5>\n<h5>Condi\u00e7\u00f5es:<\/h5>\n<h5>Produto Novo Original \/ Marca Mopar<\/h5>\n<h5>Garantia:<\/h5>\n<h5>3 Meses<\/h5>\n<h5>ATEN\u00c7\u00c3O: Antes de efetuar a compra verifique o c\u00f3digo da sua pe\u00e7a que est\u00e1 instalado no seu ve\u00edculo.<\/h5>\n<h5>A Casa da Inje\u00e7\u00e3o SP oferece total garantia nos produtos comprados em nosso site.<\/h5>\n<h5>Cada item \u00e9 rigorosamente inspecionado \u00a0antes do envio<\/h5>\n<h5>Se os itens estiverem danificados ou parcialmente defeituosos, entre em contato conosco.<\/h5>\n<h5>Procure um profissional devidamente licenciado para a instala\u00e7\u00e3o e fa\u00e7a revis\u00f5es periodicamente. A empresa n\u00e3o se responsabiliza por problemas oriundos da m\u00e1 instala\u00e7\u00e3o ou com a falta de cuidados peri\u00f3dicos dos componentes.<\/h5>\n<h5>Se houver qualquer defeito, ficamos a disposi\u00e7\u00e3o para a substitui\u00e7\u00e3o ou devolvemos seu dinheiro.<\/h5>\n<h5>Tem alguma d\u00favida?<\/h5>\n<h5>Entre em contato que podemos ajudar!<\/h5>\n<h5>Confira as informa\u00e7\u00f5es adicionais abaixo:<\/h5>\n<h5>Todos os produtos anunciados est\u00e3o dispon\u00edveis em estoque e s\u00e3o enviados com extrema rapidez .<\/h5>\n<h5>O frete pode ser simulado antes de efetuar a compra, basta clicar em \u201cver custos de envio\u201d.<\/h5>\n<h5>Verifique o endere\u00e7o de entrega cadastrado e atualize caso necess\u00e1rio.<\/h5>\n<h5>Confirme se a pe\u00e7a \u00e9 correta para o seu modelo de ve\u00edculo.<\/h5>\n<h5>Para pe\u00e7as automotivas, recomendamos a instala\u00e7\u00e3o por um profissional especializado.<\/h5>\n<h5>Caso possua outras d\u00favidas, entre em contato.<\/h5>\n","protected":false},"excerpt":{"rendered":"<h2 class=\"ui-pdp-title\">Bico Injetor Toro 1.3 4cc Turbo T270 Jeep Renegade &#8211; 46338078<\/h2>\n","protected":false},"featured_media":41427,"template":"","meta":{"_seopress_robots_primary_cat":"none","_seopress_titles_title":"","_seopress_titles_desc":"","_seopress_robots_index":"","_joinchat":[]},"product_cat":[256,21],"product_tag":[1917,1993,2355,1041],"berocket_brand":[383,387],"_links":{"self":[{"href":"https:\/\/www.casadainjecao.com.br\/loja\/wp-json\/wp\/v2\/product\/41422"}],"collection":[{"href":"https:\/\/www.casadainjecao.com.br\/loja\/wp-json\/wp\/v2\/product"}],"about":[{"href":"https:\/\/www.casadainjecao.com.br\/loja\/wp-json\/wp\/v2\/types\/product"}],"wp:featuredmedia":[{"embeddable":true,"href":"https:\/\/www.casadainjecao.com.br\/loja\/wp-json\/wp\/v2\/media\/41427"}],"wp:attachment":[{"href":"https:\/\/www.casadainjecao.com.br\/loja\/wp-json\/wp\/v2\/media?parent=41422"}],"wp:term":[{"taxonomy":"product_cat","embeddable":true,"href":"https:\/\/www.casadainjecao.com.br\/loja\/wp-json\/wp\/v2\/product_cat?post=41422"},{"taxonomy":"product_tag","embeddable":true,"href":"https:\/\/www.casadainjecao.com.br\/loja\/wp-json\/wp\/v2\/product_tag?post=41422"},{"taxonomy":"berocket_brand","embeddable":true,"href":"https:\/\/www.casadainjecao.com.br\/loja\/wp-json\/wp\/v2\/berocket_brand?post=41422"}],"curies":[{"name":"wp","href":"https:\/\/api.w.org\/{rel}","templated":true}]}}