{"id":41536,"date":"2025-10-22T08:45:48","date_gmt":"2025-10-22T11:45:48","guid":{"rendered":"https:\/\/www.casadainjecao.com.br\/loja\/?post_type=product&#038;p=41536"},"modified":"2025-10-22T09:36:37","modified_gmt":"2025-10-22T12:36:37","slug":"sensor-detonacao-volkswagen-gol-parati-polo-0261231110","status":"publish","type":"product","link":"https:\/\/www.casadainjecao.com.br\/loja\/autopecas\/injecao-eletronica\/sensor-detonacao\/sensor-detonacao-volkswagen-gol-parati-polo-0261231110\/","title":{"rendered":"Sensor Detonacao Volkswagen Gol Parati Polo &#8211; 02612311"},"content":{"rendered":"<h2>SENSOR DE DETONA\u00c7\u00c3O<\/h2>\n<h3>Volkswagen<br \/>\nGol G2 1.6 4Cil 8v Etanol 96 &gt; 02<br \/>\nGol G2 1.6 4Cil 8v Gasolina 96 &gt; 02<br \/>\nGol G2 1.8 4Cil 8v Gasolina 96 &gt; 02<br \/>\nGol G2 2.0 4Cil 16v Gasolina 96 &gt; 02<br \/>\nGol G2 2.0 4Cil 8v Gasolina 96 &gt; 02<br \/>\nGol G3 1.6 4Cil 8v Gasolina 99 &gt; 03<br \/>\nParati G2 1.6 4Cil 8v Etanol 96 &gt; 02<br \/>\nParati G2 1.6 4Cil 8v Gasolina 96 &gt; 02<br \/>\nParati G2 1.8 4Cil 8v Gasolina 96 &gt; 02<br \/>\nParati G2 2.0 4Cil 16v Gasolina 96 &gt; 02<br \/>\nParati G2 2.0 4Cil 8v Gasolina 96 &gt; 02<br \/>\nParati G3 1.6 4Cil 8v Gasolina 02 &gt; 03<br \/>\nPolo 1.0 4Cil 16v Gasolina 01 &gt; 03<br \/>\nPolo 1.6 4Cil 8v Gasolina 96 &gt;<br \/>\nPolo 1.8 4Cil 8v Gasolina 96 &gt;<br \/>\nQuantum 1.8 4Cil 8v Gasolina 96 &gt; 01<br \/>\nQuantum 2.0 4Cil 8v Gasolina 96 &gt; 01<br \/>\nSaveiro G2 1.6 4Cil 8v Etanol 97 &gt; 02<br \/>\nSaveiro G2 1.6 4Cil 8v Gasolina 97 &gt; 02<br \/>\nSaveiro G2 1.8 4Cil 8v Gasolina 97 &gt; 02<br \/>\nSaveiro G3 1.6 4Cil 8v Gasolina 02 &gt; 03<\/h3>\n<h3>Chevrolet<br \/>\nCalibra 2.0 4Cil 16v Gasolina 90 &gt; 97<br \/>\nCalibra 2.0 4Cil 16v Gasolina 90 &gt; 97 Turbo<br \/>\nOmega 2.0 4Cil 8v Etanol 94 &gt; 98<br \/>\nVectra 2.0 4Cil 16v Gasolina 93 &gt; 96<br \/>\nVectra 2.0 4Cil 8v Gasolina 93 &gt; 96<\/h3>\n<h3>Ford<br \/>\nEscort 1.6 4Cil 8v Gasolina 86 &gt; 90<\/h3>\n<h3>C\u00f3digos:<br \/>\nALFA ROMEO:195050501701<br \/>\nBosch:0261231001<br \/>\nBosch:0261231110<br \/>\nBosch:0261231111<br \/>\nBosch:0261231128<br \/>\nBosch:0261231006<br \/>\nCITRO\u00cbN:96384235<br \/>\nCITRO\u00cbN:594628<br \/>\nCITRO\u00cbN:96275932<br \/>\nCITRO\u00cbN:91514880<br \/>\nCITRO\u00cbN:594603<br \/>\nE-Klass:ESD3006<br \/>\nFIAT:60512698<br \/>\nFIAT:60534263<br \/>\nFORD:6152883<br \/>\nFORD:86SF12A699AB<br \/>\nFORD:6169571<br \/>\nFacet:93010<br \/>\nGM:90510281<br \/>\nMEAT &amp; DORIA:87355<br \/>\nMERCEDES-BENZ:0031538628<br \/>\nMERCEDES-BENZ:0041536228<br \/>\nMTE:7021<br \/>\nOPEL:90298201<br \/>\nOPEL:1238345<br \/>\nPEUGEOT:91514880<br \/>\nPEUGEOT:96384235<br \/>\nPEUGEOT:594628<br \/>\nPEUGEOT:96275932<br \/>\nRENAULT:7700271090<br \/>\nRENAULT:7700871678<br \/>\nSAAB:7568801<br \/>\nVOLVO:3433347<br \/>\nVOLVO:1326658<br \/>\nVW:0269053772<\/h3>\n<p>Condi\u00e7\u00f5es:<br \/>\nProduto Novo \/ Marca Bosch<\/p>\n<p>Especifica\u00e7\u00f5es:<\/p>\n<p>Conector 2 Pinos<\/p>\n<p>Garantia:<br \/>\n3 Meses<br \/>\nATEN\u00c7\u00c3O: Antes de efetuar a compra verifique o c\u00f3digo da sua pe\u00e7a que est\u00e1 instalado no seu ve\u00edculo.<br \/>\nA Casa da Inje\u00e7\u00e3o SP oferece total garantia nos produtos comprados em nosso site.<br \/>\nCada item \u00e9 rigorosamente inspecionado \u00a0antes do envio<br \/>\nSe os itens estiverem danificados ou parcialmente defeituosos, entre em contato conosco.<br \/>\nProcure um profissional devidamente licenciado para a instala\u00e7\u00e3o e fa\u00e7a revis\u00f5es periodicamente. A empresa n\u00e3o se responsabiliza por problemas oriundos da m\u00e1 instala\u00e7\u00e3o ou com a falta de cuidados peri\u00f3dicos dos componentes.<br \/>\nSe houver qualquer defeito, ficamos a disposi\u00e7\u00e3o para a substitui\u00e7\u00e3o ou devolvemos seu dinheiro.<br \/>\nTem alguma d\u00favida?<br \/>\nEntre em contato que podemos ajudar!<br \/>\nConfira as informa\u00e7\u00f5es adicionais abaixo:<br \/>\nTodos os produtos anunciados est\u00e3o dispon\u00edveis em estoque e s\u00e3o enviados com extrema rapidez .<br \/>\nO frete pode ser simulado antes de efetuar a compra, basta clicar em \u201cver custos de envio\u201d.<br \/>\nVerifique o endere\u00e7o de entrega cadastrado e atualize caso necess\u00e1rio.<br \/>\nConfirme se a pe\u00e7a \u00e9 correta para o seu modelo de ve\u00edculo.<br \/>\nPara pe\u00e7as automotivas, recomendamos a instala\u00e7\u00e3o por um profissional especializado.<br \/>\nCaso possua outras d\u00favidas, entre em contato.<\/p>\n","protected":false},"excerpt":{"rendered":"<h2>Sensor Detonacao Volkswagen Gol Parati Polo &#8211; 0261231110<\/h2>\n<h1 class=\"product-title__Title-sc-1hlrxcw-0 jyetLr\"><\/h1>\n","protected":false},"featured_media":41537,"template":"","meta":{"_seopress_robots_primary_cat":"none","_seopress_titles_title":"","_seopress_titles_desc":"","_seopress_robots_index":"","_joinchat":[]},"product_cat":[21,268],"product_tag":[286,59,1526,232,75,109],"berocket_brand":[381,394,396,397],"_links":{"self":[{"href":"https:\/\/www.casadainjecao.com.br\/loja\/wp-json\/wp\/v2\/product\/41536"}],"collection":[{"href":"https:\/\/www.casadainjecao.com.br\/loja\/wp-json\/wp\/v2\/product"}],"about":[{"href":"https:\/\/www.casadainjecao.com.br\/loja\/wp-json\/wp\/v2\/types\/product"}],"wp:featuredmedia":[{"embeddable":true,"href":"https:\/\/www.casadainjecao.com.br\/loja\/wp-json\/wp\/v2\/media\/41537"}],"wp:attachment":[{"href":"https:\/\/www.casadainjecao.com.br\/loja\/wp-json\/wp\/v2\/media?parent=41536"}],"wp:term":[{"taxonomy":"product_cat","embeddable":true,"href":"https:\/\/www.casadainjecao.com.br\/loja\/wp-json\/wp\/v2\/product_cat?post=41536"},{"taxonomy":"product_tag","embeddable":true,"href":"https:\/\/www.casadainjecao.com.br\/loja\/wp-json\/wp\/v2\/product_tag?post=41536"},{"taxonomy":"berocket_brand","embeddable":true,"href":"https:\/\/www.casadainjecao.com.br\/loja\/wp-json\/wp\/v2\/berocket_brand?post=41536"}],"curies":[{"name":"wp","href":"https:\/\/api.w.org\/{rel}","templated":true}]}}