{"id":41540,"date":"2025-10-22T10:00:53","date_gmt":"2025-10-22T13:00:53","guid":{"rendered":"https:\/\/www.casadainjecao.com.br\/loja\/?post_type=product&#038;p=41540"},"modified":"2026-02-15T20:00:16","modified_gmt":"2026-02-15T23:00:16","slug":"rele-temporizador-limpador-parabrisa-vw-gol-santana-versailles-zbc955531a","status":"publish","type":"product","link":"https:\/\/www.casadainjecao.com.br\/loja\/autopecas\/exterior\/parabrisa\/rele-temporizador-limpador-parabrisa-vw-gol-santana-versailles-zbc955531a\/","title":{"rendered":"Rel\u00ea Temporizador Limpador Parabrisa VW Gol Santana Versail"},"content":{"rendered":"<h2>Rel\u00ea Temporizador Limpador Parabrisa Original\u00a0 Semi-novo<\/h2>\n<h3>Volkswagen<\/h3>\n<h3>Gol<\/h3>\n<h3>Santana<\/h3>\n<h3>Ford<\/h3>\n<h3>Versailles<\/h3>\n<h3>Gol: 1984 1985 1986 1987 1988 1989 1990 1991 1992 1993 1994 1995 1996<br \/>\n(motores AP e vers\u00f5es refrigeradas a \u00e1gua)<\/h3>\n<h3>Santana: 1984 1985 1986 1987 1988 1989 1990 1991 1992 1993 1994 1995 1996 1997 1998 1999 2000 2001 2002 2003 2004 2005 2006<\/h3>\n<h3>Parati: 1984 1985 1986 1987 1988 1989 1990 1991 1992 1993 1994 1995 1996 1997 1998 1999 2000 2001 2002 2003 2004 2005 2006<\/h3>\n<h3>Saveiro: 1984 1985 1986 1987 1988 1989 1990 1991 1992 1993 1994 1995 1996 1997<\/h3>\n<h3>Passat: 1974 1975 1976 1977 1978 1979 1980 1981 1982 1983 1984 1985 1986 1987 1988<\/h3>\n<h3>C\u00f3digo:<\/h3>\n<h3>ZBC955531a<\/h3>\n<p>Condi\u00e7\u00f5es:<br \/>\nProduto Semi-Novo \/ Marca VW<br \/>\nEspecifica\u00e7\u00f5es: 6 PINOS<br \/>\nGarantia: 3 Meses<\/p>\n<p>ATEN\u00c7\u00c3O: Antes de efetuar a compra verifique o c\u00f3digo da sua pe\u00e7a que est\u00e1 instalado no seu ve\u00edculo.<\/p>\n<p>A Casa da Inje\u00e7\u00e3o SP oferece total garantia nos produtos comprados em nosso site.<br \/>\nCada item \u00e9 rigorosamente inspecionado \u00a0antes do envio<br \/>\nSe os itens estiverem danificados ou parcialmente defeituosos, entre em contato conosco.<br \/>\nProcure um profissional devidamente licenciado para a instala\u00e7\u00e3o e fa\u00e7a revis\u00f5es periodicamente. A empresa n\u00e3o se responsabiliza por problemas oriundos da m\u00e1 instala\u00e7\u00e3o ou com a falta de cuidados peri\u00f3dicos dos componentes.<br \/>\nSe houver qualquer defeito, ficamos a disposi\u00e7\u00e3o para a substitui\u00e7\u00e3o ou devolvemos seu dinheiro.<br \/>\nTem alguma d\u00favida?<br \/>\nEntre em contato que podemos ajudar!<br \/>\nConfira as informa\u00e7\u00f5es adicionais abaixo:<br \/>\nTodos os produtos anunciados est\u00e3o dispon\u00edveis em estoque e s\u00e3o enviados com extrema rapidez .<br \/>\nO frete pode ser simulado antes de efetuar a compra, basta clicar em \u201cver custos de envio\u201d.<br \/>\nVerifique o endere\u00e7o de entrega cadastrado e atualize caso necess\u00e1rio.<br \/>\nConfirme se a pe\u00e7a \u00e9 correta para o seu modelo de ve\u00edculo.<br \/>\nPara pe\u00e7as automotivas, recomendamos a instala\u00e7\u00e3o por um profissional especializado.<br \/>\nCaso possua outras d\u00favidas, entre em contato.<\/p>\n","protected":false},"excerpt":{"rendered":"<h1>Rel\u00ea Temporizador Limpador Parabrisa VW Gol Santana Versailles ZBC955531A<\/h1>\n","protected":false},"featured_media":41543,"template":"","meta":{"_seopress_robots_primary_cat":"none","_seopress_titles_title":"","_seopress_titles_desc":"","_seopress_robots_index":"","_joinchat":[]},"product_cat":[17,23,2093,153,155],"product_tag":[59,159,235],"berocket_brand":[384,396],"_links":{"self":[{"href":"https:\/\/www.casadainjecao.com.br\/loja\/wp-json\/wp\/v2\/product\/41540"}],"collection":[{"href":"https:\/\/www.casadainjecao.com.br\/loja\/wp-json\/wp\/v2\/product"}],"about":[{"href":"https:\/\/www.casadainjecao.com.br\/loja\/wp-json\/wp\/v2\/types\/product"}],"wp:featuredmedia":[{"embeddable":true,"href":"https:\/\/www.casadainjecao.com.br\/loja\/wp-json\/wp\/v2\/media\/41543"}],"wp:attachment":[{"href":"https:\/\/www.casadainjecao.com.br\/loja\/wp-json\/wp\/v2\/media?parent=41540"}],"wp:term":[{"taxonomy":"product_cat","embeddable":true,"href":"https:\/\/www.casadainjecao.com.br\/loja\/wp-json\/wp\/v2\/product_cat?post=41540"},{"taxonomy":"product_tag","embeddable":true,"href":"https:\/\/www.casadainjecao.com.br\/loja\/wp-json\/wp\/v2\/product_tag?post=41540"},{"taxonomy":"berocket_brand","embeddable":true,"href":"https:\/\/www.casadainjecao.com.br\/loja\/wp-json\/wp\/v2\/berocket_brand?post=41540"}],"curies":[{"name":"wp","href":"https:\/\/api.w.org\/{rel}","templated":true}]}}