{"id":41691,"date":"2025-10-31T09:38:53","date_gmt":"2025-10-31T12:38:53","guid":{"rendered":"https:\/\/www.casadainjecao.com.br\/loja\/?post_type=product&#038;p=41691"},"modified":"2026-04-28T09:15:11","modified_gmt":"2026-04-28T12:15:11","slug":"garfo-sincronizador-da-5-marcha-renault-clio-megane-scenic-8200641827","status":"publish","type":"product","link":"https:\/\/www.casadainjecao.com.br\/loja\/autopecas\/transmissao\/garfo\/garfo-sincronizador-da-5-marcha-renault-clio-megane-scenic-8200641827\/","title":{"rendered":"Garfo Sincronizador Da 5\u00b0 Marcha Renault Clio Megane Sc\u00e9ni"},"content":{"rendered":"<h2 class=\"ui-pdp-title\">Garfo Sincronizador Da 5\u00b0 Marcha<\/h2>\n<h3 class=\"ui-pdp-title\">Renault<\/h3>\n<h3 class=\"ui-pdp-title\">Clio 1.0 8v 16v 1.6 8v 16v 1998 a 2018<\/h3>\n<h3 class=\"ui-pdp-title\">M\u00e9gane 1.6 8v 16v 2.0 8v 1995 a 2016<\/h3>\n<h3 class=\"ui-pdp-title\">Sc\u00e9nic 1.6 16v 2.0 8v 16v 1996 a 2017<\/h3>\n<h3>Twingo 1.0 8v 16v 1.1 8v 1.2 8v 1993 a 2017<\/h3>\n<h3>Laguna 2.0 8v 16v 3.0 12v 1993 a 2011<\/h3>\n<h3>Kangoo Express 1.0 8v 16v 1.6 8v 16v 1997 a 2018<\/h3>\n<h3>M\u00e9gane I Sedan 1.6 8v 16v 2.0 8v 1996 a 2017<\/h3>\n<h3>Symbol 1.6 8v 16v 2007 a 2018<\/h3>\n<h3><span style=\"font-size: 16px;\">C\u00f3digo de Refer\u00eancia:<\/span><\/h3>\n<h3>762690, \u00a08200641827<\/h3>\n<h5>Condi\u00e7\u00f5es:<br \/>\nProduto Novo \/ Marca Cortec<br \/>\nGarantia:<br \/>\n3 Meses<br \/>\nATEN\u00c7\u00c3O: Antes de efetuar a compra verifique o c\u00f3digo da sua pe\u00e7a que est\u00e1 instalado no seu ve\u00edculo.<br \/>\nA Casa da Inje\u00e7\u00e3o SP oferece total garantia nos produtos comprados em nosso site.<br \/>\nCada item \u00e9 rigorosamente inspecionado\u00a0antes do envio<br \/>\nSe os itens estiverem danificados ou parcialmente defeituosos, entre em contato conosco.<br \/>\nProcure um profissional devidamente licenciado para a instala\u00e7\u00e3o e fa\u00e7a revis\u00f5es periodicamente. A empresa n\u00e3o se responsabiliza por problemas oriundos da m\u00e1 instala\u00e7\u00e3o ou com a falta de cuidados peri\u00f3dicos dos componentes.<br \/>\nSe houver qualquer defeito, ficamos a disposi\u00e7\u00e3o para a substitui\u00e7\u00e3o ou devolvemos seu dinheiro.<br \/>\nTem alguma d\u00favida?<br \/>\nEntre em contato que podemos ajudar!<br \/>\nConfira as informa\u00e7\u00f5es adicionais abaixo:<br \/>\nTodos os produtos anunciados est\u00e3o dispon\u00edveis em estoque e s\u00e3o enviados com extrema rapidez .<br \/>\nO frete pode ser simulado antes de efetuar a compra, basta clicar em \u201cver custos de envio\u201d.<br \/>\nVerifique o endere\u00e7o de entrega cadastrado e atualize caso necess\u00e1rio.<br \/>\nConfirme se a pe\u00e7a \u00e9 correta para o seu modelo de ve\u00edculo.<br \/>\nPara pe\u00e7as automotivas, recomendamos a instala\u00e7\u00e3o por um profissional especializado.<br \/>\nCaso possua outras d\u00favidas, entre em contato.<\/h5>\n","protected":false},"excerpt":{"rendered":"<h2>Garfo Sincronizador Da 5\u00b0 Marcha Renault Clio Megane Sc\u00e9nic &#8211; 8200641827<\/h2>\n","protected":false},"featured_media":41696,"template":"","meta":{"_seopress_robots_primary_cat":"none","_seopress_titles_title":"","_seopress_titles_desc":"","_seopress_robots_index":"","_kad_blocks_custom_css":"","_kad_blocks_head_custom_js":"","_kad_blocks_body_custom_js":"","_kad_blocks_footer_custom_js":"","_joinchat":[]},"product_cat":[2126,26],"product_tag":[49,50,51,89,53],"berocket_brand":[394],"taxonomy_info":{"product_cat":[{"value":2126,"label":"Garfo"},{"value":26,"label":"Transmiss\u00e3o"}],"product_tag":[{"value":49,"label":"Clio"},{"value":50,"label":"Megane"},{"value":51,"label":"Scenic"},{"value":89,"label":"Symbol"},{"value":53,"label":"Twingo"}],"berocket_brand":[{"value":394,"label":"Renault"}]},"featured_image_src_large":["https:\/\/www.casadainjecao.com.br\/loja\/wp-content\/uploads\/2025\/10\/Copia-de-CRIATIVO-REFERENCIA-CIEBR-43-920x920.jpg",640,640,true],"author_info":[],"comment_info":"","_links":{"self":[{"href":"https:\/\/www.casadainjecao.com.br\/loja\/wp-json\/wp\/v2\/product\/41691"}],"collection":[{"href":"https:\/\/www.casadainjecao.com.br\/loja\/wp-json\/wp\/v2\/product"}],"about":[{"href":"https:\/\/www.casadainjecao.com.br\/loja\/wp-json\/wp\/v2\/types\/product"}],"wp:featuredmedia":[{"embeddable":true,"href":"https:\/\/www.casadainjecao.com.br\/loja\/wp-json\/wp\/v2\/media\/41696"}],"wp:attachment":[{"href":"https:\/\/www.casadainjecao.com.br\/loja\/wp-json\/wp\/v2\/media?parent=41691"}],"wp:term":[{"taxonomy":"product_cat","embeddable":true,"href":"https:\/\/www.casadainjecao.com.br\/loja\/wp-json\/wp\/v2\/product_cat?post=41691"},{"taxonomy":"product_tag","embeddable":true,"href":"https:\/\/www.casadainjecao.com.br\/loja\/wp-json\/wp\/v2\/product_tag?post=41691"},{"taxonomy":"berocket_brand","embeddable":true,"href":"https:\/\/www.casadainjecao.com.br\/loja\/wp-json\/wp\/v2\/berocket_brand?post=41691"}],"curies":[{"name":"wp","href":"https:\/\/api.w.org\/{rel}","templated":true}]}}