{"id":41782,"date":"2025-11-10T10:00:56","date_gmt":"2025-11-10T13:00:56","guid":{"rendered":"https:\/\/www.casadainjecao.com.br\/loja\/?post_type=product&#038;p=41782"},"modified":"2026-01-13T23:27:13","modified_gmt":"2026-01-14T02:27:13","slug":"rele-bomba-auxiliar-combustivel-kia-bongo-95224-29850","status":"publish","type":"product","link":"https:\/\/www.casadainjecao.com.br\/loja\/autopecas\/eletrica\/reles\/rele-bomba-auxiliar-combustivel-kia-bongo-95224-29850\/","title":{"rendered":"Rel\u00e9 Bomba Auxiliar Combust\u00edvel Kia Bongo &#8211; 95224-29"},"content":{"rendered":"<h2><span class=\"TextRun SCXW247724345 BCX0\" lang=\"PT-PT\" xml:lang=\"PT-PT\" data-contrast=\"auto\"><span class=\"NormalTextRun SCXW247724345 BCX0\">Rel\u00e9 Auxiliar Bomba Combust\u00edvel<\/span><\/span><span class=\"LineBreakBlob BlobObject DragDrop SCXW247724345 BCX0\"><span class=\"SCXW247724345 BCX0\">\u00a0<\/span><\/span><\/h2>\n<h3><span class=\"TextRun SCXW247724345 BCX0\" lang=\"PT-PT\" xml:lang=\"PT-PT\" data-contrast=\"auto\"><span class=\"NormalTextRun SCXW247724345 BCX0\">Kia<\/span><span class=\"NormalTextRun SCXW247724345 BCX0\"> Bongo 2005 a 2012<\/span><\/span><span class=\"LineBreakBlob BlobObject DragDrop SCXW247724345 BCX0\"><br class=\"SCXW247724345 BCX0\" \/><\/span><span class=\"LineBreakBlob BlobObject DragDrop SCXW247724345 BCX0\"><span class=\"SCXW247724345 BCX0\">\u00a0<\/span><br class=\"SCXW247724345 BCX0\" \/><\/span><span class=\"TextRun SCXW247724345 BCX0\" lang=\"PT-PT\" xml:lang=\"PT-PT\" data-contrast=\"auto\"><span class=\"NormalTextRun SCXW247724345 BCX0\">C\u00f3digo da Pe\u00e7a:<\/span><\/span><span class=\"LineBreakBlob BlobObject DragDrop SCXW247724345 BCX0\"><span class=\"SCXW247724345 BCX0\">\u00a0<\/span><br class=\"SCXW247724345 BCX0\" \/><\/span><span class=\"TextRun SCXW247724345 BCX0\" lang=\"PT-PT\" xml:lang=\"PT-PT\" data-contrast=\"auto\"><span class=\"NormalTextRun SCXW247724345 BCX0\">95224-29850, 9522429850<\/span><\/span><\/h3>\n<p>Condi\u00e7\u00f5es:<br \/>\nProduto Novo \/ Marca Kia<br \/>\nEspecifica\u00e7\u00f5es:<br \/>\n12V,\u00a020 A, 4 TERMINAIS<br \/>\nGarantia:<br \/>\n3 Meses<br \/>\nATEN\u00c7\u00c3O: Antes de efetuar a compra verifique o c\u00f3digo da sua pe\u00e7a que est\u00e1 instalado no seu ve\u00edculo.<br \/>\nA Casa da Inje\u00e7\u00e3o SP oferece total garantia nos produtos comprados em nosso site.<br \/>\nCada item \u00e9 rigorosamente inspecionado\u00a0antes do envio<br \/>\nSe os itens estiverem danificados ou parcialmente defeituosos, entre em contato conosco.<br \/>\nProcure um profissional devidamente licenciado para a instala\u00e7\u00e3o e fa\u00e7a revis\u00f5es periodicamente. A empresa n\u00e3o se responsabiliza por problemas oriundos da m\u00e1 instala\u00e7\u00e3o ou com a falta de cuidados peri\u00f3dicos dos componentes.<br \/>\nSe houver qualquer defeito, ficamos a disposi\u00e7\u00e3o para a substitui\u00e7\u00e3o ou devolvemos seu dinheiro.<br \/>\nTem alguma d\u00favida?<br \/>\nEntre em contato que podemos ajudar!<br \/>\nConfira as informa\u00e7\u00f5es adicionais abaixo:<br \/>\nTodos os produtos anunciados est\u00e3o dispon\u00edveis em estoque e s\u00e3o enviados com extrema rapidez .<br \/>\nO frete pode ser simulado antes de efetuar a compra, basta clicar em \u201cver custos de envio\u201d.<br \/>\nVerifique o endere\u00e7o de entrega cadastrado e atualize caso necess\u00e1rio.<br \/>\nConfirme se a pe\u00e7a \u00e9 correta para o seu modelo de ve\u00edculo.<br \/>\nPara pe\u00e7as automotivas, recomendamos a instala\u00e7\u00e3o por um profissional especializado.<br \/>\nCaso possua outras d\u00favidas, entre em contato.<\/p>\n","protected":false},"excerpt":{"rendered":"<h1>Rel\u00e9 Bomba Auxiliar Combust\u00edvel Kia Bongo &#8211; 95224-29850<\/h1>\n","protected":false},"featured_media":41785,"template":"","meta":{"_seopress_robots_primary_cat":"none","_seopress_titles_title":"","_seopress_titles_desc":"","_seopress_robots_index":"","_seopress_analysis_target_kw":"","_kad_blocks_custom_css":"","_kad_blocks_head_custom_js":"","_kad_blocks_body_custom_js":"","_kad_blocks_footer_custom_js":"","_kadence_starter_templates_imported_post":false,"_joinchat":[]},"product_brand":[],"product_cat":[17,153],"product_tag":[2106],"berocket_brand":[388],"class_list":{"0":"post-41782","1":"product","2":"type-product","3":"status-publish","4":"has-post-thumbnail","6":"product_cat-eletrica","7":"product_cat-reles","8":"product_tag-kia-bongo","9":"berocket_brand-kia","10":"thunk-woo-product-list","11":"big-store-woo-hover-zoom","12":"open-single-product-tab-horizontal","13":"open-shadow-","14":"open-shadow-hover-","16":"first","17":"outofstock","18":"sale","19":"taxable","20":"shipping-taxable","21":"purchasable","22":"product-type-simple"},"taxonomy_info":{"product_cat":[{"value":17,"label":"El\u00e9trica"},{"value":153,"label":"Reles"}],"product_tag":[{"value":2106,"label":"Kia Bongo"}],"berocket_brand":[{"value":388,"label":"Kia"}]},"featured_image_src_large":["https:\/\/www.casadainjecao.com.br\/loja\/wp-content\/uploads\/2025\/11\/Rele-Bomba-Auxiliar.jpg",315,500,false],"author_info":[],"comment_info":"","_links":{"self":[{"href":"https:\/\/www.casadainjecao.com.br\/loja\/wp-json\/wp\/v2\/product\/41782","targetHints":{"allow":["GET"]}}],"collection":[{"href":"https:\/\/www.casadainjecao.com.br\/loja\/wp-json\/wp\/v2\/product"}],"about":[{"href":"https:\/\/www.casadainjecao.com.br\/loja\/wp-json\/wp\/v2\/types\/product"}],"wp:featuredmedia":[{"embeddable":true,"href":"https:\/\/www.casadainjecao.com.br\/loja\/wp-json\/wp\/v2\/media\/41785"}],"wp:attachment":[{"href":"https:\/\/www.casadainjecao.com.br\/loja\/wp-json\/wp\/v2\/media?parent=41782"}],"wp:term":[{"taxonomy":"product_brand","embeddable":true,"href":"https:\/\/www.casadainjecao.com.br\/loja\/wp-json\/wp\/v2\/product_brand?post=41782"},{"taxonomy":"product_cat","embeddable":true,"href":"https:\/\/www.casadainjecao.com.br\/loja\/wp-json\/wp\/v2\/product_cat?post=41782"},{"taxonomy":"product_tag","embeddable":true,"href":"https:\/\/www.casadainjecao.com.br\/loja\/wp-json\/wp\/v2\/product_tag?post=41782"},{"taxonomy":"berocket_brand","embeddable":true,"href":"https:\/\/www.casadainjecao.com.br\/loja\/wp-json\/wp\/v2\/berocket_brand?post=41782"}],"curies":[{"name":"wp","href":"https:\/\/api.w.org\/{rel}","templated":true}]}}