{"id":41789,"date":"2025-11-10T11:16:53","date_gmt":"2025-11-10T14:16:53","guid":{"rendered":"https:\/\/www.casadainjecao.com.br\/loja\/?post_type=product&#038;p=41789"},"modified":"2026-05-02T13:59:12","modified_gmt":"2026-05-02T16:59:12","slug":"rele-auxiliar-honda-accord-1567002780","status":"publish","type":"product","link":"https:\/\/www.casadainjecao.com.br\/loja\/autopecas\/eletrica\/reles\/rele-auxiliar-honda-accord-1567002780\/","title":{"rendered":"Rel\u00ea auxiliar Honda Accord -1567002780"},"content":{"rendered":"<h2>Rel\u00ea auxiliar<\/h2>\n<h3>VE\u00cdCULOS COMPAT\u00cdVEIS:<\/h3>\n<h3>Carros: Accord, Civic, City, CR-V, Fit (diversos anos e vers\u00f5es).<\/h3>\n<h3>Motos: Biz, CG, CB, CBR, CRF, entre outras (de 100cc a 1300cc).<\/h3>\n<h3><span class=\"TextRun SCXW247724345 BCX0\" lang=\"PT-PT\" xml:lang=\"PT-PT\" data-contrast=\"auto\"><span class=\"NormalTextRun SCXW247724345 BCX0\">C\u00f3digo da Pe\u00e7a:<\/span><\/span><\/h3>\n<h3>1567002780, 156700-2780<\/h3>\n<p>Condi\u00e7\u00f5es:<br \/>\nProduto Novo \/ Marca Honda<br \/>\nEspecifica\u00e7\u00f5es:<br \/>\n12V,\u00a040 A, 4 TERMINAIS<br \/>\nGarantia:<br \/>\n3 Meses<br \/>\nATEN\u00c7\u00c3O: Antes de efetuar a compra verifique o c\u00f3digo da sua pe\u00e7a que est\u00e1 instalado no seu ve\u00edculo.<\/p>\n<p>A Casa da Inje\u00e7\u00e3o SP oferece total garantia nos produtos comprados em nosso site.<br \/>\nCada item \u00e9 rigorosamente inspecionado\u00a0antes do envio<br \/>\nSe os itens estiverem danificados ou parcialmente defeituosos, entre em contato conosco.<br \/>\nProcure um profissional devidamente licenciado para a instala\u00e7\u00e3o e fa\u00e7a revis\u00f5es periodicamente. A empresa n\u00e3o se responsabiliza por problemas oriundos da m\u00e1 instala\u00e7\u00e3o ou com a falta de cuidados peri\u00f3dicos dos componentes.<br \/>\nSe houver qualquer defeito, ficamos a disposi\u00e7\u00e3o para a substitui\u00e7\u00e3o ou devolvemos seu dinheiro.<br \/>\nTem alguma d\u00favida?<br \/>\nEntre em contato que podemos ajudar!<br \/>\nConfira as informa\u00e7\u00f5es adicionais abaixo:<br \/>\nTodos os produtos anunciados est\u00e3o dispon\u00edveis em estoque e s\u00e3o enviados com extrema rapidez .<br \/>\nO frete pode ser simulado antes de efetuar a compra, basta clicar em \u201cver custos de envio\u201d.<br \/>\nVerifique o endere\u00e7o de entrega cadastrado e atualize caso necess\u00e1rio.<br \/>\nConfirme se a pe\u00e7a \u00e9 correta para o seu modelo de ve\u00edculo.<br \/>\nPara pe\u00e7as automotivas, recomendamos a instala\u00e7\u00e3o por um profissional especializado.<br \/>\nCaso possua outras d\u00favidas, entre em contato.<\/p>\n<p>&nbsp;<\/p>\n<p><span class=\"TextRun SCXW106547720 BCX0\" lang=\"EN-US\" xml:lang=\"EN-US\" data-contrast=\"auto\"><span class=\"NormalTextRun SCXW106547720 BCX0\">\u00a0<\/span><\/span><\/p>\n","protected":false},"excerpt":{"rendered":"<h1>Rel\u00ea auxiliar Honda Accord &#8211; 1567002780<\/h1>\n","protected":false},"featured_media":41792,"template":"","meta":{"_seopress_robots_primary_cat":"none","_seopress_titles_title":"","_seopress_titles_desc":"","_seopress_robots_index":"","_seopress_analysis_target_kw":"","_kad_blocks_custom_css":"","_kad_blocks_head_custom_js":"","_kad_blocks_body_custom_js":"","_kad_blocks_footer_custom_js":"","_kadence_starter_templates_imported_post":false,"_joinchat":[]},"product_brand":[],"product_cat":[17,153],"product_tag":[1473,1609,1195,273,1420,105],"berocket_brand":[385],"class_list":{"0":"post-41789","1":"product","2":"type-product","3":"status-publish","4":"has-post-thumbnail","6":"product_cat-eletrica","7":"product_cat-reles","8":"product_tag-honda-accord","9":"product_tag-honda-biz","10":"product_tag-honda-city","11":"product_tag-honda-civic","12":"product_tag-honda-crv","13":"product_tag-honda-fit","14":"berocket_brand-honda","15":"thunk-woo-product-list","16":"big-store-woo-hover-zoom","17":"open-single-product-tab-horizontal","18":"open-shadow-","19":"open-shadow-hover-","21":"first","22":"instock","23":"sale","24":"taxable","25":"shipping-taxable","26":"purchasable","27":"product-type-simple"},"taxonomy_info":{"product_cat":[{"value":17,"label":"El\u00e9trica"},{"value":153,"label":"Reles"}],"product_tag":[{"value":1473,"label":"Honda Accord"},{"value":1609,"label":"Honda Biz"},{"value":1195,"label":"Honda City"},{"value":273,"label":"Honda Civic"},{"value":1420,"label":"Honda CRV"},{"value":105,"label":"Honda Fit"}],"berocket_brand":[{"value":385,"label":"Honda"}]},"featured_image_src_large":["https:\/\/www.casadainjecao.com.br\/loja\/wp-content\/uploads\/2025\/11\/1567002780-3.jpg",500,500,false],"author_info":[],"comment_info":"","_links":{"self":[{"href":"https:\/\/www.casadainjecao.com.br\/loja\/wp-json\/wp\/v2\/product\/41789","targetHints":{"allow":["GET"]}}],"collection":[{"href":"https:\/\/www.casadainjecao.com.br\/loja\/wp-json\/wp\/v2\/product"}],"about":[{"href":"https:\/\/www.casadainjecao.com.br\/loja\/wp-json\/wp\/v2\/types\/product"}],"wp:featuredmedia":[{"embeddable":true,"href":"https:\/\/www.casadainjecao.com.br\/loja\/wp-json\/wp\/v2\/media\/41792"}],"wp:attachment":[{"href":"https:\/\/www.casadainjecao.com.br\/loja\/wp-json\/wp\/v2\/media?parent=41789"}],"wp:term":[{"taxonomy":"product_brand","embeddable":true,"href":"https:\/\/www.casadainjecao.com.br\/loja\/wp-json\/wp\/v2\/product_brand?post=41789"},{"taxonomy":"product_cat","embeddable":true,"href":"https:\/\/www.casadainjecao.com.br\/loja\/wp-json\/wp\/v2\/product_cat?post=41789"},{"taxonomy":"product_tag","embeddable":true,"href":"https:\/\/www.casadainjecao.com.br\/loja\/wp-json\/wp\/v2\/product_tag?post=41789"},{"taxonomy":"berocket_brand","embeddable":true,"href":"https:\/\/www.casadainjecao.com.br\/loja\/wp-json\/wp\/v2\/berocket_brand?post=41789"}],"curies":[{"name":"wp","href":"https:\/\/api.w.org\/{rel}","templated":true}]}}