{"id":41799,"date":"2025-11-10T13:58:02","date_gmt":"2025-11-10T16:58:02","guid":{"rendered":"https:\/\/www.casadainjecao.com.br\/loja\/?post_type=product&#038;p=41799"},"modified":"2025-11-10T14:22:27","modified_gmt":"2025-11-10T17:22:27","slug":"rele-ar-cond-buzina-chevrolet-astra-corsa-omega-vectra-d10-90376920","status":"publish","type":"product","link":"https:\/\/www.casadainjecao.com.br\/loja\/autopecas\/eletrica\/buzina-eletrica\/rele-ar-cond-buzina-chevrolet-astra-corsa-omega-vectra-d10-90376920\/","title":{"rendered":"Rel\u00e9 Ar-cond. Buzina Chevrolet Astra Corsa \u00d4mega Vectra D1"},"content":{"rendered":"<h2>Rel\u00e9 Ar condicionado e Buzina<\/h2>\n<h3>GM: D-10 \/ D-20<\/h3>\n<h3>Astra<\/h3>\n<h3>Corsa<\/h3>\n<h3>\u00d4mega<\/h3>\n<h3>Vectra<\/h3>\n<h3>Agile<\/h3>\n<h3>Chevete<\/h3>\n<h3>codigo de referencia:<\/h3>\n<h3>1238545 , 1238611 , 03440489 , 03447012 , 6238525 , 90244312 , 90450169 , 90464759 , 90511178 , 93257719 , 93383185 , 94580702,<\/h3>\n<h3>90376920<\/h3>\n<h5>Condi\u00e7\u00f5es:<br \/>\nProduto Novo \/ Marca GM<br \/>\nEspecifica\u00e7\u00f5es:<br \/>\n12V,\u00a030 A, 4 TERMINAIS<\/h5>\n<h5>&#8211; IGNI\u00c7\u00c3O ELETR\u00d4NICA<br \/>\n&#8211; AR CONDICIONADO.<br \/>\n&#8211; VIDRO ELETRICO.<br \/>\n&#8211; BOMBA EL\u00c9TRICA DE COMBUST\u00cdVEL.<br \/>\n&#8211; DESEMBA\u00c7ADOR DO VIDRO TRASEIRO.<br \/>\n&#8211; PR\u00c9-AQUECIMENTO DO MOTOR.<br \/>\n&#8211; VELA INCANDESCENTE.<br \/>\n&#8211; PARTIDA \u00c0 FRIO.<br \/>\n&#8211; VENTILADOR DO RADIADOR.<\/h5>\n<h5>Garantia:<br \/>\n3 Meses<br \/>\nATEN\u00c7\u00c3O: Antes de efetuar a compra verifique o c\u00f3digo da sua pe\u00e7a que est\u00e1 instalado no seu ve\u00edculo.<br \/>\nA Casa da Inje\u00e7\u00e3o SP oferece total garantia nos produtos comprados em nosso site.<br \/>\nCada item \u00e9 rigorosamente inspecionado\u00a0antes do envio<br \/>\nSe os itens estiverem danificados ou parcialmente defeituosos, entre em contato conosco.<br \/>\nProcure um profissional devidamente licenciado para a instala\u00e7\u00e3o e fa\u00e7a revis\u00f5es periodicamente. A empresa n\u00e3o se responsabiliza por problemas oriundos da m\u00e1 instala\u00e7\u00e3o ou com a falta de cuidados peri\u00f3dicos dos componentes.<br \/>\nSe houver qualquer defeito, ficamos a disposi\u00e7\u00e3o para a substitui\u00e7\u00e3o ou devolvemos seu dinheiro.<br \/>\nTem alguma d\u00favida?<br \/>\nEntre em contato que podemos ajudar!<br \/>\nConfira as informa\u00e7\u00f5es adicionais abaixo:<br \/>\nTodos os produtos anunciados est\u00e3o dispon\u00edveis em estoque e s\u00e3o enviados com extrema rapidez .<br \/>\nO frete pode ser simulado antes de efetuar a compra, basta clicar em \u201cver custos de envio\u201d.<br \/>\nVerifique o endere\u00e7o de entrega cadastrado e atualize caso necess\u00e1rio.<br \/>\nConfirme se a pe\u00e7a \u00e9 correta para o seu modelo de ve\u00edculo.<br \/>\nPara pe\u00e7as automotivas, recomendamos a instala\u00e7\u00e3o por um profissional especializado.<br \/>\nCaso possua outras d\u00favidas, entre em contato.<\/h5>\n","protected":false},"excerpt":{"rendered":"<h1>Rel\u00e9 Ar-cond. Buzina Chevrolet Astra Corsa \u00d4mega Vectra D10 &#8211; 90376920<\/h1>\n","protected":false},"featured_media":41800,"template":"","meta":{"_seopress_robots_primary_cat":"none","_seopress_titles_title":"","_seopress_titles_desc":"","_seopress_robots_index":"","_seopress_analysis_target_kw":"","_kad_blocks_custom_css":"","_kad_blocks_head_custom_js":"","_kad_blocks_body_custom_js":"","_kad_blocks_footer_custom_js":"","_kadence_starter_templates_imported_post":false,"_joinchat":[]},"product_brand":[],"product_cat":[16,1561,17,153],"product_tag":[1410,116,2361,115,109],"berocket_brand":[381],"class_list":{"0":"post-41799","1":"product","2":"type-product","3":"status-publish","4":"has-post-thumbnail","6":"product_cat-ar-condicionado","7":"product_cat-buzina-eletrica","8":"product_cat-eletrica","9":"product_cat-reles","10":"product_tag-agile","11":"product_tag-astra","12":"product_tag-chevete","13":"product_tag-corsa","14":"product_tag-vectra","15":"berocket_brand-chevrolet","16":"thunk-woo-product-list","17":"big-store-woo-hover-zoom","18":"open-single-product-tab-horizontal","19":"open-shadow-","20":"open-shadow-hover-","22":"first","23":"instock","24":"sale","25":"taxable","26":"shipping-taxable","27":"purchasable","28":"product-type-simple"},"taxonomy_info":{"product_cat":[{"value":16,"label":"Ar Condicionado"},{"value":1561,"label":"Buzina"},{"value":17,"label":"El\u00e9trica"},{"value":153,"label":"Reles"}],"product_tag":[{"value":1410,"label":"AGile"},{"value":116,"label":"Astra"},{"value":2361,"label":"Chevete"},{"value":115,"label":"Corsa"},{"value":109,"label":"Vectra"}],"berocket_brand":[{"value":381,"label":"Chevrolet"}]},"featured_image_src_large":["https:\/\/www.casadainjecao.com.br\/loja\/wp-content\/uploads\/2025\/11\/90376920.jpg",364,500,false],"author_info":[],"comment_info":"","_links":{"self":[{"href":"https:\/\/www.casadainjecao.com.br\/loja\/wp-json\/wp\/v2\/product\/41799","targetHints":{"allow":["GET"]}}],"collection":[{"href":"https:\/\/www.casadainjecao.com.br\/loja\/wp-json\/wp\/v2\/product"}],"about":[{"href":"https:\/\/www.casadainjecao.com.br\/loja\/wp-json\/wp\/v2\/types\/product"}],"wp:featuredmedia":[{"embeddable":true,"href":"https:\/\/www.casadainjecao.com.br\/loja\/wp-json\/wp\/v2\/media\/41800"}],"wp:attachment":[{"href":"https:\/\/www.casadainjecao.com.br\/loja\/wp-json\/wp\/v2\/media?parent=41799"}],"wp:term":[{"taxonomy":"product_brand","embeddable":true,"href":"https:\/\/www.casadainjecao.com.br\/loja\/wp-json\/wp\/v2\/product_brand?post=41799"},{"taxonomy":"product_cat","embeddable":true,"href":"https:\/\/www.casadainjecao.com.br\/loja\/wp-json\/wp\/v2\/product_cat?post=41799"},{"taxonomy":"product_tag","embeddable":true,"href":"https:\/\/www.casadainjecao.com.br\/loja\/wp-json\/wp\/v2\/product_tag?post=41799"},{"taxonomy":"berocket_brand","embeddable":true,"href":"https:\/\/www.casadainjecao.com.br\/loja\/wp-json\/wp\/v2\/berocket_brand?post=41799"}],"curies":[{"name":"wp","href":"https:\/\/api.w.org\/{rel}","templated":true}]}}