{"id":41841,"date":"2025-11-10T17:07:29","date_gmt":"2025-11-10T20:07:29","guid":{"rendered":"https:\/\/www.casadainjecao.com.br\/loja\/?post_type=product&#038;p=41841"},"modified":"2026-01-27T16:21:13","modified_gmt":"2026-01-27T19:21:13","slug":"rele-bomba-combustivel-chevrolet-corsa-agile-meriva-ra9016","status":"publish","type":"product","link":"https:\/\/www.casadainjecao.com.br\/loja\/autopecas\/eletrica\/motor-do-limpador\/rele-bomba-combustivel-chevrolet-corsa-agile-meriva-ra9016\/","title":{"rendered":"Rel\u00e9 Bomba Combust\u00edvel Chevrolet Corsa Agile Meriva RA9016"},"content":{"rendered":"<h2 data-start=\"63\" data-end=\"107\"><strong data-start=\"63\" data-end=\"107\">Bomba de Combust\u00edvel 12V 30A \u2013 Chevrolet<\/strong><\/h2>\n<p data-start=\"109\" data-end=\"136\"><strong data-start=\"109\" data-end=\"136\">Aplica\u00e7\u00f5es Compat\u00edveis:<\/strong><\/p>\n<ul data-start=\"137\" data-end=\"356\">\n<li data-start=\"137\" data-end=\"172\">\n<p data-start=\"139\" data-end=\"172\"><strong data-start=\"139\" data-end=\"158\">Chevrolet Agile<\/strong> (2010 a 2014)<\/p>\n<\/li>\n<li data-start=\"173\" data-end=\"208\">\n<p data-start=\"175\" data-end=\"208\"><strong data-start=\"175\" data-end=\"194\">Chevrolet Celta<\/strong> (2001 a 2014)<\/p>\n<\/li>\n<li data-start=\"209\" data-end=\"244\">\n<p data-start=\"211\" data-end=\"244\"><strong data-start=\"211\" data-end=\"230\">Chevrolet Corsa<\/strong> (1994 a 2012)<\/p>\n<\/li>\n<li data-start=\"245\" data-end=\"281\">\n<p data-start=\"247\" data-end=\"281\"><strong data-start=\"247\" data-end=\"267\">Chevrolet Meriva<\/strong> (2003 a 2012)<\/p>\n<\/li>\n<li data-start=\"282\" data-end=\"319\">\n<p data-start=\"284\" data-end=\"319\"><strong data-start=\"284\" data-end=\"305\">Chevrolet Montana<\/strong> (2004 a 2016)<\/p>\n<\/li>\n<li data-start=\"320\" data-end=\"356\">\n<p data-start=\"322\" data-end=\"356\"><strong data-start=\"322\" data-end=\"342\">Chevrolet Prisma<\/strong> (2007 a 2012)<\/p>\n<\/li>\n<\/ul>\n<p data-start=\"358\" data-end=\"377\"><strong data-start=\"358\" data-end=\"377\">Especifica\u00e7\u00f5es:<\/strong><\/p>\n<ul data-start=\"378\" data-end=\"539\">\n<li data-start=\"378\" data-end=\"399\">\n<p data-start=\"380\" data-end=\"399\"><strong data-start=\"380\" data-end=\"393\">Voltagem:<\/strong> 12V<\/p>\n<\/li>\n<li data-start=\"400\" data-end=\"422\">\n<p data-start=\"402\" data-end=\"422\"><strong data-start=\"402\" data-end=\"416\">Amperagem:<\/strong> 30A<\/p>\n<\/li>\n<li data-start=\"423\" data-end=\"475\">\n<p data-start=\"425\" data-end=\"475\"><strong data-start=\"425\" data-end=\"439\">Terminais:<\/strong> 4 terminais<\/p>\n<\/li>\n<li data-start=\"423\" data-end=\"475\">\n<p data-start=\"425\" data-end=\"475\"><strong data-start=\"478\" data-end=\"486\">Cor:<\/strong> Roxo ou lil\u00e1s<\/p>\n<\/li>\n<li data-start=\"503\" data-end=\"539\">\n<p data-start=\"505\" data-end=\"539\"><strong data-start=\"505\" data-end=\"539\">Circuito de prote\u00e7\u00e3o invertido<\/strong><\/p>\n<\/li>\n<\/ul>\n<p data-start=\"541\" data-end=\"644\"><strong data-start=\"541\" data-end=\"554\">Garantia:<\/strong> 3 meses<br data-start=\"562\" data-end=\"565\" \/><strong data-start=\"565\" data-end=\"575\">Marca:<\/strong> Arpe<br data-start=\"580\" data-end=\"583\" \/><strong data-start=\"583\" data-end=\"608\">C\u00f3digo de Refer\u00eancia:<\/strong> 3447012, 90244312, 90464759, RA9016<\/p>\n<p data-start=\"646\" data-end=\"761\"><strong data-start=\"646\" data-end=\"661\">Importante:<\/strong> Verifique o c\u00f3digo da pe\u00e7a original antes de comprar para garantir compatibilidade com seu ve\u00edculo.<\/p>\n<p>A Casa da Inje\u00e7\u00e3o SP oferece total garantia nos produtos comprados em nosso site.<br \/>\nCada item \u00e9 rigorosamente inspecionado\u00a0antes do envio<br \/>\nSe os itens estiverem danificados ou parcialmente defeituosos, entre em contato conosco.<br \/>\nProcure um profissional devidamente licenciado para a instala\u00e7\u00e3o e fa\u00e7a revis\u00f5es periodicamente. A empresa n\u00e3o se responsabiliza por problemas oriundos da m\u00e1 instala\u00e7\u00e3o ou com a falta de cuidados peri\u00f3dicos dos componentes.<br \/>\nSe houver qualquer defeito, ficamos a disposi\u00e7\u00e3o para a substitui\u00e7\u00e3o ou devolvemos seu dinheiro.<br \/>\nTem alguma d\u00favida?<br \/>\nEntre em contato que podemos ajudar!<br \/>\nConfira as informa\u00e7\u00f5es adicionais abaixo:<br \/>\nTodos os produtos anunciados est\u00e3o dispon\u00edveis em estoque e s\u00e3o enviados com extrema rapidez .<br \/>\nO frete pode ser simulado antes de efetuar a compra, basta clicar em \u201cver custos de envio\u201d.<br \/>\nVerifique o endere\u00e7o de entrega cadastrado e atualize caso necess\u00e1rio.<br \/>\nConfirme se a pe\u00e7a \u00e9 correta para o seu modelo de ve\u00edculo.<br \/>\nPara pe\u00e7as automotivas, recomendamos a instala\u00e7\u00e3o por um profissional especializado.<br \/>\nCaso possua outras d\u00favidas, entre em contato.<\/p>\n","protected":false},"excerpt":{"rendered":"<h2>Rel\u00e9 Bomba Combust\u00edvel Chevrolet Corsa Agile Meriva<\/h2>\n<h2>Voltagem 12V 30A &#8211; RA9016<\/h2>\n","protected":false},"featured_media":41848,"template":"","meta":{"_seopress_robots_primary_cat":"none","_seopress_titles_title":"","_seopress_titles_desc":"","_seopress_robots_index":"","_seopress_analysis_target_kw":"","_kad_blocks_custom_css":"","_kad_blocks_head_custom_js":"","_kad_blocks_body_custom_js":"","_kad_blocks_footer_custom_js":"","_kadence_starter_templates_imported_post":false,"_joinchat":[]},"product_brand":[],"product_cat":[17,149,153],"product_tag":[1410,115,117,296],"berocket_brand":[381],"class_list":{"0":"post-41841","1":"product","2":"type-product","3":"status-publish","4":"has-post-thumbnail","6":"product_cat-eletrica","7":"product_cat-motor-do-limpador","8":"product_cat-reles","9":"product_tag-agile","10":"product_tag-corsa","11":"product_tag-meriva","12":"product_tag-montana","13":"berocket_brand-chevrolet","14":"thunk-woo-product-list","15":"big-store-woo-hover-zoom","16":"open-single-product-tab-horizontal","17":"open-shadow-","18":"open-shadow-hover-","20":"first","21":"outofstock","22":"sale","23":"taxable","24":"shipping-taxable","25":"purchasable","26":"product-type-simple"},"taxonomy_info":{"product_cat":[{"value":17,"label":"El\u00e9trica"},{"value":149,"label":"Motor do Limpador"},{"value":153,"label":"Reles"}],"product_tag":[{"value":1410,"label":"AGile"},{"value":115,"label":"Corsa"},{"value":117,"label":"Meriva"},{"value":296,"label":"Montana"}],"berocket_brand":[{"value":381,"label":"Chevrolet"}]},"featured_image_src_large":["https:\/\/www.casadainjecao.com.br\/loja\/wp-content\/uploads\/2025\/11\/cats19-1.jpg",415,500,false],"author_info":[],"comment_info":"","_links":{"self":[{"href":"https:\/\/www.casadainjecao.com.br\/loja\/wp-json\/wp\/v2\/product\/41841","targetHints":{"allow":["GET"]}}],"collection":[{"href":"https:\/\/www.casadainjecao.com.br\/loja\/wp-json\/wp\/v2\/product"}],"about":[{"href":"https:\/\/www.casadainjecao.com.br\/loja\/wp-json\/wp\/v2\/types\/product"}],"wp:featuredmedia":[{"embeddable":true,"href":"https:\/\/www.casadainjecao.com.br\/loja\/wp-json\/wp\/v2\/media\/41848"}],"wp:attachment":[{"href":"https:\/\/www.casadainjecao.com.br\/loja\/wp-json\/wp\/v2\/media?parent=41841"}],"wp:term":[{"taxonomy":"product_brand","embeddable":true,"href":"https:\/\/www.casadainjecao.com.br\/loja\/wp-json\/wp\/v2\/product_brand?post=41841"},{"taxonomy":"product_cat","embeddable":true,"href":"https:\/\/www.casadainjecao.com.br\/loja\/wp-json\/wp\/v2\/product_cat?post=41841"},{"taxonomy":"product_tag","embeddable":true,"href":"https:\/\/www.casadainjecao.com.br\/loja\/wp-json\/wp\/v2\/product_tag?post=41841"},{"taxonomy":"berocket_brand","embeddable":true,"href":"https:\/\/www.casadainjecao.com.br\/loja\/wp-json\/wp\/v2\/berocket_brand?post=41841"}],"curies":[{"name":"wp","href":"https:\/\/api.w.org\/{rel}","templated":true}]}}