{"id":41995,"date":"2025-11-12T08:57:28","date_gmt":"2025-11-12T11:57:28","guid":{"rendered":"https:\/\/www.casadainjecao.com.br\/loja\/?post_type=product&#038;p=41995"},"modified":"2026-01-23T13:16:55","modified_gmt":"2026-01-23T16:16:55","slug":"rele-auxiliar-12v-compativel-com-ford-2po941589","status":"publish","type":"product","link":"https:\/\/www.casadainjecao.com.br\/loja\/autopecas\/eletrica\/reles\/rele-auxiliar-12v-compativel-com-ford-2po941589\/","title":{"rendered":"Rel\u00e9 Auxiliar 12v Compat\u00edvel Com Ford -2po941589"},"content":{"rendered":"<h2>Rel\u00e9 Auxiliar 12v<\/h2>\n<h3>compatibilidade:<\/h3>\n<h4><strong data-start=\"56\" data-end=\"66\">Agrale<\/strong> (caminh\u00f5es, \u00f4nibus e utilit\u00e1rios de 1983 a 2024, incluindo s\u00e9ries 1600 a Ma 17.0 e Marru\u00e1)<\/h4>\n<h4><strong data-start=\"184\" data-end=\"198\">Alfa Romeo<\/strong> (145, 147, 156, 164, 166, 2300, Spider)<\/h4>\n<h4><strong data-start=\"273\" data-end=\"293\">Caio Apache 2017<\/strong><\/h4>\n<h4>\u00a0<strong data-start=\"296\" data-end=\"309\">Chevrolet<\/strong> (Astra 1995-2009, Chevette 1974-1994).<\/h4>\n<h3>C\u00f3digo de Refer\u00eancia:<\/h3>\n<h3>2po941589<\/h3>\n<h5>Condi\u00e7\u00f5es:<br \/>\nProduto Semi Novo \/ Marca Arpe<br \/>\nEspecifica\u00e7\u00f5es:<br \/>\nVoltagem 12V, 40 A, 4 Terminais<br \/>\nGarantia:<br \/>\n3 Meses<br \/>\nATEN\u00c7\u00c3O: Antes de efetuar a compra verifique o c\u00f3digo da sua pe\u00e7a que est\u00e1 instalado no seu ve\u00edculo.<\/h5>\n<h5>A Casa da Inje\u00e7\u00e3o SP oferece total garantia nos produtos comprados em nosso site.<br \/>\nCada item \u00e9 rigorosamente inspecionado\u00a0antes do envio<br \/>\nSe os itens estiverem danificados ou parcialmente defeituosos, entre em contato conosco.<br \/>\nProcure um profissional devidamente licenciado para a instala\u00e7\u00e3o e fa\u00e7a revis\u00f5es periodicamente. A empresa n\u00e3o se responsabiliza por problemas oriundos da m\u00e1 instala\u00e7\u00e3o ou com a falta de cuidados peri\u00f3dicos dos componentes.<br \/>\nSe houver qualquer defeito, ficamos a disposi\u00e7\u00e3o para a substitui\u00e7\u00e3o ou devolvemos seu dinheiro.<br \/>\nTem alguma d\u00favida?<br \/>\nEntre em contato que podemos ajudar!<br \/>\nConfira as informa\u00e7\u00f5es adicionais abaixo:<br \/>\nTodos os produtos anunciados est\u00e3o dispon\u00edveis em estoque e s\u00e3o enviados com extrema rapidez .<br \/>\nO frete pode ser simulado antes de efetuar a compra, basta clicar em \u201cver custos de envio\u201d.<br \/>\nVerifique o endere\u00e7o de entrega cadastrado e atualize caso necess\u00e1rio.<br \/>\nConfirme se a pe\u00e7a \u00e9 correta para o seu modelo de ve\u00edculo.<br \/>\nPara pe\u00e7as automotivas, recomendamos a instala\u00e7\u00e3o por um profissional especializado.<br \/>\nCaso possua outras d\u00favidas, entre em contato.<\/h5>\n","protected":false},"excerpt":{"rendered":"<h1 class=\"ui-pdp-title\">Rel\u00e9 Auxiliar 12v Compat\u00edvel Com Ford -2po941589<\/h1>\n","protected":false},"featured_media":41996,"template":"","meta":{"_seopress_robots_primary_cat":"none","_seopress_titles_title":"","_seopress_titles_desc":"","_seopress_robots_index":"","_seopress_analysis_target_kw":"","_kad_blocks_custom_css":"","_kad_blocks_head_custom_js":"","_kad_blocks_body_custom_js":"","_kad_blocks_footer_custom_js":"","_kadence_starter_templates_imported_post":false,"_joinchat":[]},"product_brand":[],"product_cat":[17,153],"product_tag":[1052,1915,116,1480,2361],"berocket_brand":[381],"class_list":{"0":"post-41995","1":"product","2":"type-product","3":"status-publish","4":"has-post-thumbnail","6":"product_cat-eletrica","7":"product_cat-reles","8":"product_tag-agrale","9":"product_tag-alfa-romeo","10":"product_tag-astra","11":"product_tag-caio","12":"product_tag-chevete","13":"berocket_brand-chevrolet","14":"thunk-woo-product-list","15":"big-store-woo-hover-zoom","16":"open-single-product-tab-horizontal","17":"open-shadow-","18":"open-shadow-hover-","20":"first","21":"outofstock","22":"sale","23":"taxable","24":"shipping-taxable","25":"purchasable","26":"product-type-simple"},"taxonomy_info":{"product_cat":[{"value":17,"label":"El\u00e9trica"},{"value":153,"label":"Reles"}],"product_tag":[{"value":1052,"label":"Agrale"},{"value":1915,"label":"Alfa Romeo"},{"value":116,"label":"Astra"},{"value":1480,"label":"Caio"},{"value":2361,"label":"Chevete"}],"berocket_brand":[{"value":381,"label":"Chevrolet"}]},"featured_image_src_large":["https:\/\/www.casadainjecao.com.br\/loja\/wp-content\/uploads\/2025\/11\/2po941589-2.jpg",406,500,false],"author_info":[],"comment_info":"","_links":{"self":[{"href":"https:\/\/www.casadainjecao.com.br\/loja\/wp-json\/wp\/v2\/product\/41995","targetHints":{"allow":["GET"]}}],"collection":[{"href":"https:\/\/www.casadainjecao.com.br\/loja\/wp-json\/wp\/v2\/product"}],"about":[{"href":"https:\/\/www.casadainjecao.com.br\/loja\/wp-json\/wp\/v2\/types\/product"}],"wp:featuredmedia":[{"embeddable":true,"href":"https:\/\/www.casadainjecao.com.br\/loja\/wp-json\/wp\/v2\/media\/41996"}],"wp:attachment":[{"href":"https:\/\/www.casadainjecao.com.br\/loja\/wp-json\/wp\/v2\/media?parent=41995"}],"wp:term":[{"taxonomy":"product_brand","embeddable":true,"href":"https:\/\/www.casadainjecao.com.br\/loja\/wp-json\/wp\/v2\/product_brand?post=41995"},{"taxonomy":"product_cat","embeddable":true,"href":"https:\/\/www.casadainjecao.com.br\/loja\/wp-json\/wp\/v2\/product_cat?post=41995"},{"taxonomy":"product_tag","embeddable":true,"href":"https:\/\/www.casadainjecao.com.br\/loja\/wp-json\/wp\/v2\/product_tag?post=41995"},{"taxonomy":"berocket_brand","embeddable":true,"href":"https:\/\/www.casadainjecao.com.br\/loja\/wp-json\/wp\/v2\/berocket_brand?post=41995"}],"curies":[{"name":"wp","href":"https:\/\/api.w.org\/{rel}","templated":true}]}}