{"id":42106,"date":"2025-11-13T14:39:22","date_gmt":"2025-11-13T17:39:22","guid":{"rendered":"https:\/\/www.casadainjecao.com.br\/loja\/?post_type=product&#038;p=42106"},"modified":"2026-04-24T14:21:09","modified_gmt":"2026-04-24T17:21:09","slug":"kit-4-velas-de-ignicao-normal-vela-de-ignicao-do-motor-k4-7700107916","status":"publish","type":"product","link":"https:\/\/www.casadainjecao.com.br\/loja\/autopecas\/motor\/vela-ignicao\/kit-4-velas-de-ignicao-normal-vela-de-ignicao-do-motor-k4-7700107916\/","title":{"rendered":"KIT 4 Velas de Igni\u00e7\u00e3o Normal  Vela de Igni\u00e7\u00e3o do Motor "},"content":{"rendered":"<h2>KIT 4 Velas de Igni\u00e7\u00e3o Normal Vela de Igni\u00e7\u00e3o do Motor<\/h2>\n<h4>APLICA\u00c7\u00c3O:<\/h4>\n<h4>CLIO II : 1.0 8V, 16V \/ 1.6\u00a0 8V , 16V \/ 1998 A 2018<\/h4>\n<h4>KANGO: 1.0\u00a0 8V , 16V \/ 1.6 8V,16V \/ 1997 A 2018<\/h4>\n<h4>KANGO EXPRESS:1.0 8V, 16V \/ 1.6 8V, 16V<\/h4>\n<h4>LOGAN:1.0 16V \/ 1.6 8V, 16V \/ 2002 A 2013<\/h4>\n<h4>LOGAN II:1.0 16V \/ 1.6\u00a0 8V , 16V \/ 2013 A 2022<\/h4>\n<h4>SANDERO: 1.0\u00a0 16V,\/ 1.6 8V, 16V \/ 2002 A 2013<\/h4>\n<h4>TWINGO: 1.0 8V, 16V \/ 1.1 8V\/ 1.2 8V<\/h4>\n<h4>Codigo:<\/h4>\n<h4>0242229654<\/h4>\n<h4>7700107916<\/h4>\n<h4>9195109<\/h4>\n<h4>Condi\u00e7\u00f5es:<br \/>\nProduto\u00a0 NOVO \/ Marca RENAULT<\/h4>\n<h4>Garantia:<br \/>\n3 Meses<br \/>\nATEN\u00c7\u00c3O: Antes de efetuar a compra verifique o c\u00f3digo da sua pe\u00e7a que est\u00e1 instalado no seu ve\u00edculo.<\/h4>\n<p>&nbsp;<\/p>\n<p>A Casa da Inje\u00e7\u00e3o SP oferece total garantia nos produtos comprados em nosso site.<br \/>\nCada item \u00e9 rigorosamente inspecionado\u00a0antes do envio<br \/>\nSe os itens estiverem danificados ou parcialmente defeituosos, entre em contato conosco.<br \/>\nProcure um profissional devidamente licenciado para a instala\u00e7\u00e3o e fa\u00e7a revis\u00f5es periodicamente. A empresa n\u00e3o se responsabiliza por problemas oriundos da m\u00e1 instala\u00e7\u00e3o ou com a falta de cuidados peri\u00f3dicos dos componentes.<br \/>\nSe houver qualquer defeito, ficamos a disposi\u00e7\u00e3o para a substitui\u00e7\u00e3o ou devolvemos seu dinheiro.<br \/>\nTem alguma d\u00favida?<br \/>\nEntre em contato que podemos ajudar!<br \/>\nConfira as informa\u00e7\u00f5es adicionais abaixo:<br \/>\nTodos os produtos anunciados est\u00e3o dispon\u00edveis em estoque e s\u00e3o enviados com extrema rapidez .<br \/>\nO frete pode ser simulado antes de efetuar a compra, basta clicar em \u201cver custos de envio\u201d.<br \/>\nVerifique o endere\u00e7o de entrega cadastrado e atualize caso necess\u00e1rio.<br \/>\nConfirme se a pe\u00e7a \u00e9 correta para o seu modelo de ve\u00edculo.<br \/>\nPara pe\u00e7as automotivas, recomendamos a instala\u00e7\u00e3o por um profissional especializado.<br \/>\nCaso possua outras d\u00favidas, entre em contato.<\/p>\n","protected":false},"excerpt":{"rendered":"<h1 class=\"ui-pdp-title\">KIT 4 Velas de Igni\u00e7\u00e3o Normal Vela de Igni\u00e7\u00e3o do Motor K4-7700107916<\/h1>\n<p>&nbsp;<\/p>\n","protected":false},"featured_media":42108,"template":"","meta":{"_seopress_robots_primary_cat":"none","_seopress_titles_title":"","_seopress_titles_desc":"","_seopress_robots_index":"","_seopress_analysis_target_kw":"","_kad_blocks_custom_css":"","_kad_blocks_head_custom_js":"","_kad_blocks_body_custom_js":"","_kad_blocks_footer_custom_js":"","_kadence_starter_templates_imported_post":false,"_joinchat":[]},"product_brand":[],"product_cat":[17,2215],"product_tag":[216,57,1886,66,1426,91,53],"berocket_brand":[394],"class_list":{"0":"post-42106","1":"product","2":"type-product","3":"status-publish","4":"has-post-thumbnail","6":"product_cat-eletrica","7":"product_cat-vela-ignicao","8":"product_tag-clio-ii","9":"product_tag-kangoo","10":"product_tag-kangoo-express","11":"product_tag-logan","12":"product_tag-logan-ii","13":"product_tag-sandero","14":"product_tag-twingo","15":"berocket_brand-renault","16":"thunk-woo-product-list","17":"big-store-woo-hover-zoom","18":"open-single-product-tab-horizontal","19":"open-shadow-","20":"open-shadow-hover-","22":"first","23":"outofstock","24":"sale","25":"taxable","26":"shipping-taxable","27":"purchasable","28":"product-type-simple"},"taxonomy_info":{"product_cat":[{"value":17,"label":"El\u00e9trica"},{"value":2215,"label":"Vela Igni\u00e7\u00e3o"}],"product_tag":[{"value":216,"label":"Clio II"},{"value":57,"label":"Kangoo"},{"value":1886,"label":"Kangoo Express"},{"value":66,"label":"Logan"},{"value":1426,"label":"Logan II"},{"value":91,"label":"Sandero"},{"value":53,"label":"Twingo"}],"berocket_brand":[{"value":394,"label":"Renault"}]},"featured_image_src_large":["https:\/\/www.casadainjecao.com.br\/loja\/wp-content\/uploads\/2025\/11\/K4-7700107916.jpg",500,500,false],"author_info":[],"comment_info":"","_links":{"self":[{"href":"https:\/\/www.casadainjecao.com.br\/loja\/wp-json\/wp\/v2\/product\/42106","targetHints":{"allow":["GET"]}}],"collection":[{"href":"https:\/\/www.casadainjecao.com.br\/loja\/wp-json\/wp\/v2\/product"}],"about":[{"href":"https:\/\/www.casadainjecao.com.br\/loja\/wp-json\/wp\/v2\/types\/product"}],"wp:featuredmedia":[{"embeddable":true,"href":"https:\/\/www.casadainjecao.com.br\/loja\/wp-json\/wp\/v2\/media\/42108"}],"wp:attachment":[{"href":"https:\/\/www.casadainjecao.com.br\/loja\/wp-json\/wp\/v2\/media?parent=42106"}],"wp:term":[{"taxonomy":"product_brand","embeddable":true,"href":"https:\/\/www.casadainjecao.com.br\/loja\/wp-json\/wp\/v2\/product_brand?post=42106"},{"taxonomy":"product_cat","embeddable":true,"href":"https:\/\/www.casadainjecao.com.br\/loja\/wp-json\/wp\/v2\/product_cat?post=42106"},{"taxonomy":"product_tag","embeddable":true,"href":"https:\/\/www.casadainjecao.com.br\/loja\/wp-json\/wp\/v2\/product_tag?post=42106"},{"taxonomy":"berocket_brand","embeddable":true,"href":"https:\/\/www.casadainjecao.com.br\/loja\/wp-json\/wp\/v2\/berocket_brand?post=42106"}],"curies":[{"name":"wp","href":"https:\/\/api.w.org\/{rel}","templated":true}]}}