{"id":42113,"date":"2025-11-14T09:50:33","date_gmt":"2025-11-14T12:50:33","guid":{"rendered":"https:\/\/www.casadainjecao.com.br\/loja\/?post_type=product&#038;p=42113"},"modified":"2025-11-14T10:14:00","modified_gmt":"2025-11-14T13:14:00","slug":"kit-10-pre-filtro-combustivel-vw-gol-saveiro-t040205","status":"publish","type":"product","link":"https:\/\/www.casadainjecao.com.br\/loja\/autopecas\/transmissao\/filtro-transmissao\/kit-10-pre-filtro-combustivel-vw-gol-saveiro-t040205\/","title":{"rendered":"KIT 10 Pr\u00e9 Filtro Combust\u00edvel VW Gol Saveiro- K10-T040205"},"content":{"rendered":"<h2>KIT 10 Pr\u00e9 Filtro Combust\u00edvel<\/h2>\n<h4>APLICA\u00c7\u00c3O:<\/h4>\n<h4>VW: GOL G2,G3<\/h4>\n<h4>GOLF<\/h4>\n<h4>PARATI G2,G3<\/h4>\n<h4>POLO<\/h4>\n<h4>SAVEIRO G1, G2, G3, G4<\/h4>\n<h4>FIAT: UNO<\/h4>\n<h4>FIORINO<\/h4>\n<h4>CITROEN: XSARA PICASSO<\/h4>\n<h4>AUDI: A3<\/h4>\n<h4>AUDI &#8211; A3 &#8211; 1999 \/ 2006<\/h4>\n<h4>Codigo:<\/h4>\n<h4>K10-T040205<\/h4>\n<h4>Condi\u00e7\u00f5es:<br \/>\nProduto\u00a0 NOVO \/ Marca TORKEN<\/h4>\n<h4>Garantia:<br \/>\n3 Meses<br \/>\nATEN\u00c7\u00c3O: Antes de efetuar a compra verifique o c\u00f3digo da sua pe\u00e7a que est\u00e1 instalado no seu ve\u00edculo.<\/h4>\n<p>A Casa da Inje\u00e7\u00e3o SP oferece total garantia nos produtos comprados em nosso site.<br \/>\nCada item \u00e9 rigorosamente inspecionado\u00a0antes do envio<br \/>\nSe os itens estiverem danificados ou parcialmente defeituosos, entre em contato conosco.<br \/>\nProcure um profissional devidamente licenciado para a instala\u00e7\u00e3o e fa\u00e7a revis\u00f5es periodicamente. A empresa n\u00e3o se responsabiliza por problemas oriundos da m\u00e1 instala\u00e7\u00e3o ou com a falta de cuidados peri\u00f3dicos dos componentes.<br \/>\nSe houver qualquer defeito, ficamos a disposi\u00e7\u00e3o para a substitui\u00e7\u00e3o ou devolvemos seu dinheiro.<br \/>\nTem alguma d\u00favida?<br \/>\nEntre em contato que podemos ajudar!<br \/>\nConfira as informa\u00e7\u00f5es adicionais abaixo:<br \/>\nTodos os produtos anunciados est\u00e3o dispon\u00edveis em estoque e s\u00e3o enviados com extrema rapidez .<br \/>\nO frete pode ser simulado antes de efetuar a compra, basta clicar em \u201cver custos de envio\u201d.<br \/>\nVerifique o endere\u00e7o de entrega cadastrado e atualize caso necess\u00e1rio.<br \/>\nConfirme se a pe\u00e7a \u00e9 correta para o seu modelo de ve\u00edculo.<br \/>\nPara pe\u00e7as automotivas, recomendamos a instala\u00e7\u00e3o por um profissional especializado.<br \/>\nCaso possua outras d\u00favidas, entre em contato.<\/p>\n","protected":false},"excerpt":{"rendered":"<h1 class=\"ui-pdp-title\">KIT 10 Pr\u00e9 Filtro Combust\u00edvel VW Gol Saveiro- K10-T040205<\/h1>\n<p>&nbsp;<\/p>\n","protected":false},"featured_media":42115,"template":"","meta":{"_seopress_robots_primary_cat":"none","_seopress_titles_title":"","_seopress_titles_desc":"","_seopress_robots_index":"","_seopress_analysis_target_kw":"","_kad_blocks_custom_css":"","_kad_blocks_head_custom_js":"","_kad_blocks_body_custom_js":"","_kad_blocks_footer_custom_js":"","_kadence_starter_templates_imported_post":false,"_joinchat":[]},"product_brand":[],"product_cat":[17,1249,260,26],"product_tag":[1468,280,59,1742,698,232,75,60,214,1640],"berocket_brand":[378,382,383,396],"class_list":{"0":"post-42113","1":"product","2":"type-product","3":"status-publish","4":"has-post-thumbnail","6":"product_cat-eletrica","7":"product_cat-filtro-transmissao","8":"product_cat-filtro-de-combustivel","9":"product_cat-transmissao","10":"product_tag-audi-a3","11":"product_tag-fiorino","12":"product_tag-gol","13":"product_tag-gol-g3","14":"product_tag-golf","15":"product_tag-parati","16":"product_tag-polo","17":"product_tag-saveiro","18":"product_tag-uno","19":"product_tag-xsara-picasso","20":"berocket_brand-audi","21":"berocket_brand-citroen","22":"berocket_brand-fiat","23":"berocket_brand-volkswagen","24":"thunk-woo-product-list","25":"big-store-woo-hover-zoom","26":"open-single-product-tab-horizontal","27":"open-shadow-","28":"open-shadow-hover-","30":"first","31":"instock","32":"sale","33":"taxable","34":"shipping-taxable","35":"purchasable","36":"product-type-simple"},"taxonomy_info":{"product_cat":[{"value":17,"label":"El\u00e9trica"},{"value":1249,"label":"Filtro"},{"value":260,"label":"Filtro de Combustivel"},{"value":26,"label":"Transmiss\u00e3o"}],"product_tag":[{"value":1468,"label":"Audi A3"},{"value":280,"label":"FIORINO"},{"value":59,"label":"gol"},{"value":1742,"label":"Gol G3"},{"value":698,"label":"Golf"},{"value":232,"label":"Parati"},{"value":75,"label":"polo"},{"value":60,"label":"saveiro"},{"value":214,"label":"Uno"},{"value":1640,"label":"Xsara Picasso"}],"berocket_brand":[{"value":378,"label":"Audi"},{"value":382,"label":"Citroen"},{"value":383,"label":"Fiat"},{"value":396,"label":"Volkswagen"}]},"featured_image_src_large":["https:\/\/www.casadainjecao.com.br\/loja\/wp-content\/uploads\/2025\/11\/K10-T040205.jpg",500,500,false],"author_info":[],"comment_info":"","_links":{"self":[{"href":"https:\/\/www.casadainjecao.com.br\/loja\/wp-json\/wp\/v2\/product\/42113","targetHints":{"allow":["GET"]}}],"collection":[{"href":"https:\/\/www.casadainjecao.com.br\/loja\/wp-json\/wp\/v2\/product"}],"about":[{"href":"https:\/\/www.casadainjecao.com.br\/loja\/wp-json\/wp\/v2\/types\/product"}],"wp:featuredmedia":[{"embeddable":true,"href":"https:\/\/www.casadainjecao.com.br\/loja\/wp-json\/wp\/v2\/media\/42115"}],"wp:attachment":[{"href":"https:\/\/www.casadainjecao.com.br\/loja\/wp-json\/wp\/v2\/media?parent=42113"}],"wp:term":[{"taxonomy":"product_brand","embeddable":true,"href":"https:\/\/www.casadainjecao.com.br\/loja\/wp-json\/wp\/v2\/product_brand?post=42113"},{"taxonomy":"product_cat","embeddable":true,"href":"https:\/\/www.casadainjecao.com.br\/loja\/wp-json\/wp\/v2\/product_cat?post=42113"},{"taxonomy":"product_tag","embeddable":true,"href":"https:\/\/www.casadainjecao.com.br\/loja\/wp-json\/wp\/v2\/product_tag?post=42113"},{"taxonomy":"berocket_brand","embeddable":true,"href":"https:\/\/www.casadainjecao.com.br\/loja\/wp-json\/wp\/v2\/berocket_brand?post=42113"}],"curies":[{"name":"wp","href":"https:\/\/api.w.org\/{rel}","templated":true}]}}