{"id":42116,"date":"2025-11-14T11:13:52","date_gmt":"2025-11-14T14:13:52","guid":{"rendered":"https:\/\/www.casadainjecao.com.br\/loja\/?post_type=product&#038;p=42116"},"modified":"2026-04-08T15:23:48","modified_gmt":"2026-04-08T18:23:48","slug":"kit-2-bicos-injetores-valvula-dosadora-torken-dosador-arla-32-mercedes-bens-21150162d","status":"publish","type":"product","link":"https:\/\/www.casadainjecao.com.br\/loja\/autopecas\/injecao-eletronica\/bico-injetor\/kit-2-bicos-injetores-valvula-dosadora-torken-dosador-arla-32-mercedes-bens-21150162d\/","title":{"rendered":"Kit 2 Bicos Injetores Valvula Dosadora Torken Dosador Arla 3"},"content":{"rendered":"<h1>Kit 2 Bicos Injetores Valvula Dosadora Arla Atego Axor Actros<\/h1>\n<h3>N\u00famero do OEM: 21150162D<\/h3>\n<h3>Usado com: Diesel medi\u00e7\u00e3o inje\u00e7\u00e3o v\u00e1lvula<\/h3>\n<h3>Usado para: Carros, \u00f4nibus e caminh\u00f5es<\/h3>\n<h3>Para Mercedes Benz Axor\/Accelo\/\u00f4nibus\/Atego\/Atron desde 2012<\/h3>\n<h3>Para o sistema de primeira gera\u00e7\u00e3o Mercedes Bens Arla 32 Bluetec 5 Fase 1<\/h3>\n<h3>APLICA\u00c7\u00c3O:<\/h3>\n<h3>O bico injetor, ou v\u00e1lvula dosadora Torken \u00e9 compat\u00edvel com os caminh\u00f5es com Motores Mercedes Benz que usam o aditivo Arla 32<\/h3>\n<h3>\u00d4nibus Carroceria Busscar, Caio, Euro 4, Euro 5, Marcopolo e Torino<\/h3>\n<h3>\u00d4nibus e Caminh\u00f5es<\/h3>\n<h2 class=\"ui-pdp-description__title\" data-testid=\"title\">Descri\u00e7\u00e3o<\/h2>\n<p class=\"ui-pdp-description__content\" data-testid=\"content\">Aplica\u00e7\u00e3o<\/p>\n<p>MERCEDES BENZ ACCELO 1016\/31 4.8 L 12V SOHV L4 (2012 a 2022)<br \/>\nACCELO 1016\/37 4.8 L 12V SOHV L4 (2012 a 2019)<br \/>\nACCELO 1016\/44 4.8 L 12V SOHV L4 (2012 a 2019)<br \/>\nACCELO 1316\/37 4.8 L 12V SOHV L4 (2016 a 2022)<br \/>\nACCELO 1316\/44 4.8 L 12V SOHV L4 (2016 a 2019)<br \/>\nACCELO 815\/31 4.8 L 12V SOHV L4 (2012 a 2022)<br \/>\nACCELO 815\/37 4.8 L 12V SOHV L4 (2012 a 2019)<br \/>\nACCELO 815\/44 4.8 L 12V SOHV L4 (2012 a 2019)<br \/>\nACTROS 2546\/33 13.0 L 24V SOHV L6 (2012 a 2021)<br \/>\nACTROS 2646\/33 ESTRADEIRO SUSPENS\u00c3O PNEUM\u00c1TICA 13.0 L 24V SOHV L6 (2012 a 2021)<br \/>\nACTROS 2646\/33 MULTIUSO SUSPENS\u00c3O PNEUM\u00c1TICA 13.0 L 24V SOHV L6 (2012 a 2021)<br \/>\nACTROS 2646\/36 ESTRADEIRO SUSPENS\u00c3O MET\u00c1LICA 13.0 L 24V SOHV L6 (2012 a 2021)<br \/>\nACTROS 2651\/33 ESTRADEIRO SUSPENS\u00c3O PNEUM\u00c1TICA 13.0 L 24V SOHV L6 (2016 a 2021)<br \/>\nACTROS 2651\/33 MULTIUSO SUSPENS\u00c3O PNEUM\u00c1TICA 13.0 L 24V SOHV L6 (2016 a 2021)<br \/>\nACTROS 2651\/36 ESTRADEIRO SUSPENS\u00c3O MET\u00c1LICA 13.0 L 24V SOHV L6 (2016 a 2021)<br \/>\nACTROS 2655 LS 16.0 L 32V SOHV V8 (2013 a 2016)<br \/>\nACTROS 4160 SLT 16.0 L 32V SOHV V8 (2014 a 2019)<br \/>\nACTROS 4844 (2018 a 2019)<br \/>\nACTROS 4844 12.0 L 24V SOHV V6 (2012 a 2019)<br \/>\nATEGO 1419\/36 4.8 L 12V SOHV L4 (2012 a 2022)<br \/>\nATEGO 1419\/48 4.8 L 12V SOHV L4 (2012 a 2019)<br \/>\nATEGO 1419\/54 4.8 L 12V SOHV L4 (2012 a 2019)<br \/>\nATEGO 1719\/36 4.8 L 12V SOHV L4 (2012 a 2022)<br \/>\nATEGO 1719\/42 4.8 L 12V SOHV L4 (2012 a 2019)<br \/>\nATEGO 1719\/48 4.8 L 12V SOHV L4 (2012 a 2019)<br \/>\nATEGO 1719\/54 4.8 L 12V SOHV L4 (2012 a 2022)<br \/>\nATEGO 1726\/36 7.2 L 18V SOHV L6 (2011 a 2022)<br \/>\nATEGO 1726\/42 7.2 L 18V SOHV L6 (2011 a 2019)<br \/>\nATEGO 1726\/42 TRA\u00c7\u00c3O TOTAL 7.2 L 18V SOHV L6 (2012 a 2019)<br \/>\nATEGO 1726\/48 7.2 L 18V SOHV L6 (2011 a 2019)<br \/>\nATEGO 1726\/54 7.2 L 18V SOHV L6 (2011 a 2019)<br \/>\nATEGO 1729\/36 7.2 L 18V SOHV L6 (2012 a 2022)<br \/>\nATEGO 1729\/48 7.2 L 18V SOHV L6 (2012 a 2019)<br \/>\nATEGO 1730\/36 7.2 L 18V SOHV L6 (2016 a 2022)<br \/>\nATEGO 2426\/36 7.2 L 18V SOHV L6 (2012 a 2022)<br \/>\nATEGO 2426\/48 7.2 L 18V SOHV L6 (2012 a 2019)<br \/>\nATEGO 2426\/54 7.2 L 18V SOHV L6 (2012 a 2019)<br \/>\nATEGO 2429 36\/48\/54 7.2 L 18V SOHV L6 (2012 a 2015)<br \/>\nATEGO 2430\/36 7.2 L 18V SOHV L6 (2013 a 2019)<br \/>\nATEGO 2430\/36 ECONFORT 7.2 L 18V SOHV L6 (2013 a 2022)<br \/>\nATEGO 2430\/48 7.2 L 18V SOHV L6 (2013 a 2019)<br \/>\nATEGO 2430\/48 ECONFORT 7.2 L 18V SOHV L6 (2013 a 2019)<br \/>\nATEGO 2430\/54 7.2 L 18V SOHV L6 (2013 a 2019)<br \/>\nATEGO 2430\/54 ECONFORT 7.2 L 18V SOHV L6 (2013 a 2019)<br \/>\nATEGO 2730\/36 7.2L 18V SOHV L6 (2016 a 2022)<br \/>\nATEGO 2730\/48 7.2L 18V SOHV L6 (2016 a 2019)<br \/>\nATEGO 3026\/48 7.2 L 18V SOHV L6 (2016 a 2022)<br \/>\nATEGO 3026\/54 7.2 L 18V SOHV L6 (2016 a 2019)<br \/>\nATEGO 3030\/48 7.2 L 18V SOHV L6 (2016 a 2022)<br \/>\nATEGO 3030\/54 7.2 L 18V SOHV L6 (2016 a 2019)<br \/>\nATRON 1319\/51 4.8 L 12V SOHV L4 (2012 a 2016)<br \/>\nATRON 1635\/45 12.0 L 24V SOHV L6 (2012 a 2022)<br \/>\nATRON 1719\/36 4.8 L 12V SOHV L4 (2013 a 2016)<br \/>\nATRON 1719\/48 4.8 L 12V SOHV L4 (2013 a 2016)<br \/>\nATRON 2324\/51 7.2 L 18V SOHV L6 (2012 a 2016)<br \/>\nATRON 2729\/36 7.2 L 18V SOHV L6 (2012 a 2016)<br \/>\nATRON 2729\/48 7.2 L 18V SOHV L6 (2012 a 2016)<br \/>\nAXOR 1933\/36 7.2 L 18V SOHV L6 (2012 a 2022)<br \/>\nAXOR 2036\/36 ESTRADEIRO SUSPENS\u00c3O MET\u00c1LICA 12.0 L 24V SOHV L6 (2012 a 2022)<br \/>\nAXOR 2036\/36 ESTRADEIRO SUSPENS\u00c3O PNEUM\u00c1TICA 12.0 L 24V SOHV L6 (2012 a 2022)<br \/>\nAXOR 2036\/36 MULTIUSO SUSPENS\u00c3O MET\u00c1LICA 12.0 L 24V SOHV L6 (2012 a 2019)<br \/>\nAXOR 2041\/36 ESTRADEIRO SUSPENS\u00c3O MET\u00c1LICA 12.0 L 24V SOHV L6 (2012 a 2022)<br \/>\nAXOR 2041\/36 ESTRADEIRO SUSPENS\u00c3O PNEUM\u00c1TICA 12.0 L 24V SOHV L6 (2012 a 2022)<br \/>\nAXOR 2041\/36 MULTIUSO SUSPENS\u00c3O MET\u00c1LICA 12.0 L 24V SOHV L6 (2012 a 2019)<br \/>\nAXOR 2533\/48 SUSPENS\u00c3O MET\u00c1LICA 7.2 L 18V SOHV L6 (2012 a 2022)<br \/>\nAXOR 2533\/48 SUSPENS\u00c3O PNEUM\u00c1TICA 7.2 L 18V SOHV L6 (2012 a 2019)<br \/>\nAXOR 2536\/31 ESTRADEIRO SUSPENS\u00c3O PNEUM\u00c1TICA 12.0 L 24V SOHV L6 (2012 a 2022)<br \/>\nAXOR 2536\/36 ESTRADEIRO SUSPENS\u00c3O MET\u00c1LICA 12.0 L 24V SOHV L6 (2012 a 2022)<br \/>\nAXOR 2536\/36 ESTRADEIRO SUSPENS\u00c3O PNEUM\u00c1TICA 12.0 L 24V SOHV L6 (2012 a 2019)<br \/>\nAXOR 2536\/36 MULTIUSO SUSPENS\u00c3O MET\u00c1LICA 12.0 L 24V SOHV L6 (2012 a 2019)<br \/>\nAXOR 2541 S 12.0 L 24V SOHV L6 (2012 a 2018)<br \/>\nAXOR 2544\/31 ESTRADEIRO SUSPENS\u00c3O PNEUM\u00c1TICA 12.0 L 24V SOHV L6 (2012 a 2022)<br \/>\nAXOR 2544\/36 ESTRADEIRO SUSPENS\u00c3O MET\u00c1LICA 12.0 L 24V SOHV L6 (2012 a 2022)<br \/>\nAXOR 2544\/36 ESTRADEIRO SUSPENS\u00c3O PNEUM\u00c1TICA 12.0 L 24V SOHV L6 (2012 a 2019)<br \/>\nAXOR 2544\/36 MULTIUSO SUSPENS\u00c3O MET\u00c1LICA 12.0 L 24V SOHV L6 (2012 a 2019)<br \/>\nAXOR 2641 33\/36 12.0 L 24V SOHV L6 (2012 a 2016)<br \/>\nAXOR 2644\/33 ESTRADEIRO SUSPENS\u00c3O MET\u00c1LICA 12.0 L 24V SOHV L6 (2012 a 2022)<br \/>\nAXOR 2644\/33 ESTRADEIRO SUSPENS\u00c3O PNEUM\u00c1TICA 12.0 L 24V SOHV L6 (2012 a 2019)<br \/>\nAXOR 2644\/33 MULTIUSO SUSPENS\u00c3O MET\u00c1LICA 12.0 L 24V SOHV L6 (2012 a 2019)<br \/>\nAXOR 2644\/36 ESTRADEIRO SUSPENS\u00c3O MET\u00c1LICA 12.0 L 24V SOHV L6 (2012 a 2019)<br \/>\nAXOR 2644\/36 ESTRADEIRO SUSPENS\u00c3O PNEUM\u00c1TICA 12.0 L 24V SOHV L6 (2012 a 2019)<br \/>\nAXOR 2644\/36 MULTIUSO SUSPENS\u00c3O MET\u00c1LICA 12.0 L 24V SOHV L6 (2012 a 2022)<br \/>\nAXOR 2831 B-BETONEIRA 7.2 L 18V SOHV L6 (2012 a 2015)<br \/>\nAXOR 2831 K-BASCULANTE 7.2 L 18V SOHV L6 (2012 a 2015)<br \/>\nAXOR 3131\/36 7.2 L 18V SOHV L6 (2012 a 2022)<br \/>\nAXOR 3131\/48 7.2 L 18V SOHV L6 (2012 a 2019)<br \/>\nAXOR 3341 K-BASCULANTE 12.0 L 24V SOHV L6 (2012 a 2016)<br \/>\nAXOR 3341 P-PLATAFORMA 12.0 L 24V SOHV L6 (2012 a 2016)<br \/>\nAXOR 3341 S-CAVALO MEC\u00c2NICO 12.0 L 24V SOHV L6 (2012 a 2016)<br \/>\nAXOR 3344\/33 12.0 L 24V SOHV L6 (2012 a 2022)<br \/>\nAXOR 3344\/48 12.0 L 24V SOHV L6 (2012 a 2019)<br \/>\nAXOR 4141 K-BASCULANTE 12.0 L 24V SOHV L6 (2012 a 2016)<br \/>\nAXOR 4144\/33 12.0 L 24V SOHV L6 (2012 a 2022)<br \/>\nLO 815 3.8 L 16V SOHV L4 (2013 a 2021)<br \/>\nLO 916 4.8 L 12V SOHV L4 (2012 a 2022)<br \/>\nO 500 M 1826 7.2 L 18V SOHV L6 (2012 a 2022)<br \/>\nO 500 M 1826 BUGGY 7.2 L 18V SOHV L6 (2014 a 2016)<br \/>\nO 500 M BUGGY 7.2 L 18V SOHV L6 (2012 a 2016)<br \/>\nO 500 MA 2836 12.0 L 24V SOHV L6 (2012 a 2018)<br \/>\nO 500 MDA 3736 12.0 L 24V SOHV L6 (2014 a 2018)<br \/>\nO 500 R 1830 7.2 L 18V SOHV L6 (2014 a 2022)<br \/>\nO 500 R 7.2 L 18V SOHV L6 (2012 a 2022)<br \/>\nO 500 RS 12.0 L 24V SOHV L6 (2012 a 2016)<br \/>\nO 500 RS 1836 12.0 L 24V SOHV L6 (2014 a 2018)<br \/>\nO 500 RSD 12.0 L 24V SOHV L6 (2012 a 2016)<br \/>\nO 500 RSD 2436 12.0 L 24V SOHV L6 (2014 a 2022)<br \/>\nO 500 RSD 2441 12.0 L 24V SOHV L6 (2014 a 2018)<br \/>\nO 500 RSDD 2741 12.0 L 24V SOHV L6 (2014 a 2022)<br \/>\nO 500 U 1826 7.2 L 18V SOHV L6 (2014 a 2018)<br \/>\nO 500 U 7.2 L 18V SOHV L6 (2012 a 2016)<br \/>\nO 500 UA 12.0 L 24V SOHV L6 (2012 a 2016)<br \/>\nO 500 UA 2836 12.0 L 24V SOHV L6 (2014 a 2018)<br \/>\nO 500 UDA 12.0 L 24V SOHV L6 (2012 a 2016)<br \/>\nO 500 UDA 3736 12.0 L 24V SOHV L6 (2014 a 2022)<br \/>\nOF 1219 EV 4.8 L 12V SOHV L4 (2012 a 2015)<br \/>\nOF 1519 4.8 L 12V SOHV L4 (2015 a 2022)<br \/>\nOF 1519 R 4.8 L 12V SOHV L4 (2015 a 2022)<br \/>\nOF 1721 EV 4.8 L 12V SOHV L4 (2012 a 2022)<br \/>\nOF 1721 L 4.8 L 12V SOHV L4 (2016 a 2022)<br \/>\nOF 1724 7.2 L 18V SOHV L6 (2014 a 2022)<br \/>\nOF 1724 EV 7.2 L 18V SOHV L6 (2012 a 2022)<br \/>\nOF 1724 L 7.2 L 18V SOHV L6 (2012 a 2022)<br \/>\nOH 1519 4.8 L 12V SOHV L4 (2012 a 2021)<br \/>\nOH 1621 L 4.8 L 12V SOHV L4 (2014 a 2022)<\/p>\n<p>C\u00f3digo de Refer\u00eancia:<\/p>\n<h3 class=\"ui-pdp-title\">\u00a0001402039, 21150162d<\/h3>\n<h5><strong>ATEN\u00c7\u00c3O<\/strong>: Antes de efetuar a compra verifique o c\u00f3digo da pe\u00e7a que est\u00e1 instalada no seu ve\u00edculo.<\/h5>\n<h5 class=\"ui-pdp-title\">Valvula Dozadora Arla 32<\/h5>\n<h5>O que \u00e9 e para que serve o Arla 32?<\/h5>\n<h5>Arla \u00e9 a sigla para Agente Redutor L\u00edquido Automotivo, uma subst\u00e2ncia composta por \u00e1gua e ureia utilizada em ve\u00edculos que t\u00eam a tecnologia do Sistema Redutor Catal\u00edtico (SCR).<\/h5>\n<h5>Esses s\u00e3o ve\u00edculos a \u00f3leo diesel, como caminh\u00f5es e \u00f4nibus, nos quais o SCR serve para limitar as emiss\u00f5es de gases t\u00f3xicos, conforme a fase P7 do Programa de Controle de Polui\u00e7\u00e3o do Ar por Ve\u00edculos Automotores (PROCONVE). Ou seja, serve para <b>reduzir a emiss\u00e3o de poluentes transformando os t\u00f3xicos \u00f3xidos de nitrog\u00eanio em materiais n\u00e3o-nocivos, como nitrog\u00eanio e \u00e1gua<\/b>.<\/h5>\n<h5>C\u00f3digo de refer\u00eancia:<\/h5>\n<h5>Siemens Deka 21150162D<\/h5>\n<h5>Proced\u00eancia:<\/h5>\n<h5><strong>Novo \/ Marca Torken<\/strong><\/h5>\n<h5>Garantia:<\/h5>\n<h5><strong> 3 Meses<\/strong><\/h5>\n<h5><span id=\"tl_17\" data-spm-anchor-id=\"a2g0o.detail.1000023.i1.30a079aeLEUutq\">1. Cada item \u00e9 rigorosamente testado antes do envio.<\/span><\/h5>\n<h5><span id=\"tl_18\">2. Se os itens estiverem danificados ou parcialmente defeituosos, entre em contato conosco.<\/span><\/h5>\n<h5><span id=\"tl_19\">Voc\u00ea deve enviar os itens de volta para n\u00f3s e pagar a taxa de devolu\u00e7\u00e3o.<\/span><\/h5>\n<h5><span id=\"tl_20\">N\u00f3s lhe enviaremos uma substitui\u00e7\u00e3o ap\u00f3s receber o pacote.<\/span><\/h5>\n<h5>Leia nossa <span style=\"color: #ff0000;\"><a style=\"color: #ff0000;\" href=\"https:\/\/www.casadainjecao.com.br\/loja\/politica-de-devolucao\/\">pol\u00edtica de devolu\u00e7\u00e3o aqui<\/a>.<\/span><\/h5>\n<h5>Tem alguma d\u00favida?<\/h5>\n<h5>Entre em contato que podemos ajudar!<\/h5>\n<h5>Confira as informa\u00e7\u00f5es abaixo:<\/h5>\n<ul>\n<li>\n<h5>Todos os nossos produtos s\u00e3o novos, originais e possuem garantia.<\/h5>\n<\/li>\n<li>\n<h5>Todos os produtos anunciados est\u00e3o dispon\u00edveis em estoque e s\u00e3o enviados com extrema rapidez.<\/h5>\n<\/li>\n<li>\n<h5>O frete pode ser simulado antes de efetuar a compra, basta clicar em \u201cver custos de envio\u201d.<\/h5>\n<\/li>\n<li>\n<h5>A NF \u00e9 emitida automaticamente com os mesmos dados cadastrados em sua conta. PARA CNPJ FORA DO ESTADO DE SP O RECOLHIMENTO E PAGAMENTO DA ST \u00c9 OBRIGAT\u00d3RIO POR PARTE DO CLIENTE ANTES DO ENVIO).<\/h5>\n<\/li>\n<li>\n<h5>Verifique o endere\u00e7o de entrega cadastrado e atualize caso necess\u00e1rio.<\/h5>\n<\/li>\n<li>\n<h5>Confirme se a pe\u00e7a \u00e9 correta para o seu modelo de ve\u00edculo.<\/h5>\n<\/li>\n<li>\n<h5>Para pe\u00e7as automotivas, recomendamos a instala\u00e7\u00e3o por um profissional especializado.<\/h5>\n<\/li>\n<\/ul>\n<h5>Caso possua outras d\u00favidas, entre em contato.<\/h5>\n<h5>Consultas relacionadas:<\/h5>\n<ul>\n<li>\n<h5>Bico Injetor V\u00e1lvula Dosadora Arla Mercedes 21150162d<\/h5>\n<\/li>\n<li>\n<h5>Bico Injetor<\/h5>\n<\/li>\n<li>\n<h5>Bico V\u00e1lvula Dosadora Arla Mercedes 21150162d<\/h5>\n<\/li>\n<li>\n<h5>Bico V\u00e1lvula<\/h5>\n<\/li>\n<li>\n<h5>Bico Dosadora Arla Mercedes 21150162d<\/h5>\n<\/li>\n<li>\n<h5>Bico Dosadora<\/h5>\n<\/li>\n<li>\n<h5>Bico Arla Mercedes 21150162d<\/h5>\n<\/li>\n<li>\n<h5>Bico Arla<\/h5>\n<\/li>\n<li>\n<h5>Bico Mercedes 21150162d Deka<\/h5>\n<\/li>\n<li>\n<h5>Bico Mercedes<\/h5>\n<\/li>\n<li>\n<h5>Bico 21150162d Deka<\/h5>\n<\/li>\n<li>\n<h5>Bico 21150162d<\/h5>\n<\/li>\n<li>\n<h5>Bico Torken<\/h5>\n<\/li>\n<\/ul>\n","protected":false},"excerpt":{"rendered":"<h2 class=\"ui-pdp-title\">Kit 2 Bicos Injetores Torken Valvula Dosadora Atego Axor Actros &#8211;\u00a0 21150162d<\/h2>\n","protected":false},"featured_media":44483,"template":"","meta":{"_seopress_robots_primary_cat":"none","_seopress_titles_title":"","_seopress_titles_desc":"","_seopress_robots_index":"","_joinchat":[]},"product_cat":[256,21],"product_tag":[1483,1480,1479,1482,1478,1481],"berocket_brand":[390],"_links":{"self":[{"href":"https:\/\/www.casadainjecao.com.br\/loja\/wp-json\/wp\/v2\/product\/42116"}],"collection":[{"href":"https:\/\/www.casadainjecao.com.br\/loja\/wp-json\/wp\/v2\/product"}],"about":[{"href":"https:\/\/www.casadainjecao.com.br\/loja\/wp-json\/wp\/v2\/types\/product"}],"wp:featuredmedia":[{"embeddable":true,"href":"https:\/\/www.casadainjecao.com.br\/loja\/wp-json\/wp\/v2\/media\/44483"}],"wp:attachment":[{"href":"https:\/\/www.casadainjecao.com.br\/loja\/wp-json\/wp\/v2\/media?parent=42116"}],"wp:term":[{"taxonomy":"product_cat","embeddable":true,"href":"https:\/\/www.casadainjecao.com.br\/loja\/wp-json\/wp\/v2\/product_cat?post=42116"},{"taxonomy":"product_tag","embeddable":true,"href":"https:\/\/www.casadainjecao.com.br\/loja\/wp-json\/wp\/v2\/product_tag?post=42116"},{"taxonomy":"berocket_brand","embeddable":true,"href":"https:\/\/www.casadainjecao.com.br\/loja\/wp-json\/wp\/v2\/berocket_brand?post=42116"}],"curies":[{"name":"wp","href":"https:\/\/api.w.org\/{rel}","templated":true}]}}