{"id":42124,"date":"2025-11-14T13:14:50","date_gmt":"2025-11-14T16:14:50","guid":{"rendered":"https:\/\/www.casadainjecao.com.br\/loja\/?post_type=product&#038;p=42124"},"modified":"2025-11-17T10:23:47","modified_gmt":"2025-11-17T13:23:47","slug":"rele-auxiliar-fiat-brava-marea-punto-a727581","status":"publish","type":"product","link":"https:\/\/www.casadainjecao.com.br\/loja\/autopecas\/exterior\/rele-auxiliar-fiat-brava-marea-punto-a727581\/","title":{"rendered":"Rele Auxiliar Fiat Brava Marea Punto  A727581"},"content":{"rendered":"<h1>Rele Auxiliar<\/h1>\n<h3>APLICA\u00c7\u00c3O:<\/h3>\n<h3>FIAT\/ GM\/ VW\/ TOYOTA<\/h3>\n<p>VW: GOL\/SANTANA\/LOGUS\/SAVEIRO 96 EM DIANTE<\/p>\n<p>FIAT :UNO\/PALIO\/SIENA\/TEMPRA\/MAREA<\/p>\n<p>GM :CORSA\/VECTRA\/OMEGA 96\/<\/p>\n<h3>C\u00f3digo de Refer\u00eancia:<\/h3>\n<h3 class=\"ui-pdp-title\">A727581<\/h3>\n<h4>Condi\u00e7\u00f5es:<br \/>\nProduto Novo \/ Marca GM<br \/>\nEspecifica\u00e7\u00f5es:<br \/>\n12V, 20 A, 4 TERMINAIS<br \/>\nGarantia:<br \/>\n3 Meses<br \/>\nATEN\u00c7\u00c3O: Antes de efetuar a compra verifique o c\u00f3digo da sua pe\u00e7a que est\u00e1 instalado no seu ve\u00edculo.<\/h4>\n<p>A Casa da Inje\u00e7\u00e3o SP oferece total garantia nos produtos comprados em nosso site.<br \/>\nCada item \u00e9 rigorosamente inspecionado\u00a0antes do envio<br \/>\nSe os itens estiverem danificados ou parcialmente defeituosos, entre em contato conosco.<br \/>\nProcure um profissional devidamente licenciado para a instala\u00e7\u00e3o e fa\u00e7a revis\u00f5es periodicamente. A empresa n\u00e3o se responsabiliza por problemas oriundos da m\u00e1 instala\u00e7\u00e3o ou com a falta de cuidados peri\u00f3dicos dos componentes.<br \/>\nSe houver qualquer defeito, ficamos a disposi\u00e7\u00e3o para a substitui\u00e7\u00e3o ou devolvemos seu dinheiro.<br \/>\nTem alguma d\u00favida?<br \/>\nEntre em contato que podemos ajudar!<br \/>\nConfira as informa\u00e7\u00f5es adicionais abaixo:<br \/>\nTodos os produtos anunciados est\u00e3o dispon\u00edveis em estoque e s\u00e3o enviados com extrema rapidez .<br \/>\nO frete pode ser simulado antes de efetuar a compra, basta clicar em \u201cver custos de envio\u201d.<br \/>\nVerifique o endere\u00e7o de entrega cadastrado e atualize caso necess\u00e1rio.<br \/>\nConfirme se a pe\u00e7a \u00e9 correta para o seu modelo de ve\u00edculo.<br \/>\nPara pe\u00e7as automotivas, recomendamos a instala\u00e7\u00e3o por um profissional especializado.<br \/>\nCaso possua outras d\u00favidas, entre em contato.<\/p>\n","protected":false},"excerpt":{"rendered":"<h1 class=\"ui-pdp-title\">Rele Auxiliar Fiat Brava Marea Punto &#8211; A727581<\/h1>\n","protected":false},"featured_media":42131,"template":"","meta":{"_seopress_robots_primary_cat":"none","_seopress_titles_title":"","_seopress_titles_desc":"","_seopress_robots_index":"","_seopress_analysis_target_kw":"","_kad_blocks_custom_css":"","_kad_blocks_head_custom_js":"","_kad_blocks_body_custom_js":"","_kad_blocks_footer_custom_js":"","_kadence_starter_templates_imported_post":false,"_joinchat":[]},"product_brand":[],"product_cat":[23,24],"product_tag":[115,59,283,1469,1526,119,159,60,120,1521,214,109],"berocket_brand":[383,396],"class_list":{"0":"post-42124","1":"product","2":"type-product","3":"status-publish","4":"has-post-thumbnail","6":"product_cat-exterior","7":"product_cat-interior","8":"product_tag-corsa","9":"product_tag-gol","10":"product_tag-logus","11":"product_tag-marea","12":"product_tag-omega","13":"product_tag-palio","14":"product_tag-santana","15":"product_tag-saveiro","16":"product_tag-siena","17":"product_tag-tempra","18":"product_tag-uno","19":"product_tag-vectra","20":"berocket_brand-fiat","21":"berocket_brand-volkswagen","22":"thunk-woo-product-list","23":"big-store-woo-hover-zoom","24":"open-single-product-tab-horizontal","25":"open-shadow-","26":"open-shadow-hover-","28":"first","29":"instock","30":"sale","31":"taxable","32":"shipping-taxable","33":"purchasable","34":"product-type-simple"},"taxonomy_info":{"product_cat":[{"value":23,"label":"Exterior"},{"value":24,"label":"Interior"}],"product_tag":[{"value":115,"label":"Corsa"},{"value":59,"label":"gol"},{"value":283,"label":"LOGUS"},{"value":1469,"label":"Marea"},{"value":1526,"label":"Omega"},{"value":119,"label":"Palio"},{"value":159,"label":"Santana"},{"value":60,"label":"saveiro"},{"value":120,"label":"Siena"},{"value":1521,"label":"Tempra"},{"value":214,"label":"Uno"},{"value":109,"label":"Vectra"}],"berocket_brand":[{"value":383,"label":"Fiat"},{"value":396,"label":"Volkswagen"}]},"featured_image_src_large":["https:\/\/www.casadainjecao.com.br\/loja\/wp-content\/uploads\/2025\/11\/15394201714-a727581-3.jpg",500,500,false],"author_info":[],"comment_info":"","_links":{"self":[{"href":"https:\/\/www.casadainjecao.com.br\/loja\/wp-json\/wp\/v2\/product\/42124","targetHints":{"allow":["GET"]}}],"collection":[{"href":"https:\/\/www.casadainjecao.com.br\/loja\/wp-json\/wp\/v2\/product"}],"about":[{"href":"https:\/\/www.casadainjecao.com.br\/loja\/wp-json\/wp\/v2\/types\/product"}],"wp:featuredmedia":[{"embeddable":true,"href":"https:\/\/www.casadainjecao.com.br\/loja\/wp-json\/wp\/v2\/media\/42131"}],"wp:attachment":[{"href":"https:\/\/www.casadainjecao.com.br\/loja\/wp-json\/wp\/v2\/media?parent=42124"}],"wp:term":[{"taxonomy":"product_brand","embeddable":true,"href":"https:\/\/www.casadainjecao.com.br\/loja\/wp-json\/wp\/v2\/product_brand?post=42124"},{"taxonomy":"product_cat","embeddable":true,"href":"https:\/\/www.casadainjecao.com.br\/loja\/wp-json\/wp\/v2\/product_cat?post=42124"},{"taxonomy":"product_tag","embeddable":true,"href":"https:\/\/www.casadainjecao.com.br\/loja\/wp-json\/wp\/v2\/product_tag?post=42124"},{"taxonomy":"berocket_brand","embeddable":true,"href":"https:\/\/www.casadainjecao.com.br\/loja\/wp-json\/wp\/v2\/berocket_brand?post=42124"}],"curies":[{"name":"wp","href":"https:\/\/api.w.org\/{rel}","templated":true}]}}