{"id":42183,"date":"2025-11-17T09:48:34","date_gmt":"2025-11-17T12:48:34","guid":{"rendered":"https:\/\/www.casadainjecao.com.br\/loja\/?post_type=product&#038;p=42183"},"modified":"2026-02-08T09:53:39","modified_gmt":"2026-02-08T12:53:39","slug":"chave-seta-farol-limpador-airbag-gol-1-0-1-6-8v-1s0953503b","status":"publish","type":"product","link":"https:\/\/www.casadainjecao.com.br\/loja\/autopecas\/eletrica\/chave-de-seta\/chave-seta-farol-limpador-airbag-gol-1-0-1-6-8v-1s0953503b\/","title":{"rendered":"Chave Seta Farol Limpador Airbag Gol 1.0 1.6 8v 1s0953503b"},"content":{"rendered":"<h2>Chave Seta Farol Limpador Airbag<\/h2>\n<h3>APLICA\u00c7\u00c3O:<\/h3>\n<h3>Volkswagen<\/h3>\n<p>Aplica\u00e7\u00e3o:<\/p>\n<p>VW Gol 1.0 1.6 8v 2008 2009 2010 2011 2012 2013 2014 2015 2016<br \/>\nVW Cross Fox de 2011 em diante<br \/>\nVW Fox de 2010 2011 2012 2013 2014<br \/>\nVW Saveiro de 2014 2015 2016 2017 2018<br \/>\nVW Space Fox de 2011 em diante<br \/>\nVW Up de 2014 2015 2016 2017 2018<br \/>\nVW Voyage G6 de 2013 em diante<\/p>\n<p class=\"ui-pdp-title\">C\u00f3digo: &#8211; 1S0953503B , 1S0.953.503.B, 653B<\/p>\n<p>Condi\u00e7\u00f5es:<br \/>\nProduto Novo Com detalhes \/ Marca VW<br \/>\nEspecifica\u00e7\u00f5es: ORIGINAL<\/p>\n<p>01 (um) Chave Seta Farol Limpador Airbag<\/p>\n<p>Com Limpador Traseiro<br \/>\nCom Trip Computador Bordo<\/p>\n<p>Contem 6 Pinos<\/p>\n<h3>Garantia:<br \/>\n3 Meses<\/h3>\n<h3>ATEN\u00c7\u00c3O: Antes de efetuar a compra verifique o c\u00f3digo da sua pe\u00e7a que est\u00e1 instalado no seu ve\u00edculo.<\/h3>\n<h3>A Casa da Inje\u00e7\u00e3o SP oferece total garantia nos produtos comprados em nosso site.<br \/>\nCada item \u00e9 rigorosamente inspecionado\u00a0antes do envio<br \/>\nSe os itens estiverem danificados ou parcialmente defeituosos, entre em contato conosco.<br \/>\nProcure um profissional devidamente licenciado para a instala\u00e7\u00e3o e fa\u00e7a revis\u00f5es periodicamente. A empresa n\u00e3o se responsabiliza por problemas oriundos da m\u00e1 instala\u00e7\u00e3o ou com a falta de cuidados peri\u00f3dicos dos componentes.<br \/>\nSe houver qualquer defeito, ficamos a disposi\u00e7\u00e3o para a substitui\u00e7\u00e3o ou devolvemos seu dinheiro.<br \/>\nTem alguma d\u00favida?<br \/>\nEntre em contato que podemos ajudar!<br \/>\nConfira as informa\u00e7\u00f5es adicionais abaixo:<br \/>\nTodos os produtos anunciados est\u00e3o dispon\u00edveis em estoque e s\u00e3o enviados com extrema rapidez .<br \/>\nO frete pode ser simulado antes de efetuar a compra, basta clicar em \u201cver custos de envio\u201d.<br \/>\nVerifique o endere\u00e7o de entrega cadastrado e atualize caso necess\u00e1rio.<br \/>\nConfirme se a pe\u00e7a \u00e9 correta para o seu modelo de ve\u00edculo.<br \/>\nPara pe\u00e7as automotivas, recomendamos a instala\u00e7\u00e3o por um profissional especializado.<br \/>\nCaso possua outras d\u00favidas, entre em contato.<\/h3>\n","protected":false},"excerpt":{"rendered":"<h2 class=\"ui-pdp-title\">Chave Seta Farol Limpador Airbag Gol 1.0 1.6 8v 1s0953503b<\/h2>\n","protected":false},"featured_media":44016,"template":"","meta":{"_seopress_robots_primary_cat":"none","_seopress_titles_title":"","_seopress_titles_desc":"","_seopress_robots_index":"","_joinchat":[]},"product_cat":[130,17,24],"product_tag":[59],"berocket_brand":[396],"_links":{"self":[{"href":"https:\/\/www.casadainjecao.com.br\/loja\/wp-json\/wp\/v2\/product\/42183"}],"collection":[{"href":"https:\/\/www.casadainjecao.com.br\/loja\/wp-json\/wp\/v2\/product"}],"about":[{"href":"https:\/\/www.casadainjecao.com.br\/loja\/wp-json\/wp\/v2\/types\/product"}],"wp:featuredmedia":[{"embeddable":true,"href":"https:\/\/www.casadainjecao.com.br\/loja\/wp-json\/wp\/v2\/media\/44016"}],"wp:attachment":[{"href":"https:\/\/www.casadainjecao.com.br\/loja\/wp-json\/wp\/v2\/media?parent=42183"}],"wp:term":[{"taxonomy":"product_cat","embeddable":true,"href":"https:\/\/www.casadainjecao.com.br\/loja\/wp-json\/wp\/v2\/product_cat?post=42183"},{"taxonomy":"product_tag","embeddable":true,"href":"https:\/\/www.casadainjecao.com.br\/loja\/wp-json\/wp\/v2\/product_tag?post=42183"},{"taxonomy":"berocket_brand","embeddable":true,"href":"https:\/\/www.casadainjecao.com.br\/loja\/wp-json\/wp\/v2\/berocket_brand?post=42183"}],"curies":[{"name":"wp","href":"https:\/\/api.w.org\/{rel}","templated":true}]}}