{"id":42271,"date":"2025-11-18T08:15:37","date_gmt":"2025-11-18T11:15:37","guid":{"rendered":"https:\/\/www.casadainjecao.com.br\/loja\/?post_type=product&#038;p=42271"},"modified":"2026-04-06T12:41:59","modified_gmt":"2026-04-06T15:41:59","slug":"comando-chave-de-seta-limpadora-vw-up-2015-1sb953501c","status":"publish","type":"product","link":"https:\/\/www.casadainjecao.com.br\/loja\/autopecas\/eletrica\/chave-de-seta\/comando-chave-de-seta-limpadora-vw-up-2015-1sb953501c\/","title":{"rendered":"Comando Chave De Seta\/limpadora Vw Up 2015 -1sb953501c"},"content":{"rendered":"<h2><strong>Comando Chave De Seta\/limpadora<\/strong><\/h2>\n<p>APLICA\u00c7\u00c3O:<\/p>\n<p>Volkswagen<\/p>\n<p>Up: 2014 a 2017<br \/>\nFox: A partir de 2015<br \/>\nSpaceFox: A partir de 2015<\/p>\n<p>C\u00f3digo de Refer\u00eancia:<\/p>\n<p>1sb953501c, 1sb.953.501.c , 1SB.953.501.G, 1SB953501G, 410629, 410627, 1SB953513C,\u00a0 1SB.953.513.C<\/p>\n<p>Condi\u00e7\u00f5es:<br \/>\nProduto Novo Com detalhes \/ Marca VW<br \/>\nEspecifica\u00e7\u00f5es: ORIGINAL<\/p>\n<p>Garantia:<br \/>\n3 Meses<\/p>\n<p><strong>ATEN\u00c7\u00c3O: Antes de efetuar a compra verifique o c\u00f3digo da sua pe\u00e7a que est\u00e1 instalado no seu ve\u00edculo.<\/strong><\/p>\n<p>A Casa da Inje\u00e7\u00e3o SP oferece total garantia nos produtos comprados em nosso site.<\/p>\n<p>Cada item \u00e9 rigorosamente inspecionado antes do envio.<\/p>\n<p>Se os itens estiverem danificados ou parcialmente defeituosos, entre em contato conosco.<\/p>\n<p>Recomendamos que a instala\u00e7\u00e3o seja feita por um profissional devidamente licenciado e que sejam realizadas revis\u00f5es peri\u00f3dicas. A empresa n\u00e3o se responsabiliza por problemas decorrentes de m\u00e1 instala\u00e7\u00e3o ou falta de manuten\u00e7\u00e3o dos componentes.<\/p>\n<p>Caso haja qualquer defeito, ficamos \u00e0 disposi\u00e7\u00e3o para realizar a substitui\u00e7\u00e3o do produto ou a devolu\u00e7\u00e3o do seu dinheiro.<\/p>\n<p>Tem alguma d\u00favida? Entre em contato, que podemos ajudar!<\/p>\n<p>Confira as informa\u00e7\u00f5es adicionais abaixo:<\/p>\n<p>Todos os produtos anunciados est\u00e3o dispon\u00edveis em estoque e s\u00e3o enviados com extrema rapidez.<\/p>\n<p>O frete pode ser simulado antes da compra, basta clicar em \u201cver custos de envio\u201d.<\/p>\n<p>Verifique o endere\u00e7o de entrega cadastrado e atualize-o, se necess\u00e1rio.<\/p>\n<p>Confirme se a pe\u00e7a \u00e9 compat\u00edvel com o modelo do seu ve\u00edculo.<\/p>\n<p>Para pe\u00e7as automotivas, recomendamos a instala\u00e7\u00e3o por um profissional especializado.<\/p>\n<p>Caso possua outras d\u00favidas, entre em contato.<\/p>\n<p>&nbsp;<\/p>\n","protected":false},"excerpt":{"rendered":"<h2 class=\"ui-pdp-title\">Comando Chave De Seta\/limpadora Vw Up 2015 -1sb953501c<\/h2>\n","protected":false},"featured_media":44886,"template":"","meta":{"_seopress_robots_primary_cat":"none","_seopress_titles_title":"","_seopress_titles_desc":"","_seopress_robots_index":"","_joinchat":[]},"product_cat":[130,17,24],"product_tag":[76,1636,1085],"berocket_brand":[396],"_links":{"self":[{"href":"https:\/\/www.casadainjecao.com.br\/loja\/wp-json\/wp\/v2\/product\/42271"}],"collection":[{"href":"https:\/\/www.casadainjecao.com.br\/loja\/wp-json\/wp\/v2\/product"}],"about":[{"href":"https:\/\/www.casadainjecao.com.br\/loja\/wp-json\/wp\/v2\/types\/product"}],"wp:featuredmedia":[{"embeddable":true,"href":"https:\/\/www.casadainjecao.com.br\/loja\/wp-json\/wp\/v2\/media\/44886"}],"wp:attachment":[{"href":"https:\/\/www.casadainjecao.com.br\/loja\/wp-json\/wp\/v2\/media?parent=42271"}],"wp:term":[{"taxonomy":"product_cat","embeddable":true,"href":"https:\/\/www.casadainjecao.com.br\/loja\/wp-json\/wp\/v2\/product_cat?post=42271"},{"taxonomy":"product_tag","embeddable":true,"href":"https:\/\/www.casadainjecao.com.br\/loja\/wp-json\/wp\/v2\/product_tag?post=42271"},{"taxonomy":"berocket_brand","embeddable":true,"href":"https:\/\/www.casadainjecao.com.br\/loja\/wp-json\/wp\/v2\/berocket_brand?post=42271"}],"curies":[{"name":"wp","href":"https:\/\/api.w.org\/{rel}","templated":true}]}}