{"id":42284,"date":"2025-11-18T11:40:59","date_gmt":"2025-11-18T14:40:59","guid":{"rendered":"https:\/\/www.casadainjecao.com.br\/loja\/?post_type=product&#038;p=42284"},"modified":"2026-03-18T08:41:07","modified_gmt":"2026-03-18T11:41:07","slug":"chave-de-seta-volkswagen-1sb953513b","status":"publish","type":"product","link":"https:\/\/www.casadainjecao.com.br\/loja\/autopecas\/eletrica\/chave-de-seta\/chave-de-seta-volkswagen-1sb953513b\/","title":{"rendered":"Chave De Seta c\/ sinta do airbag &#8211; Volkswagen -1sb9535"},"content":{"rendered":"<h1>Chave de Seta c\/ sinta do airbag<\/h1>\n<p>&nbsp;<\/p>\n<p>&nbsp;<\/p>\n<h3 class=\"ui-pdp-title\"><strong class=\"dsc-titulo-aplicacao\">Aplic\u00e1vel ao(s) ve\u00edculo(s):<\/strong><\/h3>\n<h3 class=\"ui-pdp-title\"><strong class=\"dsc-titulo-aplicacao\"><br \/>\n<\/strong><span class=\"dsc-texto-aplicacao\">VOLKSWAGEN FOX &#8211; 2015 em diante<br \/>\nVOLKSWAGEN GOL &#8211; 2017 em diante<br \/>\nVOLKSWAGEN SPACE FOX &#8211; 2015 em diante<br \/>\nVOLKSWAGEN UP &#8211; 2014 em diante<br \/>\nVOLKSWAGEN VOYAGE &#8211; 2017 em diante<\/span><\/h3>\n<p>&nbsp;<\/p>\n<h3>C\u00f3digo de Refer\u00eancia:<\/h3>\n<h3>1SB953513B<\/h3>\n<h4>Condi\u00e7\u00f5es:<br \/>\nProduto Novo Com detalhes \/ Marca VW<br \/>\nEspecifica\u00e7\u00f5es: ORIGINAL<\/h4>\n<p>Garantia:<br \/>\n3 Meses<\/p>\n<p>ATEN\u00c7\u00c3O: Antes de efetuar a compra verifique o c\u00f3digo da sua pe\u00e7a que est\u00e1 instalado no seu ve\u00edculo.<\/p>\n<p>&nbsp;<\/p>\n<p>A Casa da Inje\u00e7\u00e3o SP oferece total garantia nos produtos comprados em nosso site.<br \/>\nCada item \u00e9 rigorosamente inspecionado\u00a0antes do envio<br \/>\nSe os itens estiverem danificados ou parcialmente defeituosos, entre em contato conosco.<br \/>\nProcure um profissional devidamente licenciado para a instala\u00e7\u00e3o e fa\u00e7a revis\u00f5es periodicamente. A empresa n\u00e3o se responsabiliza por problemas oriundos da m\u00e1 instala\u00e7\u00e3o ou com a falta de cuidados peri\u00f3dicos dos componentes.<br \/>\nSe houver qualquer defeito, ficamos a disposi\u00e7\u00e3o para a substitui\u00e7\u00e3o ou devolvemos seu dinheiro.<br \/>\nTem alguma d\u00favida?<br \/>\nEntre em contato que podemos ajudar!<br \/>\nConfira as informa\u00e7\u00f5es adicionais abaixo:<br \/>\nTodos os produtos anunciados est\u00e3o dispon\u00edveis em estoque e s\u00e3o enviados com extrema rapidez .<br \/>\nO frete pode ser simulado antes de efetuar a compra, basta clicar em \u201cver custos de envio\u201d.<br \/>\nVerifique o endere\u00e7o de entrega cadastrado e atualize caso necess\u00e1rio.<br \/>\nConfirme se a pe\u00e7a \u00e9 correta para o seu modelo de ve\u00edculo.<br \/>\nPara pe\u00e7as automotivas, recomendamos a instala\u00e7\u00e3o por um profissional especializado.<br \/>\nCaso possua outras d\u00favidas, entre em contato.<\/p>\n","protected":false},"excerpt":{"rendered":"<h1 class=\"ui-pdp-title\">Chave de Seta &#8211; VOLKSWAGEN 1SB953513B<\/h1>\n","protected":false},"featured_media":44765,"template":"","meta":{"_seopress_robots_primary_cat":"none","_seopress_titles_title":"","_seopress_titles_desc":"","_seopress_robots_index":"","_joinchat":[]},"product_cat":[130,17,24],"product_tag":[76,59,1636,1085,1086],"berocket_brand":[396],"_links":{"self":[{"href":"https:\/\/www.casadainjecao.com.br\/loja\/wp-json\/wp\/v2\/product\/42284"}],"collection":[{"href":"https:\/\/www.casadainjecao.com.br\/loja\/wp-json\/wp\/v2\/product"}],"about":[{"href":"https:\/\/www.casadainjecao.com.br\/loja\/wp-json\/wp\/v2\/types\/product"}],"wp:featuredmedia":[{"embeddable":true,"href":"https:\/\/www.casadainjecao.com.br\/loja\/wp-json\/wp\/v2\/media\/44765"}],"wp:attachment":[{"href":"https:\/\/www.casadainjecao.com.br\/loja\/wp-json\/wp\/v2\/media?parent=42284"}],"wp:term":[{"taxonomy":"product_cat","embeddable":true,"href":"https:\/\/www.casadainjecao.com.br\/loja\/wp-json\/wp\/v2\/product_cat?post=42284"},{"taxonomy":"product_tag","embeddable":true,"href":"https:\/\/www.casadainjecao.com.br\/loja\/wp-json\/wp\/v2\/product_tag?post=42284"},{"taxonomy":"berocket_brand","embeddable":true,"href":"https:\/\/www.casadainjecao.com.br\/loja\/wp-json\/wp\/v2\/berocket_brand?post=42284"}],"curies":[{"name":"wp","href":"https:\/\/api.w.org\/{rel}","templated":true}]}}