{"id":42485,"date":"2025-11-26T10:39:32","date_gmt":"2025-11-26T13:39:32","guid":{"rendered":"https:\/\/www.casadainjecao.com.br\/loja\/?post_type=product&#038;p=42485"},"modified":"2026-02-10T17:10:05","modified_gmt":"2026-02-10T20:10:05","slug":"tubo-agua-motor-kadett-ipanema-monza-1-8-2-0-93267581","status":"publish","type":"product","link":"https:\/\/www.casadainjecao.com.br\/loja\/autopecas\/motor\/tubo-agua-motor-kadett-ipanema-monza-1-8-2-0-93267581\/","title":{"rendered":"Tubo \u00c1gua Motor Kadett Ipanema Monza 1.8 2.0 &#8211; 932675"},"content":{"rendered":"<h2>Tubo \u00c1gua Motor<\/h2>\n<h3>Compatibilidade:<\/h3>\n<h3>Chevrolet<\/h3>\n<h3>Ve\u00edculo: Kadett (Sem ar)<br \/>\nMotores: 1.8 \/ 2.0 8V \u00c1lcool e Gasolina (Carburado \/ EFI \/ MPFI)<br \/>\nAno: 1989, 1990, 1991, 1992, 1993, 1994, 1995, 1996, 1997<\/h3>\n<h3>Ve\u00edculo: Ipanema (Sem ar)<br \/>\nMotores: 1.8 \/ 2.0 8V \u00c1lcool e Gasolina (Carburado \/ EFI \/ MPFI)<br \/>\nAno: 1989, 1990, 1991, 1992, 1993, 1994, 1995, 1996, 1997<\/h3>\n<h3>Ve\u00edculo: Monza (Sem ar)<br \/>\nMotores: 1.8 \/ 2.0 Gasolina (Carburado)<br \/>\nAno: 1982, 1983, 1984, 1985, 1986, 1987, 1988, 1989, 1990<\/h3>\n<h3>Ve\u00edculo: Monza (Sem ar)<br \/>\nMotores: 1.8 \/ 2.0 8V (Carburado \/ EFI \/ MPFI)<br \/>\nAno: 1991, 1992, 1993, 1994, 1995, 1996, 1997<\/h3>\n<h3>C\u00f3digo de Refer\u00eancia:<\/h3>\n<h3>93267581<\/h3>\n<h3>Condi\u00e7\u00f5es:<br \/>\nProduto Novo \/ Marca GM<br \/>\nGarantia:<br \/>\n3 Meses<br \/>\nATEN\u00c7\u00c3O: Antes de efetuar a compra verifique o c\u00f3digo da sua pe\u00e7a que est\u00e1 instalado no seu ve\u00edculo.<\/h3>\n<p>A Casa da Inje\u00e7\u00e3o SP oferece total garantia nos produtos comprados em nosso site.<br \/>\nCada item \u00e9 rigorosamente inspecionado\u00a0antes do envio<br \/>\nSe os itens estiverem danificados ou parcialmente defeituosos, entre em contato conosco.<br \/>\nProcure um profissional devidamente licenciado para a instala\u00e7\u00e3o e fa\u00e7a revis\u00f5es periodicamente. A empresa n\u00e3o se responsabiliza por problemas oriundos da m\u00e1 instala\u00e7\u00e3o ou com a falta de cuidados peri\u00f3dicos dos componentes.<br \/>\nSe houver qualquer defeito, ficamos a disposi\u00e7\u00e3o para a substitui\u00e7\u00e3o ou devolvemos seu dinheiro.<\/p>\n<p>Tem alguma d\u00favida?<br \/>\nEntre em contato que podemos ajudar!<\/p>\n<p>Confira as informa\u00e7\u00f5es adicionais abaixo:<br \/>\nTodos os produtos anunciados est\u00e3o dispon\u00edveis em estoque e s\u00e3o enviados com extrema rapidez .<br \/>\nO frete pode ser simulado antes de efetuar a compra, basta clicar em \u201cver custos de envio\u201d.<br \/>\nVerifique o endere\u00e7o de entrega cadastrado e atualize caso necess\u00e1rio.<br \/>\nConfirme se a pe\u00e7a \u00e9 correta para o seu modelo de ve\u00edculo.<br \/>\nPara pe\u00e7as automotivas, recomendamos a instala\u00e7\u00e3o por um profissional especializado.<\/p>\n<p>Caso possua outras d\u00favidas, entre em contato.<\/p>\n","protected":false},"excerpt":{"rendered":"<h2>Tubo \u00c1gua Motor Kadett Ipanema Monza 1.8 2.0- 93267581<\/h2>\n","protected":false},"featured_media":42488,"template":"","meta":{"_seopress_robots_primary_cat":"none","_seopress_titles_title":"","_seopress_titles_desc":"","_seopress_robots_index":"","_joinchat":[]},"product_cat":[22],"product_tag":[1647,1525,1548],"berocket_brand":[381],"_links":{"self":[{"href":"https:\/\/www.casadainjecao.com.br\/loja\/wp-json\/wp\/v2\/product\/42485"}],"collection":[{"href":"https:\/\/www.casadainjecao.com.br\/loja\/wp-json\/wp\/v2\/product"}],"about":[{"href":"https:\/\/www.casadainjecao.com.br\/loja\/wp-json\/wp\/v2\/types\/product"}],"wp:featuredmedia":[{"embeddable":true,"href":"https:\/\/www.casadainjecao.com.br\/loja\/wp-json\/wp\/v2\/media\/42488"}],"wp:attachment":[{"href":"https:\/\/www.casadainjecao.com.br\/loja\/wp-json\/wp\/v2\/media?parent=42485"}],"wp:term":[{"taxonomy":"product_cat","embeddable":true,"href":"https:\/\/www.casadainjecao.com.br\/loja\/wp-json\/wp\/v2\/product_cat?post=42485"},{"taxonomy":"product_tag","embeddable":true,"href":"https:\/\/www.casadainjecao.com.br\/loja\/wp-json\/wp\/v2\/product_tag?post=42485"},{"taxonomy":"berocket_brand","embeddable":true,"href":"https:\/\/www.casadainjecao.com.br\/loja\/wp-json\/wp\/v2\/berocket_brand?post=42485"}],"curies":[{"name":"wp","href":"https:\/\/api.w.org\/{rel}","templated":true}]}}