{"id":42561,"date":"2025-11-27T09:47:37","date_gmt":"2025-11-27T12:47:37","guid":{"rendered":"https:\/\/www.casadainjecao.com.br\/loja\/?post_type=product&#038;p=42561"},"modified":"2026-01-15T19:44:33","modified_gmt":"2026-01-15T22:44:33","slug":"rele-bomba-combustivel-injecao-70a-gm-vectra-astra-ra9001","status":"publish","type":"product","link":"https:\/\/www.casadainjecao.com.br\/loja\/autopecas\/eletrica\/motor-do-limpador\/rele-bomba-combustivel-injecao-70a-gm-vectra-astra-ra9001\/","title":{"rendered":"Rel\u00e9 Bomba Combust\u00edvel Chevrolet Corsa Agile Meriva \u2013 RA"},"content":{"rendered":"<p>Bomba de Combust\u00edvel 12V 30A \u2013 Chevrolet<\/p>\n<p>Aplica\u00e7\u00f5es Compat\u00edveis:<\/p>\n<p>Chevrolet Agile (2010 a 2014)<\/p>\n<p>Chevrolet Celta (2001 a 2014)<\/p>\n<p>Chevrolet Corsa (1994 a 2012)<\/p>\n<p>Chevrolet Meriva (2003 a 2012)<\/p>\n<p>Chevrolet Montana (2004 a 2016)<\/p>\n<p>Chevrolet Prisma (2007 a 2012)<\/p>\n<p>Especifica\u00e7\u00f5es:<\/p>\n<p>Voltagem: 12V<\/p>\n<p>Amperagem: 30A<\/p>\n<p>Terminais: 4 terminais (2 finos e 2 grossos)<\/p>\n<p>Cor: Roxo ou lil\u00e1s<\/p>\n<p>Circuito de prote\u00e7\u00e3o invertido<\/p>\n<p>Garantia: 3 meses<br \/>\nMarca: Arpe<br \/>\nC\u00f3digo de Refer\u00eancia: 3447012, 90244312, 90464759, RA9001<\/p>\n<p>Importante: Verifique o c\u00f3digo da pe\u00e7a original antes de comprar para garantir compatibilidade com seu ve\u00edculo.<\/p>\n<p>A Casa da Inje\u00e7\u00e3o oferece total garantia nos produtos comprados em nosso site.<br \/>\nCada item \u00e9 rigorosamente testado antes do envio<br \/>\nSe os itens estiverem danificados ou parcialmente defeituosos, entre em contato conosco.<br \/>\nProcure um profissional devidamente licenciado para a instala\u00e7\u00e3o e fa\u00e7a revis\u00f5es periodicamente. A empresa n\u00e3o se responsabiliza por problemas oriundos da m\u00e1 instala\u00e7\u00e3o ou com a falta de cuidados peri\u00f3dicos dos componentes.<br \/>\nSe houver qualquer defeito, n\u00f3s lhe enviaremos uma substitui\u00e7\u00e3o ap\u00f3s receber o pacote ou devolvemos seu dinheiro.<br \/>\nLeia nossa pol\u00edtica de devolu\u00e7\u00e3o aqui<br \/>\nTem alguma d\u00favida?<br \/>\nEntre em contato que podemos ajudar!<br \/>\nConfira as informa\u00e7\u00f5es adicionais abaixo:<br \/>\nTodos os nossos produtos s\u00e3o novos, semi-novos, originais e paralelos possuem garantia.<br \/>\nTodos os produtos anunciados est\u00e3o dispon\u00edveis em estoque e s\u00e3o enviados com extrema rapidez.<br \/>\nO frete pode ser simulado antes de efetuar a compra, basta clicar em \u201cver custos de envio\u201d.<br \/>\nVerifique o endere\u00e7o de entrega cadastrado e atualize caso necess\u00e1rio.<br \/>\nConfirme se a pe\u00e7a \u00e9 correta para o seu modelo de ve\u00edculo.<br \/>\nPara pe\u00e7as automotivas, recomendamos a instala\u00e7\u00e3o por um profissional especializado.<br \/>\nCaso possua outras d\u00favidas, entre em contato.<\/p>\n","protected":false},"excerpt":{"rendered":"<h2>Rel\u00e9 Bomba Combust\u00edvel Chevrolet Corsa Agile Meriva &#8211; RA9001<\/h2>\n","protected":false},"featured_media":42568,"template":"","meta":{"_seopress_robots_primary_cat":"none","_seopress_titles_title":"","_seopress_titles_desc":"","_seopress_robots_index":"","_joinchat":[]},"product_cat":[17,149,153],"product_tag":[116,109],"berocket_brand":[381],"_links":{"self":[{"href":"https:\/\/www.casadainjecao.com.br\/loja\/wp-json\/wp\/v2\/product\/42561"}],"collection":[{"href":"https:\/\/www.casadainjecao.com.br\/loja\/wp-json\/wp\/v2\/product"}],"about":[{"href":"https:\/\/www.casadainjecao.com.br\/loja\/wp-json\/wp\/v2\/types\/product"}],"wp:featuredmedia":[{"embeddable":true,"href":"https:\/\/www.casadainjecao.com.br\/loja\/wp-json\/wp\/v2\/media\/42568"}],"wp:attachment":[{"href":"https:\/\/www.casadainjecao.com.br\/loja\/wp-json\/wp\/v2\/media?parent=42561"}],"wp:term":[{"taxonomy":"product_cat","embeddable":true,"href":"https:\/\/www.casadainjecao.com.br\/loja\/wp-json\/wp\/v2\/product_cat?post=42561"},{"taxonomy":"product_tag","embeddable":true,"href":"https:\/\/www.casadainjecao.com.br\/loja\/wp-json\/wp\/v2\/product_tag?post=42561"},{"taxonomy":"berocket_brand","embeddable":true,"href":"https:\/\/www.casadainjecao.com.br\/loja\/wp-json\/wp\/v2\/berocket_brand?post=42561"}],"curies":[{"name":"wp","href":"https:\/\/api.w.org\/{rel}","templated":true}]}}