{"id":42602,"date":"2025-11-27T14:34:17","date_gmt":"2025-11-27T17:34:17","guid":{"rendered":"https:\/\/www.casadainjecao.com.br\/loja\/?post_type=product&#038;p=42602"},"modified":"2025-11-27T14:56:05","modified_gmt":"2025-11-27T17:56:05","slug":"rele-auxiliar-duplo-40a-injecao-eletronica-ra7587","status":"publish","type":"product","link":"https:\/\/www.casadainjecao.com.br\/loja\/autopecas\/eletrica\/reles\/rele-auxiliar-duplo-40a-injecao-eletronica-ra7587\/","title":{"rendered":"Rel\u00e9 Auxiliar Duplo 40a Inje\u00e7\u00e3o Eletr\u00f4nica-Ra7587"},"content":{"rendered":"<h1>Rel\u00e9 Auxiliar Duplo<\/h1>\n<h3>Aplica\u00e7\u00e3o aos carros:<\/h3>\n<h3>FIAT &#8211; Uno\/ Palio \/Marea<\/h3>\n<h3>GM<\/h3>\n<h3>IVECO<\/h3>\n<h3>KIA<\/h3>\n<h3>MASSEY FERGUSON<\/h3>\n<h3>NEW HOLLAND<\/h3>\n<h3>PEUGEOT<\/h3>\n<h3>VOLKSVAGEM<\/h3>\n<h3>VOLVO<\/h3>\n<h3>CODIGO DE REFERENCIA:<\/h3>\n<h3 class=\"ui-pdp-title\">11055490<\/h3>\n<h3><strong>Condi\u00e7\u00f5es:<\/strong><\/h3>\n<h3><strong>Produto NOVO C\/MARCAS\u00a0 \/ Marca ARPE<\/strong><\/h3>\n<h3>Especifica\u00e7oes: 12V,40A, 5 TERMINAIS<\/h3>\n<h3><strong>Garantia:<\/strong><strong>3 Meses<\/strong><\/h3>\n<h3>ATEN\u00c7\u00c3O: Antes de efetuar a compra verifique o c\u00f3digo da sua pe\u00e7a que est\u00e1 instalado no seu ve\u00edculo.<\/h3>\n<h3>A Casa da Inje\u00e7\u00e3o SP oferece total garantia nos produtos comprados em nosso site.<br \/>\nCada item \u00e9 rigorosamente inspecionado\u00a0antes do envio<br \/>\nSe os itens estiverem danificados ou parcialmente defeituosos, entre em contato conosco.<br \/>\nProcure um profissional devidamente licenciado para a instala\u00e7\u00e3o e fa\u00e7a revis\u00f5es periodicamente. A empresa n\u00e3o se responsabiliza por problemas oriundos da m\u00e1 instala\u00e7\u00e3o ou com a falta de cuidados peri\u00f3dicos dos componentes.<br \/>\nSe houver qualquer defeito, ficamos a disposi\u00e7\u00e3o para a substitui\u00e7\u00e3o ou devolvemos seu dinheiro.<br \/>\nTem alguma d\u00favida?<br \/>\nEntre em contato que podemos ajudar!<br \/>\nConfira as informa\u00e7\u00f5es adicionais abaixo:<br \/>\nTodos os produtos anunciados est\u00e3o dispon\u00edveis em estoque e s\u00e3o enviados com extrema rapidez .<br \/>\nO frete pode ser simulado antes de efetuar a compra, basta clicar em \u201cver custos de envio\u201d.<br \/>\nVerifique o endere\u00e7o de entrega cadastrado e atualize caso necess\u00e1rio.<br \/>\nConfirme se a pe\u00e7a \u00e9 correta para o seu modelo de ve\u00edculo.<br \/>\nPara pe\u00e7as automotivas, recomendamos a instala\u00e7\u00e3o por um profissional especializado.<\/h3>\n<h3>Caso possua outras d\u00favidas, entre em contato.<\/h3>\n","protected":false},"excerpt":{"rendered":"<h1 class=\"ui-pdp-title\">Rel\u00e9 Auxiliar Duplo 40a Inje\u00e7\u00e3o Eletr\u00f4nica-Ra7587<\/h1>\n","protected":false},"featured_media":42605,"template":"","meta":{"_seopress_robots_primary_cat":"none","_seopress_titles_title":"","_seopress_titles_desc":"","_seopress_robots_index":"","_joinchat":[]},"product_cat":[17,153],"product_tag":[2002,1469,119],"berocket_brand":[381,383,386,396],"_links":{"self":[{"href":"https:\/\/www.casadainjecao.com.br\/loja\/wp-json\/wp\/v2\/product\/42602"}],"collection":[{"href":"https:\/\/www.casadainjecao.com.br\/loja\/wp-json\/wp\/v2\/product"}],"about":[{"href":"https:\/\/www.casadainjecao.com.br\/loja\/wp-json\/wp\/v2\/types\/product"}],"wp:featuredmedia":[{"embeddable":true,"href":"https:\/\/www.casadainjecao.com.br\/loja\/wp-json\/wp\/v2\/media\/42605"}],"wp:attachment":[{"href":"https:\/\/www.casadainjecao.com.br\/loja\/wp-json\/wp\/v2\/media?parent=42602"}],"wp:term":[{"taxonomy":"product_cat","embeddable":true,"href":"https:\/\/www.casadainjecao.com.br\/loja\/wp-json\/wp\/v2\/product_cat?post=42602"},{"taxonomy":"product_tag","embeddable":true,"href":"https:\/\/www.casadainjecao.com.br\/loja\/wp-json\/wp\/v2\/product_tag?post=42602"},{"taxonomy":"berocket_brand","embeddable":true,"href":"https:\/\/www.casadainjecao.com.br\/loja\/wp-json\/wp\/v2\/berocket_brand?post=42602"}],"curies":[{"name":"wp","href":"https:\/\/api.w.org\/{rel}","templated":true}]}}