{"id":42622,"date":"2025-11-27T16:02:00","date_gmt":"2025-11-27T19:02:00","guid":{"rendered":"https:\/\/www.casadainjecao.com.br\/loja\/?post_type=product&#038;p=42622"},"modified":"2025-11-27T16:11:22","modified_gmt":"2025-11-27T19:11:22","slug":"porca-fixacao-modulo-combustivel-f250-f350-f75a9a307ac","status":"publish","type":"product","link":"https:\/\/www.casadainjecao.com.br\/loja\/autopecas\/exterior\/porca-fixacao-modulo-combustivel-f250-f350-f75a9a307ac\/","title":{"rendered":"Porca Fixa\u00e7\u00e3o M\u00f3dulo Combust\u00edvel &#8211; F250 \/ F350 &#8"},"content":{"rendered":"<h1>Porca Fixa\u00e7\u00e3o M\u00f3dulo Combust\u00edvel<\/h1>\n<h3>Aplica\u00e7\u00e3o aos carros:<\/h3>\n<h3>FORD<\/h3>\n<h3>F250 4.2 6CIL 8V DIESEL 1999-2004<br \/>\nF250 3.9 4CIL 16V DIESEL 1999-2011<br \/>\nF350 3.9 4CIL 16V DIESEL 1998-2012<\/h3>\n<h3>CODIGO DE REFERENCIA:<\/h3>\n<h3 class=\"ui-pdp-title\">F75A9A307AC\/F75Z9A307AB\/AVG0061\/4011\/7141\/DS27011<\/h3>\n<h3><strong>Condi\u00e7\u00f5es:<\/strong><\/h3>\n<h3><strong>Produto NOVO\u00a0 \/ Marca Filter flex<\/strong><\/h3>\n<h3><strong>Garantia:<\/strong><strong>3 Meses<\/strong><\/h3>\n<h3>ATEN\u00c7\u00c3O: Antes de efetuar a compra verifique o c\u00f3digo da sua pe\u00e7a que est\u00e1 instalado no seu ve\u00edculo.<\/h3>\n<h3>A Casa da Inje\u00e7\u00e3o SP oferece total garantia nos produtos comprados em nosso site.<br \/>\nCada item \u00e9 rigorosamente inspecionado\u00a0antes do envio<br \/>\nSe os itens estiverem danificados ou parcialmente defeituosos, entre em contato conosco.<br \/>\nProcure um profissional devidamente licenciado para a instala\u00e7\u00e3o e fa\u00e7a revis\u00f5es periodicamente. A empresa n\u00e3o se responsabiliza por problemas oriundos da m\u00e1 instala\u00e7\u00e3o ou com a falta de cuidados peri\u00f3dicos dos componentes.<br \/>\nSe houver qualquer defeito, ficamos a disposi\u00e7\u00e3o para a substitui\u00e7\u00e3o ou devolvemos seu dinheiro.<br \/>\nTem alguma d\u00favida?<br \/>\nEntre em contato que podemos ajudar!<br \/>\nConfira as informa\u00e7\u00f5es adicionais abaixo:<br \/>\nTodos os produtos anunciados est\u00e3o dispon\u00edveis em estoque e s\u00e3o enviados com extrema rapidez .<br \/>\nO frete pode ser simulado antes de efetuar a compra, basta clicar em \u201cver custos de envio\u201d.<br \/>\nVerifique o endere\u00e7o de entrega cadastrado e atualize caso necess\u00e1rio.<br \/>\nConfirme se a pe\u00e7a \u00e9 correta para o seu modelo de ve\u00edculo.<br \/>\nPara pe\u00e7as automotivas, recomendamos a instala\u00e7\u00e3o por um profissional especializado.<\/h3>\n<h3>Caso possua outras d\u00favidas, entre em contato.<\/h3>\n","protected":false},"excerpt":{"rendered":"<h1 class=\"ui-pdp-title\">Porca Fixa\u00e7\u00e3o M\u00f3dulo Combust\u00edvel &#8211; F250 \/ F350 &#8211; F75a9a307ac<\/h1>\n","protected":false},"featured_media":42625,"template":"","meta":{"_seopress_robots_primary_cat":"none","_seopress_titles_title":"","_seopress_titles_desc":"","_seopress_robots_index":"","_kad_blocks_custom_css":"","_kad_blocks_head_custom_js":"","_kad_blocks_body_custom_js":"","_kad_blocks_footer_custom_js":"","_joinchat":[]},"product_cat":[23],"product_tag":[1702],"berocket_brand":[384],"taxonomy_info":{"product_cat":[{"value":23,"label":"Exterior"}],"product_tag":[{"value":1702,"label":"F250"}],"berocket_brand":[{"value":384,"label":"Ford"}]},"featured_image_src_large":["https:\/\/www.casadainjecao.com.br\/loja\/wp-content\/uploads\/2025\/11\/F75a9a307ac.jpg",500,500,false],"author_info":[],"comment_info":"","_links":{"self":[{"href":"https:\/\/www.casadainjecao.com.br\/loja\/wp-json\/wp\/v2\/product\/42622"}],"collection":[{"href":"https:\/\/www.casadainjecao.com.br\/loja\/wp-json\/wp\/v2\/product"}],"about":[{"href":"https:\/\/www.casadainjecao.com.br\/loja\/wp-json\/wp\/v2\/types\/product"}],"wp:featuredmedia":[{"embeddable":true,"href":"https:\/\/www.casadainjecao.com.br\/loja\/wp-json\/wp\/v2\/media\/42625"}],"wp:attachment":[{"href":"https:\/\/www.casadainjecao.com.br\/loja\/wp-json\/wp\/v2\/media?parent=42622"}],"wp:term":[{"taxonomy":"product_cat","embeddable":true,"href":"https:\/\/www.casadainjecao.com.br\/loja\/wp-json\/wp\/v2\/product_cat?post=42622"},{"taxonomy":"product_tag","embeddable":true,"href":"https:\/\/www.casadainjecao.com.br\/loja\/wp-json\/wp\/v2\/product_tag?post=42622"},{"taxonomy":"berocket_brand","embeddable":true,"href":"https:\/\/www.casadainjecao.com.br\/loja\/wp-json\/wp\/v2\/berocket_brand?post=42622"}],"curies":[{"name":"wp","href":"https:\/\/api.w.org\/{rel}","templated":true}]}}