{"id":42641,"date":"2025-11-27T17:26:10","date_gmt":"2025-11-27T20:26:10","guid":{"rendered":"https:\/\/www.casadainjecao.com.br\/loja\/?post_type=product&#038;p=42641"},"modified":"2026-03-25T15:49:39","modified_gmt":"2026-03-25T18:49:39","slug":"rele-auxiliar-injecao-eletronica-ford-fiesta-98fu14n089ba","status":"publish","type":"product","link":"https:\/\/www.casadainjecao.com.br\/loja\/autopecas\/eletrica\/reles\/rele-auxiliar-injecao-eletronica-ford-fiesta-98fu14n089ba\/","title":{"rendered":"Rel\u00e9 Auxiliar Inje\u00e7\u00e3o Eletr\u00f4nica Ford Fiesta-98FU14N089B"},"content":{"rendered":"<h1>Rel\u00e9 Auxiliar Inje\u00e7\u00e3o Eletr\u00f4nica<\/h1>\n<h2>Aplica\u00e7\u00e3o aos carros:<\/h2>\n<h3>FORD<\/h3>\n<h3>KA<\/h3>\n<h3>FIESTA 1997 A 2017<\/h3>\n<h3>ECOSPORT<\/h3>\n<h3>CODIGO DE REFERENCIA:<\/h3>\n<h3 class=\"ui-pdp-title\">98FU14N089BA<\/h3>\n<h2><strong>Condi\u00e7\u00f5es:<\/strong><\/h2>\n<h3><strong>Produto: Novo com detalhes\/ Marca FORD<\/strong><\/h3>\n<h3>Especfica\u00e7oes: 4 TERMINAIS ,12V<\/h3>\n<h3><strong>Garantia:<\/strong><strong>3 Meses<\/strong><\/h3>\n<h3>ATEN\u00c7\u00c3O: Antes de efetuar a compra verifique o c\u00f3digo da sua pe\u00e7a que est\u00e1 instalado no seu ve\u00edculo.<\/h3>\n<p>&nbsp;<\/p>\n<h3>A Casa da Inje\u00e7\u00e3o SP oferece total garantia nos produtos comprados em nosso site.<br \/>\nCada item \u00e9 rigorosamente inspecionado\u00a0antes do envio<br \/>\nSe os itens estiverem danificados ou parcialmente defeituosos, entre em contato conosco.<br \/>\nProcure um profissional devidamente licenciado para a instala\u00e7\u00e3o e fa\u00e7a revis\u00f5es periodicamente. A empresa n\u00e3o se responsabiliza por problemas oriundos da m\u00e1 instala\u00e7\u00e3o ou com a falta de cuidados peri\u00f3dicos dos componentes.<br \/>\nSe houver qualquer defeito, ficamos a disposi\u00e7\u00e3o para a substitui\u00e7\u00e3o ou devolvemos seu dinheiro.<br \/>\nTem alguma d\u00favida?Entre em contato que podemos ajudar!<\/h3>\n<h3>Confira as informa\u00e7\u00f5es adicionais abaixo:<br \/>\nTodos os produtos anunciados est\u00e3o dispon\u00edveis em estoque e s\u00e3o enviados com extrema rapidez .<br \/>\nO frete pode ser simulado antes de efetuar a compra, basta clicar em \u201cver custos de envio\u201d.<br \/>\nVerifique o endere\u00e7o de entrega cadastrado e atualize caso necess\u00e1rio.<br \/>\nConfirme se a pe\u00e7a \u00e9 correta para o seu modelo de ve\u00edculo.<br \/>\nPara pe\u00e7as automotivas, recomendamos a instala\u00e7\u00e3o por um profissional especializado.<\/h3>\n<h3>Caso possua outras d\u00favidas, entre em contato.<\/h3>\n","protected":false},"excerpt":{"rendered":"<div class=\"ui-pdp-header\">\n<div class=\"ui-pdp-header__title-container\">\n<h1 class=\"ui-pdp-title\">Rel\u00e9 Auxiliar Inje\u00e7\u00e3o Eletr\u00f4nica Ford Fiesta-98FU14N089BA<\/h1>\n<\/div>\n<\/div>\n<form class=\"ui-pdp-bookmark ui-pdp-bookmark__link-bookmark\" action=\"https:\/\/www.mercadolivre.com.br\/p\/MLB1173207826\/bookmark\/add\/MLB1173207826\" method=\"post\"><\/form>\n","protected":false},"featured_media":42654,"template":"","meta":{"_seopress_robots_primary_cat":"none","_seopress_titles_title":"","_seopress_titles_desc":"","_seopress_robots_index":"","_joinchat":[]},"product_cat":[153],"product_tag":[274,276,277],"berocket_brand":[384],"_links":{"self":[{"href":"https:\/\/www.casadainjecao.com.br\/loja\/wp-json\/wp\/v2\/product\/42641"}],"collection":[{"href":"https:\/\/www.casadainjecao.com.br\/loja\/wp-json\/wp\/v2\/product"}],"about":[{"href":"https:\/\/www.casadainjecao.com.br\/loja\/wp-json\/wp\/v2\/types\/product"}],"wp:featuredmedia":[{"embeddable":true,"href":"https:\/\/www.casadainjecao.com.br\/loja\/wp-json\/wp\/v2\/media\/42654"}],"wp:attachment":[{"href":"https:\/\/www.casadainjecao.com.br\/loja\/wp-json\/wp\/v2\/media?parent=42641"}],"wp:term":[{"taxonomy":"product_cat","embeddable":true,"href":"https:\/\/www.casadainjecao.com.br\/loja\/wp-json\/wp\/v2\/product_cat?post=42641"},{"taxonomy":"product_tag","embeddable":true,"href":"https:\/\/www.casadainjecao.com.br\/loja\/wp-json\/wp\/v2\/product_tag?post=42641"},{"taxonomy":"berocket_brand","embeddable":true,"href":"https:\/\/www.casadainjecao.com.br\/loja\/wp-json\/wp\/v2\/berocket_brand?post=42641"}],"curies":[{"name":"wp","href":"https:\/\/api.w.org\/{rel}","templated":true}]}}