{"id":42682,"date":"2025-11-28T16:13:24","date_gmt":"2025-11-28T19:13:24","guid":{"rendered":"https:\/\/www.casadainjecao.com.br\/loja\/?post_type=product&#038;p=42682"},"modified":"2026-03-09T22:51:16","modified_gmt":"2026-03-10T01:51:16","slug":"antichama-fiat-palio-siena-strada-uno-46417193","status":"publish","type":"product","link":"https:\/\/www.casadainjecao.com.br\/loja\/autopecas\/injecao-eletronica\/antichama-fiat-palio-siena-strada-uno-46417193\/","title":{"rendered":"Antichama Fiat Palio Siena Strada Uno &#8211; 46417193"},"content":{"rendered":"<h2>Antichama<\/h2>\n<h3>Fiat<\/h3>\n<h3 data-start=\"220\" data-end=\"236\"><strong data-start=\"224\" data-end=\"236\">ELBA GII-<\/strong><strong data-start=\"239\" data-end=\"252\">1.5 \/ 1.6<\/strong> \u2013 <strong data-start=\"255\" data-end=\"270\">1992 a 1996<\/strong><\/h3>\n<h3 data-start=\"272\" data-end=\"294\"><strong data-start=\"276\" data-end=\"294\">FIORINO FURG\u00c3O-<\/strong><strong data-start=\"297\" data-end=\"320\">1.0 \/ 1.5 (SPI\/MPI)<\/strong> \u2013 <strong data-start=\"323\" data-end=\"339\">1994 a 1997+<\/strong><\/h3>\n<h3 data-start=\"341\" data-end=\"364\"><strong data-start=\"345\" data-end=\"364\">FIORINO PICK-UP &#8211;<\/strong><strong data-start=\"367\" data-end=\"396\">1.0 \/ 1.5 \/ 1.6 (SPI\/MPI)<\/strong> \u2013 <strong data-start=\"399\" data-end=\"414\">1994 a 1999<\/strong><\/h3>\n<h3 data-start=\"416\" data-end=\"432\"><strong data-start=\"420\" data-end=\"432\">PALIO G1-<\/strong><strong data-start=\"435\" data-end=\"477\">1.0 \/ 1.3 16V \/ 1.5 \/ 1.6 8V \/ 1.6 16V<\/strong> \u2013 <strong data-start=\"480\" data-end=\"495\">1996 a 2001<\/strong><\/h3>\n<h3 data-start=\"497\" data-end=\"521\"><strong data-start=\"501\" data-end=\"521\">PALIO WEEKEND G1-<\/strong><strong data-start=\"524\" data-end=\"566\">1.0 \/ 1.3 16V \/ 1.5 \/ 1.6 8V \/ 1.6 16V<\/strong> \u2013 <strong data-start=\"569\" data-end=\"584\">1997 a 2001<\/strong><\/h3>\n<h3 data-start=\"586\" data-end=\"604\"><strong data-start=\"590\" data-end=\"604\">PR\u00caMIO GII-<\/strong><strong data-start=\"607\" data-end=\"620\">1.5 \/ 1.6<\/strong> \u2013 <strong data-start=\"623\" data-end=\"638\">1990 a 1995<\/strong><\/h3>\n<h3 data-start=\"640\" data-end=\"656\"><strong data-start=\"644\" data-end=\"656\">SIENA G1-<\/strong><strong data-start=\"659\" data-end=\"699\">1.0 \/ 1.3 16V \/ 1.5 \/ 1.6 (8V e 16V)<\/strong> \u2013 <strong data-start=\"702\" data-end=\"717\">1998 a 2001<\/strong><\/h3>\n<h3 data-start=\"719\" data-end=\"736\"><strong data-start=\"723\" data-end=\"736\">STRADA G1-<\/strong><strong data-start=\"739\" data-end=\"763\">1.5 \/ 1.6 (8V e 16V)<\/strong> \u2013 <strong data-start=\"766\" data-end=\"781\">1999 a 2001<\/strong><\/h3>\n<h3 data-start=\"783\" data-end=\"801\"><strong data-start=\"787\" data-end=\"801\">UNO FURG\u00c3O-<\/strong><strong data-start=\"804\" data-end=\"820\">1.5 (IE\/MPI)<\/strong> \u2013 <strong data-start=\"823\" data-end=\"841\">1993 em diante<\/strong><\/h3>\n<h3 data-start=\"843\" data-end=\"857\"><strong data-start=\"847\" data-end=\"857\">UNO G1-<\/strong><strong data-start=\"860\" data-end=\"871\">1.5 SPI<\/strong> \u2013 <strong data-start=\"874\" data-end=\"889\">1992 a 1996<\/strong><\/h3>\n<h3 data-start=\"891\" data-end=\"906\"><strong data-start=\"895\" data-end=\"906\">UNO GII-<\/strong><strong data-start=\"909\" data-end=\"920\">1.6 MPI<\/strong> \u2013 <strong data-start=\"923\" data-end=\"938\">1994 a 1996<\/strong><\/h3>\n<h3 data-start=\"940\" data-end=\"966\"><strong data-start=\"944\" data-end=\"966\">UNO MILLE G1 E GII-<\/strong><strong data-start=\"969\" data-end=\"986\">1.0 (SPI\/MPI)<\/strong> \u2013 <strong data-start=\"989\" data-end=\"1004\">1991 a 2001<\/strong><\/h3>\n<h3>C\u00f3digo:<\/h3>\n<h3 class=\"ui-pdp-title\">46417193\/087079<\/h3>\n<h4>Condi\u00e7\u00f5es:<br \/>\nProduto Novo \/ Marca AJE<\/h4>\n<h3>Garantia:<br \/>\n3 Meses<br \/>\nATEN\u00c7\u00c3O: Antes de efetuar a compra verifique o c\u00f3digo da sua pe\u00e7a que est\u00e1 instalado no seu ve\u00edculo.<\/h3>\n<h4>A Casa da Inje\u00e7\u00e3o oferece total garantia nos produtos comprados em nosso site.<br \/>\nCada item \u00e9 rigorosamente testado antes do envio<br \/>\nSe os itens estiverem danificados ou parcialmente defeituosos, entre em contato conosco.<br \/>\nProcure um profissional devidamente licenciado para a instala\u00e7\u00e3o e fa\u00e7a revis\u00f5es periodicamente. A empresa n\u00e3o se responsabiliza por problemas oriundos da m\u00e1 instala\u00e7\u00e3o ou com a falta de cuidados peri\u00f3dicos dos componentes.<br \/>\nSe houver qualquer defeito, n\u00f3s lhe enviaremos uma substitui\u00e7\u00e3o ap\u00f3s receber o pacote ou devolvemos seu dinheiro.<br \/>\nLeia nossa\u00a0pol\u00edtica de devolu\u00e7\u00e3o aqui<br \/>\nTem alguma d\u00favida?<br \/>\nEntre em contato que podemos ajudar!<br \/>\nConfira as informa\u00e7\u00f5es adicionais abaixo:<br \/>\nTodos os nossos produtos s\u00e3o novos, semi-novos, originais e paralelos possuem garantia.<br \/>\nTodos os produtos anunciados est\u00e3o dispon\u00edveis em estoque e s\u00e3o enviados com extrema rapidez.<br \/>\nO frete pode ser simulado antes de efetuar a compra, basta clicar em \u201cver custos de envio\u201d.<br \/>\nVerifique o endere\u00e7o de entrega cadastrado e atualize caso necess\u00e1rio.<br \/>\nConfirme se a pe\u00e7a \u00e9 correta para o seu modelo de ve\u00edculo.<br \/>\nPara pe\u00e7as automotivas, recomendamos a instala\u00e7\u00e3o por um profissional especializado.<br \/>\nCaso possua outras d\u00favidas, entre em contato.<\/h4>\n","protected":false},"excerpt":{"rendered":"<h1>Antichama Fiat Palio Siena Strada Uno-46417193<\/h1>\n","protected":false},"featured_media":42689,"template":"","meta":{"_seopress_robots_primary_cat":"none","_seopress_titles_title":"","_seopress_titles_desc":"","_seopress_robots_index":"","_joinchat":[]},"product_cat":[21],"product_tag":[281,280,119,1892,279,120,121,214],"berocket_brand":[383],"_links":{"self":[{"href":"https:\/\/www.casadainjecao.com.br\/loja\/wp-json\/wp\/v2\/product\/42682"}],"collection":[{"href":"https:\/\/www.casadainjecao.com.br\/loja\/wp-json\/wp\/v2\/product"}],"about":[{"href":"https:\/\/www.casadainjecao.com.br\/loja\/wp-json\/wp\/v2\/types\/product"}],"wp:featuredmedia":[{"embeddable":true,"href":"https:\/\/www.casadainjecao.com.br\/loja\/wp-json\/wp\/v2\/media\/42689"}],"wp:attachment":[{"href":"https:\/\/www.casadainjecao.com.br\/loja\/wp-json\/wp\/v2\/media?parent=42682"}],"wp:term":[{"taxonomy":"product_cat","embeddable":true,"href":"https:\/\/www.casadainjecao.com.br\/loja\/wp-json\/wp\/v2\/product_cat?post=42682"},{"taxonomy":"product_tag","embeddable":true,"href":"https:\/\/www.casadainjecao.com.br\/loja\/wp-json\/wp\/v2\/product_tag?post=42682"},{"taxonomy":"berocket_brand","embeddable":true,"href":"https:\/\/www.casadainjecao.com.br\/loja\/wp-json\/wp\/v2\/berocket_brand?post=42682"}],"curies":[{"name":"wp","href":"https:\/\/api.w.org\/{rel}","templated":true}]}}