{"id":42765,"date":"2025-12-01T11:58:25","date_gmt":"2025-12-01T14:58:25","guid":{"rendered":"https:\/\/www.casadainjecao.com.br\/loja\/?post_type=product&#038;p=42765"},"modified":"2025-12-01T13:01:24","modified_gmt":"2025-12-01T16:01:24","slug":"rele-auxiliar-universal-4-pinos-c-suporte-tr108202","status":"publish","type":"product","link":"https:\/\/www.casadainjecao.com.br\/loja\/autopecas\/eletrica\/reles\/rele-auxiliar-universal-4-pinos-c-suporte-tr108202\/","title":{"rendered":"Rele Auxiliar Universal 4 Pinos C\/ Suporte &#8211; TR108202"},"content":{"rendered":"<h2>Rele Auxiliar Universal C\/ Suporte<\/h2>\n<h2>Compatibilidade:<\/h2>\n<h3 data-start=\"129\" data-end=\"363\"><strong data-start=\"129\" data-end=\"144\">Volkswagen:<\/strong><br data-start=\"144\" data-end=\"147\" \/>Fusca (todos)\/ Bras\u00edlia\/ Variant\/ Kombi \/Gol\/Saveiro\/Parati \/ Santana \/ Quantum\/ Pointer\/ Logus \/ Apollo\/Golf\/Voyage\/Variant<\/h3>\n<h3 data-start=\"365\" data-end=\"559\"><strong data-start=\"365\" data-end=\"374\">Ford:<\/strong><br data-start=\"374\" data-end=\"377\" \/>Corcel\/Corcel II \/Belina\/Del Rey\/Escort \/ F100\/F1000\/F13000\/Royale\/Pampa\/Fiesta\/Ka\/Versailles\/Verona<\/h3>\n<h3 data-start=\"561\" data-end=\"649\"><strong data-start=\"561\" data-end=\"570\">Fiat:<\/strong><br data-start=\"570\" data-end=\"573\" \/>Alfa Romeo (76+), 147, Ducato, Vivace, Duna, Fiorino, Regatta e Uno (todos).<\/h3>\n<h3 data-start=\"651\" data-end=\"863\"><strong data-start=\"651\" data-end=\"668\">GM\/Chevrolet:<\/strong><br data-start=\"668\" data-end=\"671\" \/>D10\/D20\/Opala\/Caravan\/Chevette\/ Maraj\u00f3\/Chevy\/Monza\/Kadett\/Omega\/Corsa\/Vectra\/Astra\/Silverado\/Blazer<\/h3>\n<h3 data-start=\"865\" data-end=\"927\"><strong data-start=\"865\" data-end=\"883\">Mercedes-Benz:<\/strong><br data-start=\"883\" data-end=\"886\" \/>Todos os \u00f4nibus e micro-\u00f4nibus linha 12V.<\/h3>\n<h3 data-start=\"929\" data-end=\"958\"><strong data-start=\"929\" data-end=\"941\">Peugeot:<\/strong><br data-start=\"941\" data-end=\"944\" \/>205\/ 306\/405.<\/h3>\n<h3 data-start=\"960\" data-end=\"1002\"><strong data-start=\"960\" data-end=\"971\">Toyota:<\/strong><br data-start=\"971\" data-end=\"974\" \/>Todos os ve\u00edculos linha 12V.<\/h3>\n<h3 data-start=\"1004\" data-end=\"1041\"><strong data-start=\"1004\" data-end=\"1016\">Citro\u00ebn:<\/strong><br data-start=\"1016\" data-end=\"1019\" \/>Berlingo\/C15\/ AX\/ ZX.<\/h3>\n<h3>CODIGO:<\/h3>\n<h3>TR108202<\/h3>\n<h3>Condi\u00e7\u00f5es:<br \/>\nProduto SEMI-NOVO Marca TR<\/h3>\n<h3>Especifica\u00e7oes: 12 V,40 A, 4 Terminais<br \/>\nGarantia:<br \/>\n3 Meses<br \/>\nATEN\u00c7\u00c3O: Antes de efetuar a compra verifique o c\u00f3digo da sua pe\u00e7a que est\u00e1 instalado no seu ve\u00edculo.<\/h3>\n<h3>A Casa da Inje\u00e7\u00e3o oferece total garantia nos produtos comprados em nosso site.<br \/>\nCada item \u00e9 rigorosamente testado antes do envio<br \/>\nSe os itens estiverem danificados ou parcialmente defeituosos, entre em contato conosco.<br \/>\nProcure um profissional devidamente licenciado para a instala\u00e7\u00e3o e fa\u00e7a revis\u00f5es periodicamente. A empresa n\u00e3o se responsabiliza por problemas oriundos da m\u00e1 instala\u00e7\u00e3o ou com a falta de cuidados peri\u00f3dicos dos componentes.<br \/>\nSe houver qualquer defeito, n\u00f3s lhe enviaremos uma substitui\u00e7\u00e3o ap\u00f3s receber o pacote ou devolvemos seu dinheiro.<br \/>\nLeia nossa\u00a0pol\u00edtica de devolu\u00e7\u00e3o aqui<br \/>\nTem alguma d\u00favida?<br \/>\nEntre em contato que podemos ajudar!<br \/>\nConfira as informa\u00e7\u00f5es adicionais abaixo:<br \/>\nTodos os nossos produtos s\u00e3o novos, semi-novos, originais e paralelos possuem garantia.<br \/>\nTodos os produtos anunciados est\u00e3o dispon\u00edveis em estoque e s\u00e3o enviados com extrema rapidez.<br \/>\nO frete pode ser simulado antes de efetuar a compra, basta clicar em \u201cver custos de envio\u201d.<br \/>\nVerifique o endere\u00e7o de entrega cadastrado e atualize caso necess\u00e1rio.<br \/>\nConfirme se a pe\u00e7a \u00e9 correta para o seu modelo de ve\u00edculo.<br \/>\nPara pe\u00e7as automotivas, recomendamos a instala\u00e7\u00e3o por um profissional especializado.<br \/>\nCaso possua outras d\u00favidas, entre em contato.<\/h3>\n","protected":false},"excerpt":{"rendered":"<h2>Rele Auxiliar Universal 4 Pinos C\/ Suporte &#8211; TR108202<\/h2>\n","protected":false},"featured_media":42770,"template":"","meta":{"_seopress_robots_primary_cat":"none","_seopress_titles_title":"","_seopress_titles_desc":"","_seopress_robots_index":"","_joinchat":[]},"product_cat":[153],"product_tag":[2371,1166,2330,2361,286,1604,59,757,283,285,232,282,233,159,60,284],"berocket_brand":[378,381,382,383,384,390,393,395,396],"_links":{"self":[{"href":"https:\/\/www.casadainjecao.com.br\/loja\/wp-json\/wp\/v2\/product\/42765"}],"collection":[{"href":"https:\/\/www.casadainjecao.com.br\/loja\/wp-json\/wp\/v2\/product"}],"about":[{"href":"https:\/\/www.casadainjecao.com.br\/loja\/wp-json\/wp\/v2\/types\/product"}],"wp:featuredmedia":[{"embeddable":true,"href":"https:\/\/www.casadainjecao.com.br\/loja\/wp-json\/wp\/v2\/media\/42770"}],"wp:attachment":[{"href":"https:\/\/www.casadainjecao.com.br\/loja\/wp-json\/wp\/v2\/media?parent=42765"}],"wp:term":[{"taxonomy":"product_cat","embeddable":true,"href":"https:\/\/www.casadainjecao.com.br\/loja\/wp-json\/wp\/v2\/product_cat?post=42765"},{"taxonomy":"product_tag","embeddable":true,"href":"https:\/\/www.casadainjecao.com.br\/loja\/wp-json\/wp\/v2\/product_tag?post=42765"},{"taxonomy":"berocket_brand","embeddable":true,"href":"https:\/\/www.casadainjecao.com.br\/loja\/wp-json\/wp\/v2\/berocket_brand?post=42765"}],"curies":[{"name":"wp","href":"https:\/\/api.w.org\/{rel}","templated":true}]}}