{"id":42863,"date":"2025-12-02T13:07:33","date_gmt":"2025-12-02T16:07:33","guid":{"rendered":"https:\/\/www.casadainjecao.com.br\/loja\/?post_type=product&#038;p=42863"},"modified":"2025-12-02T13:49:39","modified_gmt":"2025-12-02T16:49:39","slug":"tampa-flange-bomba-combustivel-citroen-c3-flex-96879483","status":"publish","type":"product","link":"https:\/\/www.casadainjecao.com.br\/loja\/autopecas\/exterior\/tanque-combustivel\/tampa-flange-bomba-combustivel-citroen-c3-flex-96879483\/","title":{"rendered":"Tampa Flange Bomba Combust\u00edvel Citroen C3 Flex &#8211; 9687"},"content":{"rendered":"<h2>Tampa Flange Bomba Combust\u00edvel<\/h2>\n<h2>Compatibilidade:<\/h2>\n<h3 data-start=\"125\" data-end=\"442\">\u2022 Citro\u00ebn Aircross 1.6 4Cil 16v Flex 2011 Em Diante<\/h3>\n<h3 data-start=\"125\" data-end=\"442\">\u2022 Citro\u00ebn C3 Picasso 1.5 4Cil 8v Flex 2011 Em Diante<\/h3>\n<h3 data-start=\"125\" data-end=\"442\">\u2022 Citro\u00ebn C3 Picasso 1.6 4Cil 16v Flex 2011 Em Diante<\/h3>\n<h3 data-start=\"125\" data-end=\"442\">\u2022 Citro\u00ebn C3 1.5 4Cil 8v Flex 2013 Em Diante<\/h3>\n<h3 data-start=\"125\" data-end=\"442\">\u2022 Citro\u00ebn C3 1.6 4Cil 16v Flex 2013 Em Diante<\/h3>\n<h4><span style=\"font-size: 16px;\">CODIGO:<\/span><\/h4>\n<h2>96879483<\/h2>\n<h3>Condi\u00e7\u00f5es:<br \/>\nProduto semi -novo\u00a0 Marca: torken<\/h3>\n<h3>Garantia:<br \/>\n3 Meses<br \/>\nATEN\u00c7\u00c3O: Antes de efetuar a compra verifique o c\u00f3digo da sua pe\u00e7a que est\u00e1 instalado no seu ve\u00edculo.<\/h3>\n<h3>A Casa da Inje\u00e7\u00e3o oferece total garantia nos produtos comprados em nosso site.<br \/>\nCada item \u00e9 rigorosamente testado antes do envio<br \/>\nSe os itens estiverem danificados ou parcialmente defeituosos, entre em contato conosco.<br \/>\nProcure um profissional devidamente licenciado para a instala\u00e7\u00e3o e fa\u00e7a revis\u00f5es periodicamente. A empresa n\u00e3o se responsabiliza por problemas oriundos da m\u00e1 instala\u00e7\u00e3o ou com a falta de cuidados peri\u00f3dicos dos componentes.<br \/>\nSe houver qualquer defeito, n\u00f3s lhe enviaremos uma substitui\u00e7\u00e3o ap\u00f3s receber o pacote ou devolvemos seu dinheiro.<br \/>\nLeia nossa\u00a0pol\u00edtica de devolu\u00e7\u00e3o aqui<br \/>\nTem alguma d\u00favida?<br \/>\nEntre em contato que podemos ajudar!<br \/>\nConfira as informa\u00e7\u00f5es adicionais abaixo:<br \/>\nTodos os nossos produtos s\u00e3o novos, semi-novos, originais e paralelos possuem garantia.<br \/>\nTodos os produtos anunciados est\u00e3o dispon\u00edveis em estoque e s\u00e3o enviados com extrema rapidez.<br \/>\nO frete pode ser simulado antes de efetuar a compra, basta clicar em \u201cver custos de envio\u201d.<br \/>\nVerifique o endere\u00e7o de entrega cadastrado e atualize caso necess\u00e1rio.<br \/>\nConfirme se a pe\u00e7a \u00e9 correta para o seu modelo de ve\u00edculo.<br \/>\nPara pe\u00e7as automotivas, recomendamos a instala\u00e7\u00e3o por um profissional especializado.<br \/>\nCaso possua outras d\u00favidas, entre em contato.<\/h3>\n","protected":false},"excerpt":{"rendered":"<h2>Tampa Flange Bomba Combust\u00edvel Citroen C3 Flex &#8211; 96879483<\/h2>\n","protected":false},"featured_media":42865,"template":"","meta":{"_seopress_robots_primary_cat":"none","_seopress_titles_title":"","_seopress_titles_desc":"","_seopress_robots_index":"","_joinchat":[]},"product_cat":[2108],"product_tag":[782,2341,2311],"berocket_brand":[382],"_links":{"self":[{"href":"https:\/\/www.casadainjecao.com.br\/loja\/wp-json\/wp\/v2\/product\/42863"}],"collection":[{"href":"https:\/\/www.casadainjecao.com.br\/loja\/wp-json\/wp\/v2\/product"}],"about":[{"href":"https:\/\/www.casadainjecao.com.br\/loja\/wp-json\/wp\/v2\/types\/product"}],"wp:featuredmedia":[{"embeddable":true,"href":"https:\/\/www.casadainjecao.com.br\/loja\/wp-json\/wp\/v2\/media\/42865"}],"wp:attachment":[{"href":"https:\/\/www.casadainjecao.com.br\/loja\/wp-json\/wp\/v2\/media?parent=42863"}],"wp:term":[{"taxonomy":"product_cat","embeddable":true,"href":"https:\/\/www.casadainjecao.com.br\/loja\/wp-json\/wp\/v2\/product_cat?post=42863"},{"taxonomy":"product_tag","embeddable":true,"href":"https:\/\/www.casadainjecao.com.br\/loja\/wp-json\/wp\/v2\/product_tag?post=42863"},{"taxonomy":"berocket_brand","embeddable":true,"href":"https:\/\/www.casadainjecao.com.br\/loja\/wp-json\/wp\/v2\/berocket_brand?post=42863"}],"curies":[{"name":"wp","href":"https:\/\/api.w.org\/{rel}","templated":true}]}}