{"id":42872,"date":"2025-12-02T14:21:29","date_gmt":"2025-12-02T17:21:29","guid":{"rendered":"https:\/\/www.casadainjecao.com.br\/loja\/?post_type=product&#038;p=42872"},"modified":"2025-12-02T14:42:19","modified_gmt":"2025-12-02T17:42:19","slug":"tampa-da-bomba-de-combustivel-gol-g2-373919051r","status":"publish","type":"product","link":"https:\/\/www.casadainjecao.com.br\/loja\/autopecas\/exterior\/tanque-combustivel\/tampa-da-bomba-de-combustivel-gol-g2-373919051r\/","title":{"rendered":"Tampa Da Bomba De Combust\u00edvel Gol G2-373919051R"},"content":{"rendered":"<h2>Tampa Flange Bomba Combust\u00edvel<\/h2>\n<h2>Compatibilidade:<\/h2>\n<h3 data-start=\"125\" data-end=\"442\">Volkswagen<\/h3>\n<h3 data-start=\"125\" data-end=\"442\">Gol G2 1.0 4Cil 8v Gasolina 1999 Em Diante Mi<\/h3>\n<h3 data-start=\"125\" data-end=\"442\">Gol G2 1.0 4Cil 8v Etanol 1999 Em Diante Mi<\/h3>\n<h3 data-start=\"125\" data-end=\"442\">Gol G3 1.0 4Cil 16v Gasolina 1999 Em Diante 2005 Mi<\/h3>\n<h3 data-start=\"125\" data-end=\"442\">Gol G4 1.0 4Cil 8v Flex 2005 At\u00e9 2008<\/h3>\n<h3 data-start=\"125\" data-end=\"442\">Parati G3 1.0 4Cil 16v Gasolina 1999 At\u00e9 2003 Mi<\/h3>\n<h4><span style=\"font-size: 16px;\">CODIGO:<\/span><\/h4>\n<h2>373919051R<\/h2>\n<h3>Condi\u00e7\u00f5es:<br \/>\nProduto semi -novo\u00a0 Marca: torken<\/h3>\n<h3>Garantia:<br \/>\n3 Meses<br \/>\nATEN\u00c7\u00c3O: Antes de efetuar a compra verifique o c\u00f3digo da sua pe\u00e7a que est\u00e1 instalado no seu ve\u00edculo.<\/h3>\n<h3>A Casa da Inje\u00e7\u00e3o oferece total garantia nos produtos comprados em nosso site.<br \/>\nCada item \u00e9 rigorosamente testado antes do envio<br \/>\nSe os itens estiverem danificados ou parcialmente defeituosos, entre em contato conosco.<br \/>\nProcure um profissional devidamente licenciado para a instala\u00e7\u00e3o e fa\u00e7a revis\u00f5es periodicamente. A empresa n\u00e3o se responsabiliza por problemas oriundos da m\u00e1 instala\u00e7\u00e3o ou com a falta de cuidados peri\u00f3dicos dos componentes.<br \/>\nSe houver qualquer defeito, n\u00f3s lhe enviaremos uma substitui\u00e7\u00e3o ap\u00f3s receber o pacote ou devolvemos seu dinheiro.<br \/>\nLeia nossa\u00a0pol\u00edtica de devolu\u00e7\u00e3o aqui<br \/>\nTem alguma d\u00favida?<br \/>\nEntre em contato que podemos ajudar!<br \/>\nConfira as informa\u00e7\u00f5es adicionais abaixo:<br \/>\nTodos os nossos produtos s\u00e3o novos, semi-novos, originais e paralelos possuem garantia.<br \/>\nTodos os produtos anunciados est\u00e3o dispon\u00edveis em estoque e s\u00e3o enviados com extrema rapidez.<br \/>\nO frete pode ser simulado antes de efetuar a compra, basta clicar em \u201cver custos de envio\u201d.<br \/>\nVerifique o endere\u00e7o de entrega cadastrado e atualize caso necess\u00e1rio.<br \/>\nConfirme se a pe\u00e7a \u00e9 correta para o seu modelo de ve\u00edculo.<br \/>\nPara pe\u00e7as automotivas, recomendamos a instala\u00e7\u00e3o por um profissional especializado.<br \/>\nCaso possua outras d\u00favidas, entre em contato.<\/h3>\n","protected":false},"excerpt":{"rendered":"<h2>Tampa Da Bomba De Combust\u00edvel Gol G2-373919051R<\/h2>\n","protected":false},"featured_media":42875,"template":"","meta":{"_seopress_robots_primary_cat":"none","_seopress_titles_title":"","_seopress_titles_desc":"","_seopress_robots_index":"","_joinchat":[]},"product_cat":[2108],"product_tag":[59,232],"berocket_brand":[396],"_links":{"self":[{"href":"https:\/\/www.casadainjecao.com.br\/loja\/wp-json\/wp\/v2\/product\/42872"}],"collection":[{"href":"https:\/\/www.casadainjecao.com.br\/loja\/wp-json\/wp\/v2\/product"}],"about":[{"href":"https:\/\/www.casadainjecao.com.br\/loja\/wp-json\/wp\/v2\/types\/product"}],"wp:featuredmedia":[{"embeddable":true,"href":"https:\/\/www.casadainjecao.com.br\/loja\/wp-json\/wp\/v2\/media\/42875"}],"wp:attachment":[{"href":"https:\/\/www.casadainjecao.com.br\/loja\/wp-json\/wp\/v2\/media?parent=42872"}],"wp:term":[{"taxonomy":"product_cat","embeddable":true,"href":"https:\/\/www.casadainjecao.com.br\/loja\/wp-json\/wp\/v2\/product_cat?post=42872"},{"taxonomy":"product_tag","embeddable":true,"href":"https:\/\/www.casadainjecao.com.br\/loja\/wp-json\/wp\/v2\/product_tag?post=42872"},{"taxonomy":"berocket_brand","embeddable":true,"href":"https:\/\/www.casadainjecao.com.br\/loja\/wp-json\/wp\/v2\/berocket_brand?post=42872"}],"curies":[{"name":"wp","href":"https:\/\/api.w.org\/{rel}","templated":true}]}}