{"id":42886,"date":"2025-12-03T09:28:57","date_gmt":"2025-12-03T12:28:57","guid":{"rendered":"https:\/\/www.casadainjecao.com.br\/loja\/?post_type=product&#038;p=42886"},"modified":"2026-04-20T18:57:59","modified_gmt":"2026-04-20T21:57:59","slug":"rele-bomba-combustivel-usado-chevrolet-corsa-90357986","status":"publish","type":"product","link":"https:\/\/www.casadainjecao.com.br\/loja\/autopecas\/motor\/bombas\/rele-bomba-combustivel-usado-chevrolet-corsa-90357986\/","title":{"rendered":"Rele Bomba Combust\u00edvel Chevrolet Corsa &#8211; 90357986"},"content":{"rendered":"<h2 data-start=\"257\" data-end=\"329\"><strong data-start=\"257\" data-end=\"329\">Rel\u00e9 Bomba de Combust\u00edvel Chevrolet Corsa 2002 \u2013 90357986 \/ 90494959<\/strong><\/h2>\n<p data-start=\"180\" data-end=\"202\"><strong data-start=\"180\" data-end=\"200\">Compatibilidade:<\/strong><\/p>\n<ul data-start=\"203\" data-end=\"227\">\n<li data-section-id=\"1m73sos\" data-start=\"203\" data-end=\"227\">Chevrolet Corsa 2002<\/li>\n<\/ul>\n<p data-start=\"229\" data-end=\"257\"><strong data-start=\"229\" data-end=\"255\">C\u00f3digos de Refer\u00eancia:<\/strong><\/p>\n<ul data-start=\"258\" data-end=\"283\">\n<li data-section-id=\"76f4nb\" data-start=\"258\" data-end=\"270\">90357986<\/li>\n<li data-section-id=\"hqm1f1\" data-start=\"271\" data-end=\"283\">90494959<\/li>\n<\/ul>\n<p data-start=\"285\" data-end=\"300\"><strong data-start=\"285\" data-end=\"298\">Condi\u00e7\u00e3o:<\/strong><\/p>\n<ul data-start=\"301\" data-end=\"346\">\n<li data-section-id=\"ogjjmt\" data-start=\"301\" data-end=\"325\">Produto <strong data-start=\"311\" data-end=\"323\">semi Novo<\/strong><\/li>\n<li data-section-id=\"ad52nc\" data-start=\"326\" data-end=\"346\">Pe\u00e7a original GM<\/li>\n<\/ul>\n<p data-start=\"348\" data-end=\"378\"><strong data-start=\"348\" data-end=\"376\">Especifica\u00e7\u00f5es T\u00e9cnicas:<\/strong><\/p>\n<ul data-start=\"379\" data-end=\"465\">\n<li data-section-id=\"g5uqev\" data-start=\"379\" data-end=\"431\">Voltagem: 12V <em data-start=\"395\" data-end=\"429\">(recomenda-se confirmar na pe\u00e7a)<\/em><\/li>\n<li data-section-id=\"y2xl4y\" data-start=\"432\" data-end=\"449\">Corrente: 70A<\/li>\n<li data-section-id=\"zhq41a\" data-start=\"450\" data-end=\"465\">4 terminais<\/li>\n<\/ul>\n<p data-start=\"467\" data-end=\"482\"><strong data-start=\"467\" data-end=\"480\">Garantia:<\/strong><\/p>\n<p>3 meses<\/p>\n<h3 data-start=\"501\" data-end=\"607\"><strong data-start=\"501\" data-end=\"516\">Aten\u00e7\u00e3o:<\/strong><br data-start=\"516\" data-end=\"519\" \/>Antes de efetuar a compra, verifique se o c\u00f3digo da pe\u00e7a \u00e9 compat\u00edvel com o seu ve\u00edculo.<\/h3>\n<p>A Casa da Inje\u00e7\u00e3o oferece total garantia nos produtos comprados em nosso site.<\/p>\n<p>Cada item \u00e9 rigorosamente testado antes do envio<br \/>\nSe os itens estiverem danificados ou parcialmente defeituosos, entre em contato conosco.<br \/>\nSe houver qualquer defeito, n\u00f3s lhe enviaremos uma substitui\u00e7\u00e3o ap\u00f3s receber o pacote ou devolvemos seu dinheiro.<\/p>\n<p>Leia nossa pol\u00edtica de devolu\u00e7\u00e3o aqui<\/p>\n<p>\u2014\u2014\u2014\u2014\u2014\u2014\u2014\u2014\u2014\u2014\u2014\u2014\u2014\u2014\u2014\u2014\u2014\u2014\u2014\u2013<\/p>\n<p>Tem alguma d\u00favida?<\/p>\n<p>Entre em contato que podemos ajudar!<\/p>\n<p>Confira as informa\u00e7\u00f5es adicionais abaixo:<\/p>\n<p>Todos os nossos produtos s\u00e3o novos, semi-novos, originais e paralelos possuem garantia.<br \/>\nTodos os produtos anunciados est\u00e3o dispon\u00edveis em estoque e s\u00e3o enviados com extrema rapidez.<br \/>\nO frete pode ser simulado antes de efetuar a compra, basta clicar em \u201cver custos de envio\u201d.<br \/>\nVerifique o endere\u00e7o de entrega cadastrado e atualize caso necess\u00e1rio.<br \/>\nConfirme se a pe\u00e7a \u00e9 correta para o seu modelo de ve\u00edculo.<br \/>\nPara pe\u00e7as automotivas, recomendamos a instala\u00e7\u00e3o por um profissional especializado.<br \/>\nCaso possua outras d\u00favidas, entre em contato<\/p>\n","protected":false},"excerpt":{"rendered":"<h2>Rele Bomba Combust\u00edvel Chevrolet Corsa Semi Novo &#8211; 90357986<\/h2>\n","protected":false},"featured_media":42887,"template":"","meta":{"_seopress_robots_primary_cat":"none","_seopress_titles_title":"","_seopress_titles_desc":"","_seopress_robots_index":"","_joinchat":[]},"product_cat":[1514,195,17,22,153],"product_tag":[115],"berocket_brand":[381],"_links":{"self":[{"href":"https:\/\/www.casadainjecao.com.br\/loja\/wp-json\/wp\/v2\/product\/42886"}],"collection":[{"href":"https:\/\/www.casadainjecao.com.br\/loja\/wp-json\/wp\/v2\/product"}],"about":[{"href":"https:\/\/www.casadainjecao.com.br\/loja\/wp-json\/wp\/v2\/types\/product"}],"wp:featuredmedia":[{"embeddable":true,"href":"https:\/\/www.casadainjecao.com.br\/loja\/wp-json\/wp\/v2\/media\/42887"}],"wp:attachment":[{"href":"https:\/\/www.casadainjecao.com.br\/loja\/wp-json\/wp\/v2\/media?parent=42886"}],"wp:term":[{"taxonomy":"product_cat","embeddable":true,"href":"https:\/\/www.casadainjecao.com.br\/loja\/wp-json\/wp\/v2\/product_cat?post=42886"},{"taxonomy":"product_tag","embeddable":true,"href":"https:\/\/www.casadainjecao.com.br\/loja\/wp-json\/wp\/v2\/product_tag?post=42886"},{"taxonomy":"berocket_brand","embeddable":true,"href":"https:\/\/www.casadainjecao.com.br\/loja\/wp-json\/wp\/v2\/berocket_brand?post=42886"}],"curies":[{"name":"wp","href":"https:\/\/api.w.org\/{rel}","templated":true}]}}