{"id":42894,"date":"2025-12-03T10:31:10","date_gmt":"2025-12-03T13:31:10","guid":{"rendered":"https:\/\/www.casadainjecao.com.br\/loja\/?post_type=product&#038;p=42894"},"modified":"2025-12-03T11:01:46","modified_gmt":"2025-12-03T14:01:46","slug":"coletor-admissao-fiat-uno-flex-mobi-completo-original-55258420","status":"publish","type":"product","link":"https:\/\/www.casadainjecao.com.br\/loja\/autopecas\/motor\/coletores-de-admissao\/coletor-admissao-fiat-uno-flex-mobi-completo-original-55258420\/","title":{"rendered":"Coletor Admissao Fiat Uno Flex Mobi Completo Original 552584"},"content":{"rendered":"<h2>Coletor Admiss\u00e3o Completo Original<\/h2>\n<p>FIAT NOVO UNO 2015 A 2020<\/p>\n<p>FIAT UNO VIVACE\/RUA 1.0 EVO Fire Flex 8V 5p 2016 Gasolina<\/p>\n<p>FIAT UNO VIVACE Celeb. 1.0 EVO F.Flex 8V 5p 2016 Gasolina<\/p>\n<p>FIAT UNO WAY 1.0 EVO Fire Flex 8V 5p 2016 Gasolina<\/p>\n<p>FIAT UNO WAY 1.4 EVO Fire Flex 8V 5p 2016 Gasolina<\/p>\n<p>FIAT UNO WAY Celeb. 1.0 EVO Fire Flex 8V 5p 2016 Gasolina<\/p>\n<p>FIAT UNO SPORTING 1.4 EVO Fire Flex 8V 4p 2016 Gasolina<\/p>\n<p>FIAT UNO VIVACE 1.0 EVO Fire Flex 8V 3p 2016 Gasolina<\/p>\n<p>FIAT UNO VIVACE Celeb. 1.0 EVO F. Flex 8V 3p 2016 Gasolina<\/p>\n<p>FIAT UNO ATTRACTIVE 1.0 Fire Flex 8V 5p 2015 a 2021 Gasolina<\/p>\n<p>FIAT UNO EVOLUTION 1.4 Fire Flex 8V 5p 2016 Gasolina<\/p>\n<p>FIAT UNO WAY 1.4 EVO Dualogic Flex 8V 5p 2016 Gasolina<\/p>\n<p>FIAT UNO SPORTING Dualogic 1.4 EVO Flex 8V 4p 2016 Gasolina<\/p>\n<p>FIAT\u00a0 UNO Furg\u00e3o 1.0 Fire Flex 8V 3p 2016 Gasolina<\/p>\n<p>FIAT UNO WAY RIO 450 1.0 EVO Flex 8V 5p 2016 Gasolina<\/p>\n<p>FIAT\u00a0 UNO SPORT. Dual. 1.4 B.Edit. Flex 8V 5p 2016 Gasolina<\/p>\n<p>FIAT\u00a0 UNO SPORTING 1.4 B.Edit. Flex 8V 5p 2016 Gasolina<\/p>\n<p>FIAT UNO ATTRACTIVE 1.0 Flex 6V 5p 2017 Gasolina<\/p>\n<p>FIAT\u00a0 UNO SPORTING 1.3 Flex 8V 5p 2017, 2018 Gasolina<\/p>\n<p>FIAT UNO SPORTING Dual.\/GSR 1.3 Flex 8V 5p 2017, 2018 Gasolina<\/p>\n<p>FIAT UNO WAY 1.0 Flex 6V 5p 2017 a 2021 Gasolina<\/p>\n<p>FIAT\u00a0UNO WAY 1.3 Flex 8V 5p 2017 a 2021 Gasolina<\/p>\n<p>FIAT\u00a0 UNO WAY Dual.\/GSR 1.3 Flex 8V 5p 2017, 2018 Gasolina<\/p>\n<p>FIAT UNO DRIVE 1.0 Flex 6V 5p 2018 a 2021 Gasolina<\/p>\n<p>FIAT MOBI EASY 1.0 Fire Flex 5p. 2017 a 2020 Gasolina<\/p>\n<p>FIAT MOBI EASY on 1.0 Fire Flex 5p. 2017 Gasolina<\/p>\n<p>FIAT MOBI LIKE 1.0 Fire Flex 5p. 2017 a 2020 Gasolina<\/p>\n<p>FIAT MOBI LIKE ON 1.0 Fire Flex 5p. 2017 Gasolina<\/p>\n<p>FIAT MOBI WAY 1.0 Fire Flex 5p. 2017 a 2020 Gasolina<\/p>\n<p>FIAT MOBI WAY on 1.0 Fire Flex 5p. 2017 Gasolina<\/p>\n<p>FIAT MOBI DRIVE 1.0 Flex 6V 5p 2017 a 2020 Gasolina<\/p>\n<p>FIAT MOBI DRIVE GSR 1.0 Flex 6V 5p 2018, 2019, 2020 Gasolina<\/p>\n<p>FIAT MOBI EASY COMFORT 1.0 Flex 5p. 2019, 2020 Gasolina<\/p>\n<h4>C\u00f3digo De Refer\u00eancia:<\/h4>\n<p>46336189, 0280611125, 55258420, F000SM1125, M03702339, 55258620, 0280151365, 55219296<\/p>\n<h4>Condi\u00e7\u00f5es:<\/h4>\n<p>Produto Semi Novo \/ Marca Mopar<\/p>\n<p>Espcifica\u00e7\u00f5es:<\/p>\n<p>Acompanha: 1 sensor map, 1 flauta de bico injetor<\/p>\n<p><strong>Garantia:<\/strong><\/p>\n<p>3 Meses<\/p>\n<h3><strong> ATEN\u00c7\u00c3O: Antes de efetuar a compra verifique o c\u00f3digo da sua pe\u00e7a que est\u00e1 instalada no seu ve\u00edculo.<\/strong><\/h3>\n<h4>O que \u00e9 e para que serve o Coletor Admiss\u00e3o?<\/h4>\n<p>O Coletor de admiss\u00e3o \u00e9 um componente fundamental em sistemas de combust\u00e3o interna, especialmente em motores de autom\u00f3veis. Sua fun\u00e7\u00e3o principal \u00e9 canalizar e distribuir o ar necess\u00e1rio para a combust\u00e3o no interior dos cilindros do motor, juntamente com o combust\u00edvel. O termo &#8220;admiss\u00e3o&#8221; refere-se \u00e0 entrada de ar no motor.<\/p>\n<p>&nbsp;<\/p>\n<p>A Casa da Inje\u00e7\u00e3o oferece total garantia nos produtos comprados em nosso site.<\/p>\n<ol>\n<li>Cada item \u00e9 rigorosamente testado antes do envio<\/li>\n<li>Se os itens estiverem danificados ou parcialmente defeituosos, entre em contato conosco.<\/li>\n<\/ol>\n<p>Se houver qualquer defeito, n\u00f3s lhe enviaremos uma substitui\u00e7\u00e3o ap\u00f3s receber o pacote ou devolvemos seu dinheiro.<\/p>\n<p>Leia nossa<span style=\"color: #ff0000;\">\u00a0<a style=\"color: #ff0000;\" href=\"https:\/\/www.casadainjecao.com.br\/loja\/politica-de-devolucao\">pol\u00edtica de devolu\u00e7\u00e3o aqui<\/a><\/span><\/p>\n<p>-\u2014\u2014\u2014\u2014\u2014\u2014\u2014\u2014\u2014\u2014\u2014\u2014\u2014\u2014\u2014\u2014\u2014\u2014\u2014\u2013<\/p>\n<p><strong>Tem alguma d\u00favida?<\/strong><\/p>\n<p>Entre em contato que podemos ajudar!<\/p>\n<p>Confira as informa\u00e7\u00f5es adicionais abaixo:<\/p>\n<ul>\n<li>Todos os nossos produtos s\u00e3o novos, originais e possuem garantia.<\/li>\n<li>Todos os produtos anunciados est\u00e3o dispon\u00edveis em estoque e s\u00e3o enviados com extrema rapidez.<\/li>\n<li>O frete pode ser simulado antes de efetuar a compra, basta clicar em \u201cver custos de envio\u201d.<\/li>\n<li>Verifique o endere\u00e7o de entrega cadastrado e atualize caso necess\u00e1rio.<\/li>\n<li>Confirme se a pe\u00e7a \u00e9 correta para o seu modelo de ve\u00edculo.<\/li>\n<li>Para pe\u00e7as automotivas, recomendamos a instala\u00e7\u00e3o por um profissional especializado.<\/li>\n<\/ul>\n<p>Caso possua outras d\u00favidas, entre em contato.<\/p>\n","protected":false},"excerpt":{"rendered":"<h2 class=\"ui-pdp-title\">Coletor Admissao Fiat Uno Flex Mobi Completo Original 55258420<\/h2>\n<h3><\/h3>\n","protected":false},"featured_media":42898,"template":"","meta":{"_seopress_robots_primary_cat":"none","_seopress_titles_title":"","_seopress_titles_desc":"","_seopress_robots_index":"","_joinchat":[]},"product_cat":[212,22],"product_tag":[1431,2002],"berocket_brand":[383],"_links":{"self":[{"href":"https:\/\/www.casadainjecao.com.br\/loja\/wp-json\/wp\/v2\/product\/42894"}],"collection":[{"href":"https:\/\/www.casadainjecao.com.br\/loja\/wp-json\/wp\/v2\/product"}],"about":[{"href":"https:\/\/www.casadainjecao.com.br\/loja\/wp-json\/wp\/v2\/types\/product"}],"wp:featuredmedia":[{"embeddable":true,"href":"https:\/\/www.casadainjecao.com.br\/loja\/wp-json\/wp\/v2\/media\/42898"}],"wp:attachment":[{"href":"https:\/\/www.casadainjecao.com.br\/loja\/wp-json\/wp\/v2\/media?parent=42894"}],"wp:term":[{"taxonomy":"product_cat","embeddable":true,"href":"https:\/\/www.casadainjecao.com.br\/loja\/wp-json\/wp\/v2\/product_cat?post=42894"},{"taxonomy":"product_tag","embeddable":true,"href":"https:\/\/www.casadainjecao.com.br\/loja\/wp-json\/wp\/v2\/product_tag?post=42894"},{"taxonomy":"berocket_brand","embeddable":true,"href":"https:\/\/www.casadainjecao.com.br\/loja\/wp-json\/wp\/v2\/berocket_brand?post=42894"}],"curies":[{"name":"wp","href":"https:\/\/api.w.org\/{rel}","templated":true}]}}