{"id":42978,"date":"2025-12-05T08:13:16","date_gmt":"2025-12-05T11:13:16","guid":{"rendered":"https:\/\/www.casadainjecao.com.br\/loja\/?post_type=product&#038;p=42978"},"modified":"2025-12-05T08:34:00","modified_gmt":"2025-12-05T11:34:00","slug":"rebites-pop-repuxo-aluminio-416-renault-master-7703072423","status":"publish","type":"product","link":"https:\/\/www.casadainjecao.com.br\/loja\/autopecas\/carroceria\/rebite\/rebites-pop-repuxo-aluminio-416-renault-master-7703072423\/","title":{"rendered":"Rebites Pop Repuxo Aluminio 416 Renault Master &#8211; 77030"},"content":{"rendered":"<h2>Rebites Pop Aluminio 416 &#8211; 4,8x11mm<\/h2>\n<h2>Compatibilidade:<\/h2>\n<h3>Renault<\/h3>\n<h3>Master III 2.3 16v &#8211; 2001 a 2020<\/h3>\n<h3>Captur Intense (flex),\u00a0 Zen 1.6 16v 2.0 16v &#8211; 2001 a 2020<\/h3>\n<h3>Logan II Authentique, Expression (flex), Dynamique (flex), Stepway 1.0 16v 1.6 8v\u00a0 16v<\/h3>\n<h3>Zo\u00e9 2001 a 2019<\/h3>\n<h2>C\u00f3digo de refer\u00eancia:<\/h2>\n<h3>7703072423<\/h3>\n<h2>Condi\u00e7\u00f5es:<\/h2>\n<h3>Novo Original com detalhes \/ Marca Renault<\/h3>\n<h3>Garantia:<\/h3>\n<h3>3 Meses<\/h3>\n<h2><strong>ATEN\u00c7\u00c3O<\/strong>: Antes de efetuar a compra verifique o c\u00f3digo da pe\u00e7a que est\u00e1 instalada no seu ve\u00edculo.<\/h2>\n<h4>O que \u00e9 e para que serve o Rebite de Aluminio?<\/h4>\n<p>Os rebites de a\u00e7o s\u00e3o pe\u00e7as de fixa\u00e7\u00e3o que servem para unir dois ou mais componentes de forma permanente e resistente. S\u00e3o usados devido \u00e0 sua for\u00e7a, durabilidade e capacidade de criar conex\u00f5es s\u00f3lidas.<\/p>\n<p>&nbsp;<\/p>\n<p>A Casa da Inje\u00e7\u00e3o oferece total garantia nos produtos comprados em nosso site.<\/p>\n<ol>\n<li>Cada item \u00e9 rigorosamente testado antes do envio<\/li>\n<li>Se os itens estiverem danificados ou parcialmente defeituosos, entre em contato conosco.<\/li>\n<\/ol>\n<p>Se houver qualquer defeito, n\u00f3s lhe enviaremos uma substitui\u00e7\u00e3o ap\u00f3s receber o pacote ou devolvemos seu dinheiro.<\/p>\n<p>Leia nossa <a href=\"https:\/\/www.casadainjecao.com.br\/loja\/politica-de-devolucao\">pol\u00edtica de devolu\u00e7\u00e3o aqui<\/a><\/p>\n<p>&#8212;&#8212;&#8212;&#8212;&#8212;&#8212;&#8212;&#8212;&#8212;&#8212;&#8212;&#8212;&#8212;&#8212;&#8212;&#8212;&#8212;&#8212;&#8212;&#8211;<\/p>\n<h4>Tem alguma d\u00favida?<\/h4>\n<p>Entre em contato que podemos ajudar!<\/p>\n<p>Confira as informa\u00e7\u00f5es adicionais abaixo:<\/p>\n<ul>\n<li>Todos os nossos produtos s\u00e3o novos, semi-novos, originais, paralelos e possuem garantia.<\/li>\n<li>Todos os produtos anunciados est\u00e3o dispon\u00edveis em estoque e s\u00e3o enviados com extrema rapidez.<\/li>\n<li>O frete pode ser simulado antes de efetuar a compra, basta clicar em \u201cver custos de envio\u201d.<\/li>\n<li>Verifique o endere\u00e7o de entrega cadastrado e atualize caso necess\u00e1rio.<\/li>\n<li>Confirme se a pe\u00e7a \u00e9 correta para o seu modelo de ve\u00edculo.<\/li>\n<li>Para pe\u00e7as automotivas, recomendamos a instala\u00e7\u00e3o por um profissional especializado.<\/li>\n<\/ul>\n<p>Caso possua outras d\u00favidas, entre em contato.<\/p>\n","protected":false},"excerpt":{"rendered":"<h2>Rebites Repuxo Aluminio 416\u00a0 4,80x11mm Renault &#8211;\u00a0 7703072423<\/h2>\n","protected":false},"featured_media":42980,"template":"","meta":{"_seopress_robots_primary_cat":"none","_seopress_titles_title":"","_seopress_titles_desc":"","_seopress_robots_index":"","_joinchat":[]},"product_cat":[83,1453],"product_tag":[173,66,81,1911],"berocket_brand":[394],"_links":{"self":[{"href":"https:\/\/www.casadainjecao.com.br\/loja\/wp-json\/wp\/v2\/product\/42978"}],"collection":[{"href":"https:\/\/www.casadainjecao.com.br\/loja\/wp-json\/wp\/v2\/product"}],"about":[{"href":"https:\/\/www.casadainjecao.com.br\/loja\/wp-json\/wp\/v2\/types\/product"}],"wp:featuredmedia":[{"embeddable":true,"href":"https:\/\/www.casadainjecao.com.br\/loja\/wp-json\/wp\/v2\/media\/42980"}],"wp:attachment":[{"href":"https:\/\/www.casadainjecao.com.br\/loja\/wp-json\/wp\/v2\/media?parent=42978"}],"wp:term":[{"taxonomy":"product_cat","embeddable":true,"href":"https:\/\/www.casadainjecao.com.br\/loja\/wp-json\/wp\/v2\/product_cat?post=42978"},{"taxonomy":"product_tag","embeddable":true,"href":"https:\/\/www.casadainjecao.com.br\/loja\/wp-json\/wp\/v2\/product_tag?post=42978"},{"taxonomy":"berocket_brand","embeddable":true,"href":"https:\/\/www.casadainjecao.com.br\/loja\/wp-json\/wp\/v2\/berocket_brand?post=42978"}],"curies":[{"name":"wp","href":"https:\/\/api.w.org\/{rel}","templated":true}]}}