{"id":43002,"date":"2025-12-05T14:50:21","date_gmt":"2025-12-05T17:50:21","guid":{"rendered":"https:\/\/www.casadainjecao.com.br\/loja\/?post_type=product&#038;p=43002"},"modified":"2025-12-05T14:54:20","modified_gmt":"2025-12-05T17:54:20","slug":"garfo-trava-de-vidro-eletrico-symbol-7700834354","status":"publish","type":"product","link":"https:\/\/www.casadainjecao.com.br\/loja\/autopecas\/exterior\/garfo-trava-de-vidro-eletrico-symbol-7700834354\/","title":{"rendered":"Garfo Trava de Vidro Eletrico Symbol -7700834354"},"content":{"rendered":"<h2>Garfo Trava Vidro<\/h2>\n<h3>Compatiilidade:<\/h3>\n<h3>RENAULT<\/h3>\n<h3>CLIO II &#8211; 1.0 16V D4D &#8211; 2000 A 2016<\/h3>\n<h3>CLIO II &#8211; 1.0 8V D7D &#8211; 2000 A 2005<\/h3>\n<h3>CLIO II &#8211; 1.6 16V K4M &#8211; 2000 A 2013<\/h3>\n<h3>CLIO II &#8211; 1.6 8V K7M &#8211; 2000 A 2002<\/h3>\n<h3>MEGANE I &#8211; 1.6 16V K4M &#8211; 1999 A 2005<\/h3>\n<h3>MEGANE I &#8211; 1.6 8V K7M &#8211; 1997 A 1999<\/h3>\n<h3>MEGANE I &#8211; 2.0 8V F3R &#8211; 1997 A 1999<\/h3>\n<h3>MEGANE I SEDAN &#8211; 1.6 16V K4M &#8211; 1999 A 2005<\/h3>\n<h3>MEGANE I SEDAN &#8211; 2.0 16v F4R &#8211; 2001 A 2005<\/h3>\n<h3>MEGANE I SEDAN &#8211; 2.0 8V F3R &#8211; 1997 A 2001<\/h3>\n<h3>SCENIC I &#8211; 1.6 16V K4M &#8211; 1999 A 2009<\/h3>\n<h3>SCENIC I &#8211; 2.0 16V F4R &#8211; 2001 A 2009<\/h3>\n<h3>SCENIC I &#8211; 2.0 8V F3R &#8211; 1999 A 2001<\/h3>\n<h3>SYMBOL &#8211; 1.6 16V K4M &#8211; 2008 A 2012<\/h3>\n<h3>SYMBOL &#8211; 1.6 8V K7M &#8211; 2008 A 2011<\/h3>\n<h3>C\u00f3digo de refer\u00eancia:<\/h3>\n<h3>7700834354<\/h3>\n<h3>Condi\u00e7\u00f5es:<\/h3>\n<h3>Novo Original \/ Marca Rensult<\/h3>\n<h3>Garantia:<\/h3>\n<h3>3 Meses<\/h3>\n<h3>ATEN\u00c7\u00c3O: Antes de efetuar a compra verifique o c\u00f3digo da sua pe\u00e7a que est\u00e1 instalado no seu ve\u00edculo.<\/h3>\n<h3>A Casa da Inje\u00e7\u00e3o SP oferece total garantia nos produtos comprados em nosso site.<br \/>\nCada item \u00e9 rigorosamente inspecionado\u00a0antes do envio<br \/>\nSe os itens estiverem danificados ou parcialmente defeituosos, entre em contato conosco.<br \/>\nProcure um profissional devidamente licenciado para a instala\u00e7\u00e3o e fa\u00e7a revis\u00f5es periodicamente. A empresa n\u00e3o se responsabiliza por problemas oriundos da m\u00e1 instala\u00e7\u00e3o ou com a falta de cuidados peri\u00f3dicos dos componentes.<br \/>\nSe houver qualquer defeito, ficamos a disposi\u00e7\u00e3o para a substitui\u00e7\u00e3o ou devolvemos seu dinheiro.<br \/>\nTem alguma d\u00favida?<br \/>\nEntre em contato que podemos ajudar!<br \/>\nConfira as informa\u00e7\u00f5es adicionais abaixo:<br \/>\nTodos os produtos anunciados est\u00e3o dispon\u00edveis em estoque e s\u00e3o enviados com extrema rapidez .<br \/>\nO frete pode ser simulado antes de efetuar a compra, basta clicar em \u201cver custos de envio\u201d.<br \/>\nVerifique o endere\u00e7o de entrega cadastrado e atualize caso necess\u00e1rio.<br \/>\nConfirme se a pe\u00e7a \u00e9 correta para o seu modelo de ve\u00edculo.<br \/>\nPara pe\u00e7as automotivas, recomendamos a instala\u00e7\u00e3o por um profissional especializado.<br \/>\nCaso possua outras d\u00favidas, entre em contato.<\/h3>\n<p>&nbsp;<\/p>\n","protected":false},"excerpt":{"rendered":"<h2>Garfo Trava de Vidro Eletrico Symbol -7700834354<\/h2>\n","protected":false},"featured_media":43003,"template":"","meta":{"_seopress_robots_primary_cat":"none","_seopress_titles_title":"","_seopress_titles_desc":"","_seopress_robots_index":"","_joinchat":[]},"product_cat":[23],"product_tag":[216,1810,1844,1843,89],"berocket_brand":[394],"_links":{"self":[{"href":"https:\/\/www.casadainjecao.com.br\/loja\/wp-json\/wp\/v2\/product\/43002"}],"collection":[{"href":"https:\/\/www.casadainjecao.com.br\/loja\/wp-json\/wp\/v2\/product"}],"about":[{"href":"https:\/\/www.casadainjecao.com.br\/loja\/wp-json\/wp\/v2\/types\/product"}],"wp:featuredmedia":[{"embeddable":true,"href":"https:\/\/www.casadainjecao.com.br\/loja\/wp-json\/wp\/v2\/media\/43003"}],"wp:attachment":[{"href":"https:\/\/www.casadainjecao.com.br\/loja\/wp-json\/wp\/v2\/media?parent=43002"}],"wp:term":[{"taxonomy":"product_cat","embeddable":true,"href":"https:\/\/www.casadainjecao.com.br\/loja\/wp-json\/wp\/v2\/product_cat?post=43002"},{"taxonomy":"product_tag","embeddable":true,"href":"https:\/\/www.casadainjecao.com.br\/loja\/wp-json\/wp\/v2\/product_tag?post=43002"},{"taxonomy":"berocket_brand","embeddable":true,"href":"https:\/\/www.casadainjecao.com.br\/loja\/wp-json\/wp\/v2\/berocket_brand?post=43002"}],"curies":[{"name":"wp","href":"https:\/\/api.w.org\/{rel}","templated":true}]}}