{"id":43209,"date":"2025-12-22T10:21:16","date_gmt":"2025-12-22T13:21:16","guid":{"rendered":"https:\/\/www.casadainjecao.com.br\/loja\/?post_type=product&#038;p=43209"},"modified":"2026-03-05T09:34:56","modified_gmt":"2026-03-05T12:34:56","slug":"kit-4-bicos-injetores-jeep-renegado-fiat-toro-1-8-16v-ipe057","status":"publish","type":"product","link":"https:\/\/www.casadainjecao.com.br\/loja\/autopecas\/injecao-eletronica\/bico-injetor\/kit-4-bicos-injetores-jeep-renegado-fiat-toro-1-8-16v-ipe057\/","title":{"rendered":"Kit 4 Bicos Injetores Jeep Renegado Fiat Toro 1.8 16v &#8211"},"content":{"rendered":"<h2>Kit 4 Bicos Injetores de Combustivel Original<\/h2>\n<h3>Jeep Renegade Fiat Toro 1.8 16v<\/h3>\n<h3>Codigo:- Ipe057, IPe 057,55257414,DK.0120238,DK0120238<\/h3>\n<h5>Condi\u00e7\u00f5es:<\/h5>\n<h5>Produto Novo Original<\/h5>\n<h5>Garantia:<\/h5>\n<h5>3 Meses<\/h5>\n<h5>ATEN\u00c7\u00c3O: Antes de efetuar a compra verifique o c\u00f3digo da sua pe\u00e7a que est\u00e1 instalado no seu ve\u00edculo.<\/h5>\n<h5>A Casa da Inje\u00e7\u00e3o SP oferece total garantia nos produtos comprados em nosso site.<\/h5>\n<h5>Cada item \u00e9 rigorosamente inspecionado \u00a0antes do envio<\/h5>\n<h5>Se os itens estiverem danificados ou parcialmente defeituosos, entre em contato conosco.<\/h5>\n<h5>Procure um profissional devidamente licenciado para a instala\u00e7\u00e3o e fa\u00e7a revis\u00f5es periodicamente. A empresa n\u00e3o se responsabiliza por problemas oriundos da m\u00e1 instala\u00e7\u00e3o ou com a falta de cuidados peri\u00f3dicos dos componentes.<\/h5>\n<h5>Se houver qualquer defeito, ficamos a disposi\u00e7\u00e3o para a substitui\u00e7\u00e3o ou devolvemos seu dinheiro.<\/h5>\n<h5>Tem alguma d\u00favida?<\/h5>\n<h5>Entre em contato que podemos ajudar!<\/h5>\n<h5>Confira as informa\u00e7\u00f5es adicionais abaixo:<\/h5>\n<h5>Todos os produtos anunciados est\u00e3o dispon\u00edveis em estoque e s\u00e3o enviados com extrema rapidez .<\/h5>\n<h5>O frete pode ser simulado antes de efetuar a compra, basta clicar em \u201cver custos de envio\u201d.<\/h5>\n<h5>Verifique o endere\u00e7o de entrega cadastrado e atualize caso necess\u00e1rio.<\/h5>\n<h5>Confirme se a pe\u00e7a \u00e9 correta para o seu modelo de ve\u00edculo.<\/h5>\n<h5>Para pe\u00e7as automotivas, recomendamos a instala\u00e7\u00e3o por um profissional especializado.<\/h5>\n<h5>Caso possua outras d\u00favidas, entre em contato.<\/h5>\n","protected":false},"excerpt":{"rendered":"<h2>Kit 4 Bicos Injetores Jeep Renegade Fiat Toro 1.8 16v &#8211; Ipe057<\/h2>\n","protected":false},"featured_media":43211,"template":"","meta":{"_seopress_robots_primary_cat":"none","_seopress_titles_title":"","_seopress_titles_desc":"","_seopress_robots_index":"","_kad_blocks_custom_css":"","_kad_blocks_head_custom_js":"","_kad_blocks_body_custom_js":"","_kad_blocks_footer_custom_js":"","_joinchat":[]},"product_cat":[256,21],"product_tag":[1382,1384],"berocket_brand":[383,387],"taxonomy_info":{"product_cat":[{"value":256,"label":"Bico Injetor"},{"value":21,"label":"Inje\u00e7\u00e3o Eletr\u00f4nica"}],"product_tag":[{"value":1382,"label":"Fiat Toro"},{"value":1384,"label":"Jeep Renegade"}],"berocket_brand":[{"value":383,"label":"Fiat"},{"value":387,"label":"Jeep"}]},"featured_image_src_large":["https:\/\/www.casadainjecao.com.br\/loja\/wp-content\/uploads\/2025\/12\/cats70.jpg",500,369,false],"author_info":[],"comment_info":"","_links":{"self":[{"href":"https:\/\/www.casadainjecao.com.br\/loja\/wp-json\/wp\/v2\/product\/43209"}],"collection":[{"href":"https:\/\/www.casadainjecao.com.br\/loja\/wp-json\/wp\/v2\/product"}],"about":[{"href":"https:\/\/www.casadainjecao.com.br\/loja\/wp-json\/wp\/v2\/types\/product"}],"wp:featuredmedia":[{"embeddable":true,"href":"https:\/\/www.casadainjecao.com.br\/loja\/wp-json\/wp\/v2\/media\/43211"}],"wp:attachment":[{"href":"https:\/\/www.casadainjecao.com.br\/loja\/wp-json\/wp\/v2\/media?parent=43209"}],"wp:term":[{"taxonomy":"product_cat","embeddable":true,"href":"https:\/\/www.casadainjecao.com.br\/loja\/wp-json\/wp\/v2\/product_cat?post=43209"},{"taxonomy":"product_tag","embeddable":true,"href":"https:\/\/www.casadainjecao.com.br\/loja\/wp-json\/wp\/v2\/product_tag?post=43209"},{"taxonomy":"berocket_brand","embeddable":true,"href":"https:\/\/www.casadainjecao.com.br\/loja\/wp-json\/wp\/v2\/berocket_brand?post=43209"}],"curies":[{"name":"wp","href":"https:\/\/api.w.org\/{rel}","templated":true}]}}