{"id":43251,"date":"2025-12-26T11:31:13","date_gmt":"2025-12-26T14:31:13","guid":{"rendered":"https:\/\/www.casadainjecao.com.br\/loja\/?post_type=product&#038;p=43251"},"modified":"2026-05-11T17:37:01","modified_gmt":"2026-05-11T20:37:01","slug":"par-sondas-lambda-fiat-uno-strada-siena-1-0-1-4-55236779-55236778","status":"publish","type":"product","link":"https:\/\/www.casadainjecao.com.br\/loja\/autopecas\/injecao-eletronica\/sonda-lambda\/par-sondas-lambda-fiat-uno-strada-siena-1-0-1-4-55236779-55236778\/","title":{"rendered":"Par Sondas Lambda Pr\u00e9 P\u00f3s Fiat Uno Strada Siena 55236779-5"},"content":{"rendered":"<h2>Par Sondas Lambda P\u00f3s Pr\u00e9 Catalisador<\/h2>\n<p>FIAT<\/p>\n<p>BRAVO 1.8 16V FLEX 2010 2011 2012 2013 2014 2015 2016 P\u00d3S CATALISADOR<\/p>\n<p>DOBLO 1.4 MPI 8V FLEX 2009 2010 2011 2012 2013 2014 2015 2016 P\u00d3S CATALISADOR<\/p>\n<p>DOBLO 1.8 MPI 16V FLEX 2010 2011 2012 2013 2014 2015 2016 2017 2018 2019 2020 2021 P\u00d3S CATALISADOR<\/p>\n<p>FIORINO FURG\u00c3O 1.3 MPI 8V GASOLINA 2003 2004 2005 2006 PR\u00c9 CATALISADOR<\/p>\n<p>FIORINO FURG\u00c3O 1.3 MPI 8V FLEX 2007 2008 2009 2010 2011 2012 2013 PR\u00c9 CATALISADOR<\/p>\n<p>GRAND SIENA 1.4 FLEX 2012 2013 2014 2015 2016 2017 2018 2019 2020 2021 PR\u00c9 CATALISADOR<\/p>\n<p>GRAND SIENA 1.4 FLEX 2012 2013 2014 2015 2016 2017 2018 2019 2020 2021 P\u00d3S CATALISADOR<\/p>\n<p>GRAND SIENA 1.4 TETRAFUEL \u00c1LCOOL\/GASOLINA\/GNV 2012 2013 2014 2015 2016 PR\u00c9 CATALISADOR<\/p>\n<p>GRAND SIENA 1.6 FLEX 2012 2013 2014 2015 2016 2017 2018 PR\u00c9 CATALISADOR<\/p>\n<p>GRAND SIENA 1.6 FLEX 2012 2013 2014 2015 2016 2017 2018 P\u00d3S CATALISADOR<\/p>\n<p>GRAND SIENA 1.6 FLEX DUALOGIC 2012 2013 2014 2015 2016 2017 2018 P\u00d3S CATALISADOR<\/p>\n<p>IDEA 1.6 16V FLEX 2010 2011 2012 2013 2014 2015 2016 P\u00d3S CATALISADOR<\/p>\n<p>IDEA ADVENTURE 1.8 16V FLEX 2010 2011 2012 2013 2014 2015 2016 P\u00d3S CATALISADOR<\/p>\n<p>LINEA 1.8 16V FLEX 2010 2011 2012 2013 2014 2015 2016 P\u00d3S CATALISADOR<\/p>\n<p>LINEA 1.8 16V FLEX DUALOGIC 2010 2011 2012 2013 2014 2015 2016 P\u00d3S CATALISADOR<\/p>\n<p>LINEA 1.9 16V FLEX 2008 2009 2010 P\u00d3S CATALISADOR<\/p>\n<p>LINEA 1.9 FLEX DUALOGIC 2010 2011 2012 2013 2014 2015 2016 P\u00d3S CATALISADOR<\/p>\n<p>PALIO 1.0 FLEX 2011 2012 2013 2014 2015 2016 2017 PR\u00c9 CATALISADOR<\/p>\n<p>PALIO 1.0 FLEX 2011 2012 2013 2014 2015 2016 2017 P\u00d3S CATALISADOR<\/p>\n<p>PALIO 1.4 FLEX 2011 2012 2013 2014 2015 P\u00d3S CATALISADOR<\/p>\n<p>PALIO 1.4 MPI 8V FLEX 2009 2010 PR\u00c9 CATALISADOR<\/p>\n<p>PALIO 1.4 MPI 8V FLEX 2010 2011 PR\u00c9 CATALISADOR<\/p>\n<p>PALIO 1.4 MPI 8V FLEX 2007 2008 PR\u00c9 CATALISADOR<\/p>\n<p>PALIO 1.4 MPI 8V FLEX 2005 2006 2007 P\u00d3S CATALISADOR<\/p>\n<p>PALIO 1.6 16V FLEX ETORQ 2011 2012 2013 2014 2015 2016 2017 P\u00d3S CATALISADOR<\/p>\n<p>PALIO 1.6 16V FLEX DUALOGIC ETORQ 2011 2012 2013 2014 2015 2016 2017 P\u00d3S CATALISADOR<\/p>\n<p>PALIO ADVENTURE 1.8 16V FLEX ETORQ 2010 2011 2012 P\u00d3S CATALISADOR<\/p>\n<p>PALIO ADVENTURE 1.8 FLEX ETORQ 2012 2013 2014 2015 2016 2017 2018 2019 2020 PR\u00c9 CATALISADOR<\/p>\n<p>PALIO FIRE 1.0 MPI 8V FLEX FIRE 2010 2011 2012 2013 2014 P\u00d3S CATALISADOR<\/p>\n<p>PALIO FIRE 1.0 MPI 8V FLEX FIRE 2006 2007 2008 2009 PR\u00c9 CATALISADOR<\/p>\n<p>PALIO FIRE 1.0 MPI FLEX FIRE 2005 2006 PR\u00c9 CATALISADOR<\/p>\n<p>PALIO WEEKEND 1.3 MPI 8V FIRE GASOLINA 2002 2003 2004 PR\u00c9 CATALISADOR<\/p>\n<p>PALIO WEEKEND 1.4 MPI 8V FLEX 2010 2011 2012 P\u00d3S CATALISADOR<\/p>\n<p>PALIO WEEKEND 1.4 MPI FLEX 2008 2009 2010 PR\u00c9 CATALISADOR<\/p>\n<p>PUNTO 1.4 FLEX 2012 2013 2014 2015 2016 2017 P\u00d3S CATALISADOR<\/p>\n<p>PUNTO 1.6 16V FLEX 2012 2013 2014 2015 2016 2017 PR\u00c9 CATALISADOR<\/p>\n<p>PUNTO 1.8 16V FLEX 2010 2011 2012 P\u00d3S CATALISADOR<\/p>\n<p>SIENA 1.3 MPI 8V GASOLINA 2002 2003 2004 PR\u00c9 CATALISADOR<\/p>\n<p>Codigo:-55236778,55236779, OZA641A3, F00HL00351, 46529385,55218148, 783440035 ,783440054, 883440043, OZA641A2<\/p>\n<h5>Condi\u00e7\u00f5es:<\/h5>\n<h5>Produto Novo \/ Marca Torken<\/h5>\n<h5>Especifica\u00e7\u00f5es:<\/h5>\n<h5>4 Pinos<\/h5>\n<h5 class=\"western\"><strong>Garantia:<\/strong><\/h5>\n<h5 class=\"western\">3 Meses<\/h5>\n<h5>ATEN\u00c7\u00c3O: Antes de efetuar a compra verifique o c\u00f3digo da sua pe\u00e7a que est\u00e1 instalado no seu ve\u00edculo.<\/h5>\n<h5 class=\"western\">A Casa da Inje\u00e7\u00e3o oferece total garantia nos produtos comprados em nosso site.<\/h5>\n<h5 class=\"western\">Cada item \u00e9 rigorosamente testado antes do envio<\/h5>\n<h5 class=\"western\">Se os itens estiverem danificados ou parcialmente defeituosos, entre em contato conosco.<\/h5>\n<h5 class=\"western\">Procure um profissional devidamente licenciado para a instala\u00e7\u00e3o e fa\u00e7a revis\u00f5es periodicamente. A empresa n\u00e3o se responsabiliza por problemas oriundos da m\u00e1 instala\u00e7\u00e3o ou com a falta de cuidados peri\u00f3dicos dos componentes.<\/h5>\n<h5 class=\"western\">Se houver qualquer defeito, n\u00f3s lhe enviaremos uma substitui\u00e7\u00e3o ap\u00f3s receber o pacote ou devolvemos seu dinheiro.<\/h5>\n<h5 class=\"western\">Leia nossa\u00a0<span style=\"color: #0000ff;\"><a href=\"https:\/\/www.casadainjecao.com.br\/loja\/politica-de-devolucao\"><span style=\"color: #243f60;\">pol\u00edtica de devolu\u00e7\u00e3o aqui<\/span><\/a><\/span><\/h5>\n<h5 class=\"western\"><strong>Tem alguma d\u00favida?<\/strong><\/h5>\n<h5 class=\"western\">Entre em contato que podemos ajudar!<\/h5>\n<h5 class=\"western\">Confira as informa\u00e7\u00f5es adicionais abaixo:<\/h5>\n<h5 class=\"western\">Todos os nossos produtos s\u00e3o novos, semi-novos, originais e paralelos possuem garantia.<\/h5>\n<h5 class=\"western\">Todos os produtos anunciados est\u00e3o dispon\u00edveis em estoque e s\u00e3o enviados com extrema rapidez.<\/h5>\n<h5 class=\"western\">O frete pode ser simulado antes de efetuar a compra, basta clicar em \u201cver custos de envio\u201d.<\/h5>\n<h5 class=\"western\">Verifique o endere\u00e7o de entrega cadastrado e atualize caso necess\u00e1rio.<\/h5>\n<h5 class=\"western\">Confirme se a pe\u00e7a \u00e9 correta para o seu modelo de ve\u00edculo.<\/h5>\n<h5 class=\"western\">Para pe\u00e7as automotivas, recomendamos a instala\u00e7\u00e3o por um profissional especializado.<\/h5>\n<h5 class=\"western\">Caso possua outras d\u00favidas, entre em contato.<\/h5>\n","protected":false},"excerpt":{"rendered":"<h2>Par Sondas Lambda\u00a0P\u00f3s e Pr\u00e9 Fiat Uno Strada Siena 1.0 1.4 55236779-55236778<\/h2>\n<h2><\/h2>\n<h2><\/h2>\n","protected":false},"featured_media":44573,"template":"","meta":{"_seopress_robots_primary_cat":"none","_seopress_titles_title":"","_seopress_titles_desc":"","_seopress_robots_index":"","_seopress_analysis_target_kw":"","_kad_blocks_custom_css":"","_kad_blocks_head_custom_js":"","_kad_blocks_body_custom_js":"","_kad_blocks_footer_custom_js":"","_kadence_starter_templates_imported_post":false,"_joinchat":[]},"product_brand":[],"product_cat":[21,270],"product_tag":[1489,247,280,1713,709,1100,119,108,120,121,214],"berocket_brand":[383],"class_list":{"0":"post-43251","1":"product","2":"type-product","3":"status-publish","4":"has-post-thumbnail","6":"product_cat-injecao-eletronica","7":"product_cat-sonda-lambda","8":"product_tag-bravo","9":"product_tag-doblo","10":"product_tag-fiorino","11":"product_tag-grand-siena","12":"product_tag-idea","13":"product_tag-linea","14":"product_tag-palio","15":"product_tag-punto","16":"product_tag-siena","17":"product_tag-strada","18":"product_tag-uno","19":"berocket_brand-fiat","20":"thunk-woo-product-list","21":"big-store-woo-hover-zoom","22":"open-single-product-tab-horizontal","23":"open-shadow-","24":"open-shadow-hover-","26":"first","27":"instock","28":"sale","29":"taxable","30":"shipping-taxable","31":"purchasable","32":"product-type-simple"},"taxonomy_info":{"product_cat":[{"value":21,"label":"Inje\u00e7\u00e3o Eletr\u00f4nica"},{"value":270,"label":"Sonda Lambda"}],"product_tag":[{"value":1489,"label":"Bravo"},{"value":247,"label":"Doblo"},{"value":280,"label":"FIORINO"},{"value":1713,"label":"Grand Siena"},{"value":709,"label":"Idea"},{"value":1100,"label":"Linea"},{"value":119,"label":"Palio"},{"value":108,"label":"Punto"},{"value":120,"label":"Siena"},{"value":121,"label":"Strada"},{"value":214,"label":"Uno"}],"berocket_brand":[{"value":383,"label":"Fiat"}]},"featured_image_src_large":["https:\/\/www.casadainjecao.com.br\/loja\/wp-content\/uploads\/2022\/11\/k2-778779-920x920.jpg",640,640,true],"author_info":[],"comment_info":"","_links":{"self":[{"href":"https:\/\/www.casadainjecao.com.br\/loja\/wp-json\/wp\/v2\/product\/43251","targetHints":{"allow":["GET"]}}],"collection":[{"href":"https:\/\/www.casadainjecao.com.br\/loja\/wp-json\/wp\/v2\/product"}],"about":[{"href":"https:\/\/www.casadainjecao.com.br\/loja\/wp-json\/wp\/v2\/types\/product"}],"wp:featuredmedia":[{"embeddable":true,"href":"https:\/\/www.casadainjecao.com.br\/loja\/wp-json\/wp\/v2\/media\/44573"}],"wp:attachment":[{"href":"https:\/\/www.casadainjecao.com.br\/loja\/wp-json\/wp\/v2\/media?parent=43251"}],"wp:term":[{"taxonomy":"product_brand","embeddable":true,"href":"https:\/\/www.casadainjecao.com.br\/loja\/wp-json\/wp\/v2\/product_brand?post=43251"},{"taxonomy":"product_cat","embeddable":true,"href":"https:\/\/www.casadainjecao.com.br\/loja\/wp-json\/wp\/v2\/product_cat?post=43251"},{"taxonomy":"product_tag","embeddable":true,"href":"https:\/\/www.casadainjecao.com.br\/loja\/wp-json\/wp\/v2\/product_tag?post=43251"},{"taxonomy":"berocket_brand","embeddable":true,"href":"https:\/\/www.casadainjecao.com.br\/loja\/wp-json\/wp\/v2\/berocket_brand?post=43251"}],"curies":[{"name":"wp","href":"https:\/\/api.w.org\/{rel}","templated":true}]}}