{"id":43290,"date":"2026-01-05T11:28:14","date_gmt":"2026-01-05T14:28:14","guid":{"rendered":"https:\/\/www.casadainjecao.com.br\/loja\/autopecas\/sem%20categoria\/kit-de-reparo-para-bico-injetor-multi-point-wp330\/"},"modified":"2026-02-03T15:06:05","modified_gmt":"2026-02-03T18:06:05","slug":"kit-de-reparo-para-bico-injetor-multi-point-wp330","status":"publish","type":"product","link":"https:\/\/www.casadainjecao.com.br\/loja\/autopecas\/injecao-eletronica\/bico-injetor\/kit-de-reparo-para-bico-injetor-multi-point-wp330\/","title":{"rendered":"Kit Reparo Bico Injetor Multi Pointer Ford Volkswagen &#8211"},"content":{"rendered":"<p>Kit Reparo Bico Injetor Multi Pointer Ford Volkswagen<\/p>\n<p>Linha Ford Volkswagen<\/p>\n<p>Conjunto de pe\u00e7as desenvolvido para a manuten\u00e7\u00e3o e restaura\u00e7\u00e3o do bico injetor IW330, garantindo veda\u00e7\u00e3o adequada, funcionamento eficiente, melhor desempenho do motor e economia de combust\u00edvel.<br \/>\nAplica\u00e7\u00e3o<\/p>\n<p>Inje\u00e7\u00e3o Eletr\u00f4nica Multipoint<\/p>\n<p>Sistema Bosch<\/p>\n<p>Codigo:- IW330<\/p>\n<p>Conte\u00fado do Kit<\/p>\n<p>04 Ponteiras<br \/>\n04 Arruelas<\/p>\n<p>Indica\u00e7\u00e3o<\/p>\n<p>Reparo e manuten\u00e7\u00e3o de bicos injetores Multi Point<\/p>\n<p>Condi\u00e7\u00f5es:<br \/>\nProduto Novo Imporatado \/ Marca Torken<\/p>\n<p>Garantia:<br \/>\n3 Meses<\/p>\n<p>ATEN\u00c7\u00c3O: Antes de efetuar a compra verifique o c\u00f3digo da sua pe\u00e7a que est\u00e1 instalado no seu ve\u00edculo.<\/p>\n<p>A Casa da Inje\u00e7\u00e3o oferece total garantia nos produtos comprados em nosso site.<br \/>\nCada item \u00e9 rigorosamente testado antes do envio<br \/>\nSe os itens estiverem danificados ou parcialmente defeituosos, entre em contato conosco.<br \/>\nProcure um profissional devidamente licenciado para a instala\u00e7\u00e3o e fa\u00e7a revis\u00f5es periodicamente. A empresa n\u00e3o se responsabiliza por problemas oriundos da m\u00e1 instala\u00e7\u00e3o ou com a falta de cuidados peri\u00f3dicos dos componentes.<br \/>\nSe houver qualquer defeito, n\u00f3s lhe enviaremos uma substitui\u00e7\u00e3o ap\u00f3s receber o pacote ou devolvemos seu dinheiro.<br \/>\nLeia nossa pol\u00edtica de devolu\u00e7\u00e3o aqui<\/p>\n<p>Tem alguma d\u00favida?<br \/>\nEntre em contato que podemos ajudar!<br \/>\nConfira as informa\u00e7\u00f5es adicionais abaixo:<br \/>\nTodos os nossos produtos s\u00e3o novos, semi-novos, originais e paralelos possuem garantia.<br \/>\nTodos os produtos anunciados est\u00e3o dispon\u00edveis em estoque e s\u00e3o enviados com extrema rapidez.<br \/>\nO frete pode ser simulado antes de efetuar a compra, basta clicar em \u201cver custos de envio\u201d.<br \/>\nVerifique o endere\u00e7o de entrega cadastrado e atualize caso necess\u00e1rio.<br \/>\nConfirme se a pe\u00e7a \u00e9 correta para o seu modelo de ve\u00edculo.<br \/>\nPara pe\u00e7as automotivas, recomendamos a instala\u00e7\u00e3o por um profissional especializado.<br \/>\nCaso possua outras d\u00favidas, entre em contato.<\/p>\n","protected":false},"excerpt":{"rendered":"<h2>Kit Reparo Para Bico Injetor Multi Point Ford Volks &#8211; IW330<\/h2>\n","protected":false},"featured_media":43289,"template":"","meta":{"_seopress_robots_primary_cat":"none","_seopress_titles_title":"","_seopress_titles_desc":"","_seopress_robots_index":"","_joinchat":[]},"product_cat":[256,21],"product_tag":[59,232,159,235],"berocket_brand":[384,396],"_links":{"self":[{"href":"https:\/\/www.casadainjecao.com.br\/loja\/wp-json\/wp\/v2\/product\/43290"}],"collection":[{"href":"https:\/\/www.casadainjecao.com.br\/loja\/wp-json\/wp\/v2\/product"}],"about":[{"href":"https:\/\/www.casadainjecao.com.br\/loja\/wp-json\/wp\/v2\/types\/product"}],"wp:featuredmedia":[{"embeddable":true,"href":"https:\/\/www.casadainjecao.com.br\/loja\/wp-json\/wp\/v2\/media\/43289"}],"wp:attachment":[{"href":"https:\/\/www.casadainjecao.com.br\/loja\/wp-json\/wp\/v2\/media?parent=43290"}],"wp:term":[{"taxonomy":"product_cat","embeddable":true,"href":"https:\/\/www.casadainjecao.com.br\/loja\/wp-json\/wp\/v2\/product_cat?post=43290"},{"taxonomy":"product_tag","embeddable":true,"href":"https:\/\/www.casadainjecao.com.br\/loja\/wp-json\/wp\/v2\/product_tag?post=43290"},{"taxonomy":"berocket_brand","embeddable":true,"href":"https:\/\/www.casadainjecao.com.br\/loja\/wp-json\/wp\/v2\/berocket_brand?post=43290"}],"curies":[{"name":"wp","href":"https:\/\/api.w.org\/{rel}","templated":true}]}}