{"id":43295,"date":"2026-01-05T16:33:40","date_gmt":"2026-01-05T19:33:40","guid":{"rendered":"https:\/\/www.casadainjecao.com.br\/loja\/autopecas\/sem%20categoria\/kit-reparo-do-bico-injetor-ford-courier-fiesta-1-4-16v-96mf9f593ab\/"},"modified":"2026-02-03T15:41:03","modified_gmt":"2026-02-03T18:41:03","slug":"kit-reparo-do-bico-injetor-ford-courier-fiesta-1-4-16v-96mf9f593ab","status":"publish","type":"product","link":"https:\/\/www.casadainjecao.com.br\/loja\/autopecas\/injecao-eletronica\/bico-injetor\/kit-reparo-do-bico-injetor-ford-courier-fiesta-1-4-16v-96mf9f593ab\/","title":{"rendered":"Kit Reparo do Bico Injetor Ford Courier  Fiesta 1.4 16V  &#8"},"content":{"rendered":"<h2>Kit Reparo do Bico Injetor<\/h2>\n<p>Codigo:- 96MF9F593AB,Kit 001<\/p>\n<p>Compatibilidade:<\/p>\n<p>Ford Courier \/ Fiesta<\/p>\n<p>Motor 1.4 16V Gasolina<\/p>\n<p>Inje\u00e7\u00e3o Multipoint<\/p>\n<p>Anos: 1996 1997 1998<\/p>\n<p>Kit de reparo para bicos injetores, indicado para manuten\u00e7\u00e3o e limpeza do sistema de inje\u00e7\u00e3o. Auxilia na preven\u00e7\u00e3o de entupimentos, garante veda\u00e7\u00e3o adequada e melhora o funcionamento do motor.<\/p>\n<p>Conte\u00fado do kit:<\/p>\n<p>4 filtros<\/p>\n<p>4 ponteiras<\/p>\n<p>A substitui\u00e7\u00e3o dos componentes ajuda a evitar falhas na inje\u00e7\u00e3o, perda de pot\u00eancia, dificuldade na partida e funcionamento irregular do motor<\/p>\n<h3>ATEN\u00c7\u00c3O: Antes de efetuar a compra verifique o c\u00f3digo da sua pe\u00e7a que est\u00e1 instalado no seu ve\u00edculo.<\/h3>\n<p>A Casa da Inje\u00e7\u00e3o oferece total garantia nos produtos comprados em nosso site.<br \/>\nCada item \u00e9 rigorosamente testado antes do envio<br \/>\nSe os itens estiverem danificados ou parcialmente defeituosos, entre em contato conosco.<br \/>\nProcure um profissional devidamente licenciado para a instala\u00e7\u00e3o e fa\u00e7a revis\u00f5es periodicamente. A empresa n\u00e3o se responsabiliza por problemas oriundos da m\u00e1 instala\u00e7\u00e3o ou com a falta de cuidados peri\u00f3dicos dos componentes.<br \/>\nSe houver qualquer defeito, n\u00f3s lhe enviaremos uma substitui\u00e7\u00e3o ap\u00f3s receber o pacote ou devolvemos seu dinheiro.<br \/>\nLeia nossa pol\u00edtica de devolu\u00e7\u00e3o aqui<\/p>\n<p>Tem alguma d\u00favida?<br \/>\nEntre em contato que podemos ajudar!<br \/>\nConfira as informa\u00e7\u00f5es adicionais abaixo:<br \/>\nTodos os nossos produtos s\u00e3o novos, semi-novos, originais e paralelos possuem garantia.<br \/>\nTodos os produtos anunciados est\u00e3o dispon\u00edveis em estoque e s\u00e3o enviados com extrema rapidez.<br \/>\nO frete pode ser simulado antes de efetuar a compra, basta clicar em \u201cver custos de envio\u201d.<br \/>\nVerifique o endere\u00e7o de entrega cadastrado e atualize caso necess\u00e1rio.<br \/>\nConfirme se a pe\u00e7a \u00e9 correta para o seu modelo de ve\u00edculo.<br \/>\nPara pe\u00e7as automotivas, recomendamos a instala\u00e7\u00e3o por um profissional especializado.<br \/>\nCaso possua outras d\u00favidas, entre em contato.<\/p>\n","protected":false},"excerpt":{"rendered":"<h2>Kit Reparo do Bico Injetor Ford Courier Fiesta 1.4 16V &#8211; Kit 001<\/h2>\n","protected":false},"featured_media":43294,"template":"","meta":{"_seopress_robots_primary_cat":"none","_seopress_titles_title":"","_seopress_titles_desc":"","_seopress_robots_index":"","_joinchat":[]},"product_cat":[256,21],"product_tag":[695,276],"berocket_brand":[384],"_links":{"self":[{"href":"https:\/\/www.casadainjecao.com.br\/loja\/wp-json\/wp\/v2\/product\/43295"}],"collection":[{"href":"https:\/\/www.casadainjecao.com.br\/loja\/wp-json\/wp\/v2\/product"}],"about":[{"href":"https:\/\/www.casadainjecao.com.br\/loja\/wp-json\/wp\/v2\/types\/product"}],"wp:featuredmedia":[{"embeddable":true,"href":"https:\/\/www.casadainjecao.com.br\/loja\/wp-json\/wp\/v2\/media\/43294"}],"wp:attachment":[{"href":"https:\/\/www.casadainjecao.com.br\/loja\/wp-json\/wp\/v2\/media?parent=43295"}],"wp:term":[{"taxonomy":"product_cat","embeddable":true,"href":"https:\/\/www.casadainjecao.com.br\/loja\/wp-json\/wp\/v2\/product_cat?post=43295"},{"taxonomy":"product_tag","embeddable":true,"href":"https:\/\/www.casadainjecao.com.br\/loja\/wp-json\/wp\/v2\/product_tag?post=43295"},{"taxonomy":"berocket_brand","embeddable":true,"href":"https:\/\/www.casadainjecao.com.br\/loja\/wp-json\/wp\/v2\/berocket_brand?post=43295"}],"curies":[{"name":"wp","href":"https:\/\/api.w.org\/{rel}","templated":true}]}}