{"id":43331,"date":"2026-01-07T16:02:49","date_gmt":"2026-01-07T19:02:49","guid":{"rendered":"https:\/\/www.casadainjecao.com.br\/loja\/?post_type=product&#038;p=43331"},"modified":"2026-01-08T13:28:47","modified_gmt":"2026-01-08T16:28:47","slug":"clipe-para-choque-traseiro-nissan-pathfinder-85284-0w000","status":"publish","type":"product","link":"https:\/\/www.casadainjecao.com.br\/loja\/autopecas\/carroceria\/parachoque\/clipe-para-choque-traseiro-nissan-pathfinder-85284-0w000\/","title":{"rendered":"Clipe  Para-choque Traseiro Nissan Pathfinder &#8211; 85284-"},"content":{"rendered":"<h2>Clipe do Para-choque Traseiro<\/h2>\n<h3>Nissan Pathfinder\u00a0 1996 1997 1998 1999<\/h3>\n<h3>ESPECIFICA\u00c7\u00d5ES: O <strong data-start=\"199\" data-end=\"232\">Clipe do Para-choque Traseiro<\/strong> \u00e9 uma <strong data-start=\"239\" data-end=\"258\">pe\u00e7a<\/strong><\/h3>\n<h3><strong data-start=\"239\" data-end=\"258\"> de fixa\u00e7\u00e3o<\/strong> projetada para manter o para-choque traseiro firmemente<\/h3>\n<h3>preso \u00e0 estrutura do ve\u00edculo. Ele garante que o acabamento do para-choque permane\u00e7a <span style=\"font-size: 16px;\">alinhado, <\/span><\/h3>\n<h3><span style=\"font-size: 16px;\">sem folgas e co<\/span><span style=\"font-size: 16px;\">m segura<\/span><span style=\"font-size: 16px;\"> montagem<\/span><\/h3>\n<ul>\n<li data-start=\"793\" data-end=\"842\">\n<h3 data-start=\"795\" data-end=\"842\">Tipo: Clip \/ presilha do para\u2011choque traseiro<\/h3>\n<\/li>\n<li data-start=\"843\" data-end=\"864\">\n<h3 data-start=\"845\" data-end=\"864\">Posi\u00e7\u00e3o: Traseiro<\/h3>\n<\/li>\n<li data-start=\"897\" data-end=\"923\">\n<h3 data-start=\"899\" data-end=\"923\">Fabricante: <strong data-start=\"911\" data-end=\"921\">Nissan\u00a0<\/strong><\/h3>\n<\/li>\n<li data-start=\"924\" data-end=\"1010\">\n<h3 data-start=\"926\" data-end=\"1010\">Compat\u00edvel com Nissan Pathfinder\u00a0 1996 1997 1998\u00a0 1999<\/h3>\n<\/li>\n<\/ul>\n<p>&nbsp;<\/p>\n<p>C\u00f3digo da pe\u00e7a: 85284-0w000<\/p>\n<p>Condi\u00e7\u00f5es:<\/p>\n<p>Produto Novo \/ Marca\u00a0 Nissan<\/p>\n<p>Garantia: 3 meses<\/p>\n<p>ATEN\u00c7\u00c3O<\/p>\n<p>Antes de efetuar a compra, verifique o c\u00f3digo da pe\u00e7a instalada em seu ve\u00edculo e confirme se corresponde ao c\u00f3digo informado neste an\u00fancio.<br \/>\nEm caso de d\u00favida, utilize o campo de perguntas.<\/p>\n<p>A Casa da Inje\u00e7\u00e3o oferece total garantia nos produtos comprados em nosso site.<br \/>\nCada item \u00e9 rigorosamente testado antes do envio<br \/>\nSe os itens estiverem danificados ou parcialmente defeituosos, entre em contato conosco.<br \/>\nProcure um profissional devidamente licenciado para a instala\u00e7\u00e3o e fa\u00e7a revis\u00f5es periodicamente. A empresa n\u00e3o se responsabiliza por problemas oriundos da m\u00e1 instala\u00e7\u00e3o ou com a falta de cuidados peri\u00f3dicos dos componentes.<br \/>\nSe houver qualquer defeito, n\u00f3s lhe enviaremos uma substitui\u00e7\u00e3o ap\u00f3s receber o pacote ou devolvemos seu dinheiro.<br \/>\nLeia nossa pol\u00edtica de devolu\u00e7\u00e3o aqui<br \/>\nTem alguma d\u00favida?<br \/>\nEntre em contato que podemos ajudar!<br \/>\nConfira as informa\u00e7\u00f5es adicionais abaixo:<br \/>\nTodos os nossos produtos s\u00e3o novos, semi-novos, originais e paralelos possuem garantia.<br \/>\nTodos os produtos anunciados est\u00e3o dispon\u00edveis em estoque e s\u00e3o enviados com extrema rapidez.<br \/>\nO frete pode ser simulado antes de efetuar a compra, basta clicar em \u201cver custos de envio\u201d.<br \/>\nVerifique o endere\u00e7o de entrega cadastrado e atualize caso necess\u00e1rio.<br \/>\nConfirme se a pe\u00e7a \u00e9 correta para o seu modelo de ve\u00edculo.<br \/>\nPara pe\u00e7as automotivas, recomendamos a instala\u00e7\u00e3o por um profissional especializado.<br \/>\nCaso possua outras d\u00favidas, entre em contato.<\/p>\n","protected":false},"excerpt":{"rendered":"<h2>Clipe do Para-choque Traseiro Nissan Pathfinder\u00a0 &#8211; 85284-0w000<\/h2>\n","protected":false},"featured_media":43334,"template":"","meta":{"_seopress_robots_primary_cat":"none","_seopress_titles_title":"","_seopress_titles_desc":"","_seopress_robots_index":"","_joinchat":[]},"product_cat":[83,95,1214],"product_tag":[2386],"berocket_brand":[392],"_links":{"self":[{"href":"https:\/\/www.casadainjecao.com.br\/loja\/wp-json\/wp\/v2\/product\/43331"}],"collection":[{"href":"https:\/\/www.casadainjecao.com.br\/loja\/wp-json\/wp\/v2\/product"}],"about":[{"href":"https:\/\/www.casadainjecao.com.br\/loja\/wp-json\/wp\/v2\/types\/product"}],"wp:featuredmedia":[{"embeddable":true,"href":"https:\/\/www.casadainjecao.com.br\/loja\/wp-json\/wp\/v2\/media\/43334"}],"wp:attachment":[{"href":"https:\/\/www.casadainjecao.com.br\/loja\/wp-json\/wp\/v2\/media?parent=43331"}],"wp:term":[{"taxonomy":"product_cat","embeddable":true,"href":"https:\/\/www.casadainjecao.com.br\/loja\/wp-json\/wp\/v2\/product_cat?post=43331"},{"taxonomy":"product_tag","embeddable":true,"href":"https:\/\/www.casadainjecao.com.br\/loja\/wp-json\/wp\/v2\/product_tag?post=43331"},{"taxonomy":"berocket_brand","embeddable":true,"href":"https:\/\/www.casadainjecao.com.br\/loja\/wp-json\/wp\/v2\/berocket_brand?post=43331"}],"curies":[{"name":"wp","href":"https:\/\/api.w.org\/{rel}","templated":true}]}}