{"id":43454,"date":"2026-01-12T11:04:09","date_gmt":"2026-01-12T14:04:09","guid":{"rendered":"https:\/\/www.casadainjecao.com.br\/loja\/?post_type=product&#038;p=43454"},"modified":"2026-01-13T16:03:44","modified_gmt":"2026-01-13T19:03:44","slug":"interruptor-eletrico-luz-de-freio-renault-duster-253206170r","status":"publish","type":"product","link":"https:\/\/www.casadainjecao.com.br\/loja\/autopecas\/freios\/interruptor\/interruptor-eletrico-luz-de-freio-renault-duster-253206170r\/","title":{"rendered":"Interruptor Eletrico Luz de Freio Renault Duster &#8211; 253"},"content":{"rendered":"<h2>Interruptor Eletrico Luz de Freio 12v<\/h2>\n<h3>Motores a partir de 2008<\/h3>\n<h3>Renault<\/h3>\n<h3>SANDERO &#8211; 1.0 16V D4D &#8211; 2008 A 2011<br \/>\nDUSTER &#8211; 1.6 16V K4M &#8211; 2012 A 2015<br \/>\nDUSTER &#8211; 1.6 16V K4M &#8211; 2015 A &#8230;.<br \/>\nDUSTER &#8211; 2.0 16V F4R &#8211; 2011 A &#8230;.<br \/>\nDUSTER &#8211; 2.0 16V F4R &#8211; 2015 A &#8230;.<br \/>\nLOGAN &#8211; 1.0 16V D4D &#8211; 2007 A 2010<br \/>\nLOGAN &#8211; 1.0 16V D4D &#8211; 2010 A 2013<br \/>\nLOGAN &#8211; 1.0 16V D4D &#8211; 2012 A 2014<br \/>\nLOGAN &#8211; 1.6 16V K4M &#8211; 2010 A 2014<br \/>\nLOGAN &#8211; 1.6 8V K7M &#8211; 2007 A 2010<br \/>\nLOGAN &#8211; 1.6 8V K7M &#8211; 2010 A 2013<br \/>\nLOGAN II &#8211; 1.0 16V D4D &#8211; 2014 A 2016<br \/>\nLOGAN II &#8211; 1.6 8V K7M &#8211; 2014 A &#8230;.<br \/>\nSANDERO &#8211; 1.0 16V D4D &#8211; 2008 A 2011<br \/>\nSANDERO &#8211; 1.0 16V D4D &#8211; 2011 A 2014<br \/>\nSANDERO &#8211; 1.6 16V K4M &#8211; 2008 A 2011<br \/>\nSANDERO &#8211; 1.6 16V K4M &#8211; 2008 A 2014<br \/>\nSANDERO &#8211; 1.6 16V K4M &#8211; 2010 A 2014<br \/>\nSANDERO &#8211; 1.6 8V K7M &#8211; 2008 A 2011<br \/>\nSANDERO &#8211; 1.6 8V K7M &#8211; 2011 A 2014<br \/>\nSANDERO II &#8211; 1.0 16V D4D &#8211; 2014 A 2016<br \/>\nSANDERO II &#8211; 1.6 8V K7M &#8211; 2014 A &#8230;.<br \/>\nSANDERO II &#8211; 2.0 16V F4R &#8211; 2016 A &#8230;.<\/h3>\n<h3>Codigo:- 253206170R,25326730r,25350780r,25355192r,8200276359,253205115r<\/h3>\n<p>Garantia: 3 meses<\/p>\n<p>ATEN\u00c7\u00c3O<\/p>\n<p>Antes de efetuar a compra, verifique o c\u00f3digo da pe\u00e7a instalada em seu ve\u00edculo e confirme se corresponde ao c\u00f3digo informado neste an\u00fancio.<br \/>\nEm caso de d\u00favida, utilize o campo de perguntas.<\/p>\n<p>A Casa da Inje\u00e7\u00e3o oferece total garantia nos produtos comprados em nosso site.<br \/>\nCada item \u00e9 rigorosamente testado antes do envio<br \/>\nSe os itens estiverem danificados ou parcialmente defeituosos, entre em contato conosco.<br \/>\nProcure um profissional devidamente licenciado para a instala\u00e7\u00e3o e fa\u00e7a revis\u00f5es periodicamente. A empresa n\u00e3o se responsabiliza por problemas oriundos da m\u00e1 instala\u00e7\u00e3o ou com a falta de cuidados peri\u00f3dicos dos componentes.<br \/>\nSe houver qualquer defeito, n\u00f3s lhe enviaremos uma substitui\u00e7\u00e3o ap\u00f3s receber o pacote ou devolvemos seu dinheiro.<br \/>\nLeia nossa pol\u00edtica de devolu\u00e7\u00e3o aqui<br \/>\nTem alguma d\u00favida?<br \/>\nEntre em contato que podemos ajudar!<br \/>\nConfira as informa\u00e7\u00f5es adicionais abaixo:<br \/>\nTodos os nossos produtos s\u00e3o novos, semi-novos, originais e paralelos possuem garantia.<br \/>\nTodos os produtos anunciados est\u00e3o dispon\u00edveis em estoque e s\u00e3o enviados com extrema rapidez.<br \/>\nO frete pode ser simulado antes de efetuar a compra, basta clicar em \u201cver custos de envio\u201d.<br \/>\nVerifique o endere\u00e7o de entrega cadastrado e atualize caso necess\u00e1rio.<br \/>\nConfirme se a pe\u00e7a \u00e9 correta para o seu modelo de ve\u00edculo.<br \/>\nPara pe\u00e7as automotivas, recomendamos a instala\u00e7\u00e3o por um profissional especializado.<br \/>\nCaso possua outras d\u00favidas, entre em contato.<\/p>\n<p>&nbsp;<\/p>\n","protected":false},"excerpt":{"rendered":"<h2>Interruptor Eletrico Luz de Freio Renault Duster &#8211; 253206170R<\/h2>\n","protected":false},"featured_media":43459,"template":"","meta":{"_seopress_robots_primary_cat":"none","_seopress_titles_title":"","_seopress_titles_desc":"","_seopress_robots_index":"","_joinchat":[]},"product_cat":[20,180],"product_tag":[52,66,1728],"berocket_brand":[394],"_links":{"self":[{"href":"https:\/\/www.casadainjecao.com.br\/loja\/wp-json\/wp\/v2\/product\/43454"}],"collection":[{"href":"https:\/\/www.casadainjecao.com.br\/loja\/wp-json\/wp\/v2\/product"}],"about":[{"href":"https:\/\/www.casadainjecao.com.br\/loja\/wp-json\/wp\/v2\/types\/product"}],"wp:featuredmedia":[{"embeddable":true,"href":"https:\/\/www.casadainjecao.com.br\/loja\/wp-json\/wp\/v2\/media\/43459"}],"wp:attachment":[{"href":"https:\/\/www.casadainjecao.com.br\/loja\/wp-json\/wp\/v2\/media?parent=43454"}],"wp:term":[{"taxonomy":"product_cat","embeddable":true,"href":"https:\/\/www.casadainjecao.com.br\/loja\/wp-json\/wp\/v2\/product_cat?post=43454"},{"taxonomy":"product_tag","embeddable":true,"href":"https:\/\/www.casadainjecao.com.br\/loja\/wp-json\/wp\/v2\/product_tag?post=43454"},{"taxonomy":"berocket_brand","embeddable":true,"href":"https:\/\/www.casadainjecao.com.br\/loja\/wp-json\/wp\/v2\/berocket_brand?post=43454"}],"curies":[{"name":"wp","href":"https:\/\/api.w.org\/{rel}","templated":true}]}}