{"id":43482,"date":"2026-01-13T16:24:37","date_gmt":"2026-01-13T19:24:37","guid":{"rendered":"https:\/\/www.casadainjecao.com.br\/loja\/autopecas\/sem%20categoria\/bico-injetor-palio-uno-1-0-1-5-2002-diante-iwp065\/"},"modified":"2026-04-12T19:13:10","modified_gmt":"2026-04-12T22:13:10","slug":"bico-injetor-palio-uno-1-0-1-5-2002-diante-iwp065","status":"publish","type":"product","link":"https:\/\/www.casadainjecao.com.br\/loja\/autopecas\/injecao-eletronica\/bico-injetor\/bico-injetor-palio-uno-1-0-1-5-2002-diante-iwp065\/","title":{"rendered":"Bico Injetor Palio Uno 1.0 1.5 2002 Diante &#8211; IWP065"},"content":{"rendered":"<h2>Bico injetor<\/h2>\n<h3>Aplica\u00e7\u00e3o:<\/h3>\n<h3>PALIO 1.0 \/ 1.5 1996 EM DIANTE<\/h3>\n<h3>PALIO 1.3 1998 EM DIANTE<\/h3>\n<h3>PALIO FIRE 1.0 2000 EM DIANTE<\/h3>\n<h3>PALIO RST FIRE 1.0 2001 EM DIANTE<\/h3>\n<h3>UNO FIRE 1.0 2002 EM DIANTE<\/h3>\n<h3>Especifica\u00e7\u00f5es T\u00e9cnicas:<\/h3>\n<h3>&#8211; Marca: Torken<\/h3>\n<h3>&#8211; Condi\u00e7\u00e3o do item: Novo<\/h3>\n<h3>&#8211; Modelo: BICO INJETOR<\/h3>\n<h3>&#8211; Codigo : 50101302 \/ IWP065<\/h3>\n<p>Condi\u00e7\u00f5es Produto: Novo<\/p>\n<p>Garantia: 3 meses<\/p>\n<p>ATEN\u00c7\u00c3O<\/p>\n<p>Antes de efetuar a compra, verifique o c\u00f3digo da pe\u00e7a instalada em seu ve\u00edculo e confirme se corresponde ao c\u00f3digo informado neste an\u00fancio.<\/p>\n<p>Em caso de d\u00favida, utilize o campo de perguntas.<\/p>\n<p>A Casa da Inje\u00e7\u00e3o oferece total garantia nos produtos comprados em nosso site.<br \/>\nCada item \u00e9 rigorosamente testado antes do envio<br \/>\nSe os itens estiverem danificados ou parcialmente defeituosos, entre em contato conosco.<br \/>\nProcure um profissional devidamente licenciado para a instala\u00e7\u00e3o e fa\u00e7a revis\u00f5es periodicamente. A empresa n\u00e3o se responsabiliza por problemas oriundos da m\u00e1 instala\u00e7\u00e3o ou com a falta de cuidados peri\u00f3dicos dos componentes.<br \/>\nSe houver qualquer defeito, n\u00f3s lhe enviaremos uma substitui\u00e7\u00e3o ap\u00f3s receber o pacote ou devolvemos seu dinheiro.<br \/>\nLeia nossa pol\u00edtica de devolu\u00e7\u00e3o aqui<br \/>\nTem alguma d\u00favida?<br \/>\nEntre em contato que podemos ajudar!<br \/>\nConfira as informa\u00e7\u00f5es adicionais abaixo:<br \/>\nTodos os nossos produtos s\u00e3o novos, semi-novos, originais e paralelos possuem garantia.<br \/>\nTodos os produtos anunciados est\u00e3o dispon\u00edveis em estoque e s\u00e3o enviados com extrema rapidez.<br \/>\nO frete pode ser simulado antes de efetuar a compra, basta clicar em \u201cver custos de envio\u201d.<br \/>\nVerifique o endere\u00e7o de entrega cadastrado e atualize caso necess\u00e1rio.<br \/>\nConfirme se a pe\u00e7a \u00e9 correta para o seu modelo de ve\u00edculo.<br \/>\nPara pe\u00e7as automotivas, recomendamos a instala\u00e7\u00e3o por um profissional especializado.<br \/>\nCaso possua outras d\u00favidas, entre em contato.<\/p>\n","protected":false},"excerpt":{"rendered":"<h2>Bico Injetor Palio Uno 1.0 1.5 2002 Diante &#8211; IWP065<\/h2>\n","protected":false},"featured_media":44910,"template":"","meta":{"_seopress_robots_primary_cat":"none","_seopress_titles_title":"","_seopress_titles_desc":"","_seopress_robots_index":"","_joinchat":[]},"product_cat":[256,21],"product_tag":[411,2002],"berocket_brand":[383],"_links":{"self":[{"href":"https:\/\/www.casadainjecao.com.br\/loja\/wp-json\/wp\/v2\/product\/43482"}],"collection":[{"href":"https:\/\/www.casadainjecao.com.br\/loja\/wp-json\/wp\/v2\/product"}],"about":[{"href":"https:\/\/www.casadainjecao.com.br\/loja\/wp-json\/wp\/v2\/types\/product"}],"wp:featuredmedia":[{"embeddable":true,"href":"https:\/\/www.casadainjecao.com.br\/loja\/wp-json\/wp\/v2\/media\/44910"}],"wp:attachment":[{"href":"https:\/\/www.casadainjecao.com.br\/loja\/wp-json\/wp\/v2\/media?parent=43482"}],"wp:term":[{"taxonomy":"product_cat","embeddable":true,"href":"https:\/\/www.casadainjecao.com.br\/loja\/wp-json\/wp\/v2\/product_cat?post=43482"},{"taxonomy":"product_tag","embeddable":true,"href":"https:\/\/www.casadainjecao.com.br\/loja\/wp-json\/wp\/v2\/product_tag?post=43482"},{"taxonomy":"berocket_brand","embeddable":true,"href":"https:\/\/www.casadainjecao.com.br\/loja\/wp-json\/wp\/v2\/berocket_brand?post=43482"}],"curies":[{"name":"wp","href":"https:\/\/api.w.org\/{rel}","templated":true}]}}