{"id":43501,"date":"2026-01-14T09:04:18","date_gmt":"2026-01-14T12:04:18","guid":{"rendered":"https:\/\/www.casadainjecao.com.br\/loja\/?post_type=product&#038;p=43501"},"modified":"2026-01-19T13:39:46","modified_gmt":"2026-01-19T16:39:46","slug":"aromatizante-para-difusor-de-ar-linha-automotiva-7-fragancias-t0015","status":"publish","type":"product","link":"https:\/\/www.casadainjecao.com.br\/loja\/autopecas\/interior\/aromatizante-para-difusor-de-ar-linha-automotiva-7-fragancias-t0015\/","title":{"rendered":"Aromatizante para Difusor de Ar Linha Automotiva 7 Frag\u00e2nci"},"content":{"rendered":"<h2>Aromatizante para Difusor de Ar com 7 Frag\u00e2ncias<\/h2>\n<h3>Toda Linha de Automotiva<\/h3>\n<h3>Codigo:- T0015<\/h3>\n<p><strong id=\"tl_2\">Caracter\u00edsticas:<\/strong><\/p>\n<p><span id=\"tl_3\">1.N\u00e3o t\u00f3xico e livre de produtos qu\u00edmicos e sem mais aromas artificiais t\u00edpicos do ambientador de carro.<\/span><\/p>\n<p><span id=\"tl_4\">2.Purifique o ar dentro do carro, mantenha o ar fresco, reduza os gases nocivos do ar.N\u00e3o limitado ao uso no carro, mas tamb\u00e9m para banheiro, quarto, casinhas de animais de estima\u00e7\u00e3o e mais situa\u00e7\u00f5es<\/span><\/p>\n<p><span id=\"tl_5\">3. feito de liga de alum\u00ednio de avia\u00e7\u00e3o de alta qualidade, resistente e dur\u00e1vel, foi projetado para durar anos de uso.<\/span><\/p>\n<p><span id=\"tl_6\">4. Mecanismo de regula\u00e7\u00e3o exclusivo, voc\u00ea pode girar o dispositivo de fragr\u00e2ncia para controlar a taxa de volatiliza\u00e7\u00e3o; Abre o m\u00e1ximo quando o ponteiro est\u00e1 no meio da escala<\/span><\/p>\n<p><span id=\"tl_7\">5. f\u00e1cil de instalar e usar, sem necessidade de bateria, design de moda, tamanho pequeno, ajuste universal para a maioria das sa\u00eddas de ar do carro, sem necessidade de ferramentas.<\/span><\/p>\n<p><span id=\"tl_8\">6. o pacote inclui 7 pe\u00e7as de bast\u00e3o de aroma.Depois que o \u00f3leo essencial acabar, voc\u00ea pode fazer a almofada de aroma sozinho, basta mergulhar as almofadas em seu \u00f3leo essencial preferido.<\/span><\/p>\n<p><span id=\"tl_9\">Nota: Mantenha a almofada arom\u00e1tica longe de assentos ou outros objetos; Mantenha-o longe do alcance das crian\u00e7as.<\/span><\/p>\n<p><strong id=\"tl_10\">Especifica\u00e7\u00e3o:<\/strong><\/p>\n<p><span id=\"tl_11\">Tipo: fragr\u00e2ncia de ar condicionado de carro<\/span><\/p>\n<p><span id=\"tl_12\">Material: liga de alum\u00ednio de avia\u00e7\u00e3o<\/span><\/p>\n<p><span id=\"tl_13\">Cor do item: preto\/prata\/vermelho\/ouro<\/span><\/p>\n<p><span id=\"tl_14\">Tipo de fragr\u00e2ncia: como mostra a foto<\/span><\/p>\n<p><span id=\"tl_15\">Tempo de dura\u00e7\u00e3o da fragr\u00e2ncia: cada bast\u00e3o de aromaterapia dura aproximadamente 10 dias.<\/span><\/p>\n<p><strong id=\"tl_16\">Pacote inclu\u00eddo:<\/strong><\/p>\n<p><span id=\"tl_17\">1 * fragr\u00e2ncia de ar condicionado de carro com clipe<\/span><\/p>\n<p><span id=\"tl_18\">7 * bast\u00e3o de fragr\u00e2ncia de perfume<\/span><\/p>\n<p>&nbsp;<\/p>\n<p><strong id=\"tl_19\">Nota:<\/strong><span id=\"tl_20\">Para melhores resultados, use com ar condicionado. Quando n\u00e3o estiver em uso, feche a ventila\u00e7\u00e3o do clipe de aromaterapia.<\/span><\/p>\n<p>&nbsp;<\/p>\n<p>Armazenamento c=20<\/p>\n<p>Condi\u00e7\u00f5es:<\/p>\n<p>Produto Novo Original<br \/>\nGarantia:<br \/>\n3 Meses<\/p>\n<p>ATEN\u00c7\u00c3O: Antes de efetuar a compra verifique o c\u00f3digo da sua pe\u00e7a que est\u00e1 instalado no seu ve\u00edculo.<br \/>\nA Casa da Inje\u00e7\u00e3o SP oferece total garantia nos produtos comprados em nosso site.<br \/>\nCada item \u00e9 rigorosamente inspecionado \u00a0antes do envio<br \/>\nSe os itens estiverem danificados ou parcialmente defeituosos, entre em contato conosco.<br \/>\nProcure um profissional devidamente licenciado para a instala\u00e7\u00e3o e fa\u00e7a revis\u00f5es periodicamente.<br \/>\nA empresa n\u00e3o se responsabiliza por problemas oriundos da m\u00e1 instala\u00e7\u00e3o ou com a falta de cuidados<br \/>\nperi\u00f3dicos dos componentes.<br \/>\nSe houver qualquer defeito, ficamos a disposi\u00e7\u00e3o para a substitui\u00e7\u00e3o ou devolvemos seu dinheiro.<br \/>\nTem alguma d\u00favida?<br \/>\nEntre em contato que podemos ajudar!<br \/>\nConfira as informa\u00e7\u00f5es adicionais abaixo:<br \/>\nTodos os produtos anunciados est\u00e3o dispon\u00edveis em estoque e s\u00e3o enviados com extrema rapidez .<br \/>\nO frete pode ser simulado antes de efetuar a compra, basta clicar em \u201cver custos de envio\u201d.<br \/>\nVerifique o endere\u00e7o de entrega cadastrado e atualize caso necess\u00e1rio.<br \/>\nConfirme se a pe\u00e7a \u00e9 correta para o seu modelo de ve\u00edculo.<br \/>\nPara pe\u00e7as automotivas, recomendamos a instala\u00e7\u00e3o por um profissional especializado.<br \/>\nCaso possua outras d\u00favidas, entre em contato.<\/p>\n","protected":false},"excerpt":{"rendered":"<h2>Aromatizante para Difusor de Ar Linha Automotiva com 7 Frag\u00e2ncias &#8211; T0015<\/h2>\n","protected":false},"featured_media":43507,"template":"","meta":{"_seopress_robots_primary_cat":"none","_seopress_titles_title":"","_seopress_titles_desc":"","_seopress_robots_index":"","_joinchat":[]},"product_cat":[24],"product_tag":[173,49,52,50],"berocket_brand":[1326,378,379,380,381,1667,382,1133,1644,383,384,385,386,1134,387,388],"_links":{"self":[{"href":"https:\/\/www.casadainjecao.com.br\/loja\/wp-json\/wp\/v2\/product\/43501"}],"collection":[{"href":"https:\/\/www.casadainjecao.com.br\/loja\/wp-json\/wp\/v2\/product"}],"about":[{"href":"https:\/\/www.casadainjecao.com.br\/loja\/wp-json\/wp\/v2\/types\/product"}],"wp:featuredmedia":[{"embeddable":true,"href":"https:\/\/www.casadainjecao.com.br\/loja\/wp-json\/wp\/v2\/media\/43507"}],"wp:attachment":[{"href":"https:\/\/www.casadainjecao.com.br\/loja\/wp-json\/wp\/v2\/media?parent=43501"}],"wp:term":[{"taxonomy":"product_cat","embeddable":true,"href":"https:\/\/www.casadainjecao.com.br\/loja\/wp-json\/wp\/v2\/product_cat?post=43501"},{"taxonomy":"product_tag","embeddable":true,"href":"https:\/\/www.casadainjecao.com.br\/loja\/wp-json\/wp\/v2\/product_tag?post=43501"},{"taxonomy":"berocket_brand","embeddable":true,"href":"https:\/\/www.casadainjecao.com.br\/loja\/wp-json\/wp\/v2\/berocket_brand?post=43501"}],"curies":[{"name":"wp","href":"https:\/\/api.w.org\/{rel}","templated":true}]}}