{"id":43527,"date":"2026-01-14T14:44:51","date_gmt":"2026-01-14T17:44:51","guid":{"rendered":"https:\/\/www.casadainjecao.com.br\/loja\/autopecas\/sem%20categoria\/sonda-lambda-pre-e-pos-agile-s10-corsa-doblo-idea-0258006827\/"},"modified":"2026-03-26T18:43:54","modified_gmt":"2026-03-26T21:43:54","slug":"sonda-lambda-pre-e-pos-agile-s10-corsa-doblo-idea-0258006827","status":"publish","type":"product","link":"https:\/\/www.casadainjecao.com.br\/loja\/autopecas\/injecao-eletronica\/sonda-lambda-pre-e-pos-agile-s10-corsa-doblo-idea-0258006827\/","title":{"rendered":"Sonda Lambda Blazer S10 2.4 Agile Cobalt 1.4 0258006827"},"content":{"rendered":"<h2>Sonda Lambda Pr\u00e9 e P\u00f3s Catalisador<\/h2>\n<p>Aplica\u00e7\u00e3o<br \/>\nChevrolet<br \/>\n\u2022 Agile 1.4 Flex \u2013 2009\/2010\/2011\/2012\/2013\/2014<br \/>\n(Pr\u00e9 e P\u00f3s Catalisador)<\/p>\n<p>\u2022 Blazer 2.4 MPFI Flexpower \u2013 2007\/2008\/2009\/2010\/2011\/2012<br \/>\n(Pr\u00e9 e P\u00f3s Catalisador)<\/p>\n<p>\u2022 Cobalt 1.4 Econoflex \u2013 2011\/2012\/2013\/2014\/2015\/2016\/2017\/2018\/2019\/2020\/2021\/2022\/<br \/>\n2023\/2024\/2025 (P\u00f3s Catalisador)<\/p>\n<p>\u2022 Cobalt 1.8 Econoflex \u2013 2012\/2013\/2014\/2015\/2016\/2017\/2018\/2019\/2020\/2021\/2022\/2023\/<br \/>\n2024\/2025 (P\u00f3s Catalisador)<\/p>\n<p>\u2022 Corsa 1.0 VHC Flexpower \u2013 2005\/2006\/2007\/2008 (P\u00f3s Catalisador)<\/p>\n<p>\u2022 Corsa Sedan 1.0 VHC Flexpower \u2013 2005\/2006\/2007 (P\u00f3s Catalisador)<\/p>\n<p>\u2022 Montana 1.4 Econoflex \u2013 2010\/2011\/2012\/2013\/2014\/2015\/2016\/2017\/2018\/2019\/2020\/2021\/<br \/>\n2022\/2023\/2024\/2025 (Pr\u00e9 e P\u00f3s Catalisador)<\/p>\n<p>\u2022 Spin 1.8 Econoflex \u2013 2012\/2013\/2014\/2015\/2016\/2017\/2018\/2019\/2020\/2021\/2022\/2023\/<br \/>\n2024\/2025 (P\u00f3s Catalisador)<\/p>\n<p>\u2022 S10 2.4 MPFI Flexpower \u2013 2007\/2008\/2009\/2010\/2011\/2012 (Pr\u00e9 e P\u00f3s Catalisador)<\/p>\n<p>Fiat<br \/>\n\u2022 500 1.4 16V \u2013 2009\/2010\/2011\/2012\/2013<\/p>\n<p>\u2022 Bravo 1.8 16V \/ 1.8 E.torQ \u2013 2010\/2011\/2012\/2013<\/p>\n<p>\u2022 Dobl\u00f2 1.3 16V \u2013 2001\/2002\/2003\/2004\/2005\/2006<\/p>\n<p>\u2022 Dobl\u00f2 1.8 \u2013 2003\/2004\/2005\/2006<\/p>\n<p>\u2022 Dobl\u00f2 1.4 \u2013 2009\/2010\/2011\/2012\/2013<\/p>\n<p>\u2022 Dobl\u00f2 1.8 E.torQ \u2013 2010\/2011\/2012\/2013<\/p>\n<p>\u2022 Grand Siena 1.6 16V E.torQ \u2013 2012\/2013\/2014\/2015\/2016\/2017\/2018<\/p>\n<p>\u2022 Idea 1.4 T-Jet \u2013 2009\/2010\/2011\/2012\/2013<\/p>\n<p>\u2022 Idea 1.8 16V E.torQ \u2013 2010\/2011\/2012\/2013<\/p>\n<p>\u2022 Linea 1.9 \u2013 2009\/2010\/2011<\/p>\n<p>\u2022 Linea 1.4 E.torQ \u2013 2009\/2010\/2011\/2012\/2013\/2014\/2015\/2016<\/p>\n<p>\u2022 Palio 1.0 \u2013 2000\/2001\/2002\/2003\/2004\/2005\/2006\/2007\/2008\/2009\/2010\/<br \/>\n2011\/2012\/2013\/2014\/2015\/2016\/2017\/2018<\/p>\n<p>\u2022 Palio 1.3 \u2013 2000\/2001\/2002\/2003<\/p>\n<p>\u2022 Palio 1.4 Fire \u2013 2005\/2006\/2007\/2008\/2009\/2010\/2011\/2012\/2013\/2014\/2015\/2016\/<br \/>\n2017\/2018<\/p>\n<p>\u2022 Palio 1.8 E.torQ \u2013 2010\/2011\/2012\/2013\/2014\/2015\/2016\/2017\/2018<\/p>\n<p>\u2022 Punto 1.6 \/ 1.8 \u2013 2001\/2002\/2003\/2004\/2005\/2006\/2007\/2008\/2009\/2010\/2011\/2012\/2013\/2014\/2015\/2016\/2017\/2018<\/p>\n<p>\u2022 Siena 1.0 \/ 1.3 \u2013 2000\/2001\/2002\/2003<\/p>\n<p>\u2022 Siena 1.4 Fire \u2013 2008\/2009\/2010\/2011\/2012\/2013\/2014\/2015\/2016\/2017\/2018<\/p>\n<p>\u2022 Siena 1.6 E.torQ \u2013 2010\/2011\/2012\/2013\/2014\/2015\/2016\/2017\/2018<\/p>\n<p>\u2022 Stilo 2.4 \u2013 2002\/2003\/2004\/2005\/2006\/2007\/2008<\/p>\n<p>\u2022 Strada 1.4 \/ 1.6 \u2013 2008\/2009\/2010\/2011\/2012\/2013\/2014\/2015\/2016\/2017\/2018<\/p>\n<p>\u2022 Uno 1.0 Evo \u2013 2010\/2011\/2012\/2013\/2014\/2015\/2016\/2017\/2018<\/p>\n<p>Especifica\u00e7\u00f5es T\u00e9cnicas:<\/p>\n<p>Marca: Torken do Brasil, refer\u00eancia em pe\u00e7as automotivas<\/p>\n<p>Produto: Novo<\/p>\n<p>Modelo: SONDA LAMBDA PR\u00c9 E P\u00d3S CATALISADOR<\/p>\n<p>Codigo: 0258006827 \/ 24579154 \/ 93385924 \/ 0258986602 \/ 883440043<\/p>\n<p>Cont\u00e9m 4 cabos: 2 Branco \/ 1 Preto \/ 1 cinza<\/p>\n<p>Condi\u00e7\u00f5es Produto: Novo<\/p>\n<p>Garantia: 3 meses<\/p>\n<h3>ATEN\u00c7\u00c3O<\/h3>\n<h4>Antes de efetuar a compra, verifique o c\u00f3digo da pe\u00e7a instalada em seu ve\u00edculo e confirme se corresponde ao c\u00f3digo informado neste an\u00fancio.<br \/>\nEm caso de d\u00favida, utilize o campo de perguntas.<\/h4>\n<p aria-level=\"3\"><span data-contrast=\"none\">A Casa da Inje\u00e7\u00e3o oferece total garantia nos produtos comprados em nosso site.<\/span><span data-ccp-props=\"{&quot;134233117&quot;:false,&quot;134233118&quot;:false,&quot;134245418&quot;:true,&quot;134245529&quot;:true,&quot;201341983&quot;:1,&quot;335559738&quot;:0,&quot;335559739&quot;:0,&quot;335559740&quot;:480}\">\u00a0<\/span><\/p>\n<ol>\n<li data-leveltext=\"%1.\" data-font=\"Calibri\" data-listid=\"1\" data-list-defn-props=\"{&quot;335552541&quot;:0,&quot;335559685&quot;:720,&quot;335559991&quot;:360,&quot;469769242&quot;:[65533,0],&quot;469777803&quot;:&quot;left&quot;,&quot;469777804&quot;:&quot;%1.&quot;,&quot;469777815&quot;:&quot;hybridMultilevel&quot;}\" aria-setsize=\"-1\" data-aria-posinset=\"1\" data-aria-level=\"1\"><span data-contrast=\"none\">Cada item \u00e9 rigorosamente testado antes do envio<\/span><span data-ccp-props=\"{&quot;134233117&quot;:false,&quot;134233118&quot;:false,&quot;201341983&quot;:0,&quot;335559685&quot;:720,&quot;335559737&quot;:0,&quot;335559738&quot;:0,&quot;335559739&quot;:0,&quot;335559740&quot;:259}\">\u00a0<\/span><\/li>\n<\/ol>\n<ol>\n<li data-leveltext=\"%1.\" data-font=\"Calibri\" data-listid=\"1\" data-list-defn-props=\"{&quot;335552541&quot;:0,&quot;335559685&quot;:720,&quot;335559991&quot;:360,&quot;469769242&quot;:[65533,0],&quot;469777803&quot;:&quot;left&quot;,&quot;469777804&quot;:&quot;%1.&quot;,&quot;469777815&quot;:&quot;hybridMultilevel&quot;}\" aria-setsize=\"-1\" data-aria-posinset=\"2\" data-aria-level=\"1\"><span data-contrast=\"none\">Se os itens estiverem danificados ou parcialmente defeituosos, entre em contato conosco.<\/span><span data-ccp-props=\"{&quot;134233117&quot;:false,&quot;134233118&quot;:false,&quot;201341983&quot;:0,&quot;335559685&quot;:720,&quot;335559737&quot;:0,&quot;335559738&quot;:0,&quot;335559739&quot;:0,&quot;335559740&quot;:259}\">\u00a0<\/span><\/li>\n<\/ol>\n<p><span data-contrast=\"none\">Se houver qualquer defeito, n\u00f3s lhe enviaremos uma substitui\u00e7\u00e3o ap\u00f3s receber o pacote ou devolvemos seu dinheiro.<\/span><span data-ccp-props=\"{&quot;134233117&quot;:false,&quot;134233118&quot;:false,&quot;201341983&quot;:0,&quot;335559738&quot;:0,&quot;335559739&quot;:375,&quot;335559740&quot;:259}\">\u00a0<\/span><\/p>\n<p><span data-contrast=\"none\">Leia nossa<\/span>\u00a0<a href=\"https:\/\/www.casadainjecao.com.br\/loja\/politica-de-devolucao\"><span data-contrast=\"none\">pol\u00edtica de devolu\u00e7\u00e3o aqui<\/span><\/a><span data-ccp-props=\"{&quot;134233117&quot;:false,&quot;134233118&quot;:false,&quot;201341983&quot;:0,&quot;335559738&quot;:0,&quot;335559739&quot;:375,&quot;335559740&quot;:259}\">\u00a0<\/span><\/p>\n<p><span data-contrast=\"none\">\u2014\u2014\u2014\u2014\u2014\u2014\u2014\u2014\u2014\u2014\u2014\u2014\u2014\u2014\u2014\u2014\u2014\u2014\u2014\u2013<\/span><span data-ccp-props=\"{&quot;134233117&quot;:false,&quot;134233118&quot;:false,&quot;201341983&quot;:0,&quot;335559738&quot;:0,&quot;335559739&quot;:375,&quot;335559740&quot;:259}\">\u00a0<\/span><\/p>\n<p><span data-contrast=\"none\">Tem alguma d\u00favida?<\/span><span data-ccp-props=\"{&quot;134233117&quot;:false,&quot;134233118&quot;:false,&quot;201341983&quot;:0,&quot;335559738&quot;:0,&quot;335559739&quot;:375,&quot;335559740&quot;:259}\">\u00a0<\/span><\/p>\n<p><span data-contrast=\"none\">Entre em contato que podemos ajudar!<\/span><span data-ccp-props=\"{&quot;134233117&quot;:false,&quot;134233118&quot;:false,&quot;201341983&quot;:0,&quot;335559738&quot;:0,&quot;335559739&quot;:375,&quot;335559740&quot;:259}\">\u00a0<\/span><\/p>\n<p><span data-contrast=\"none\">Confira as informa\u00e7\u00f5es adicionais abaixo:<\/span><span data-ccp-props=\"{&quot;134233117&quot;:false,&quot;134233118&quot;:false,&quot;201341983&quot;:0,&quot;335559738&quot;:0,&quot;335559739&quot;:375,&quot;335559740&quot;:259}\">\u00a0<\/span><\/p>\n<ul>\n<li data-leveltext=\"\uf0b7\" data-font=\"Symbol\" data-listid=\"2\" data-list-defn-props=\"{&quot;335552541&quot;:1,&quot;335559685&quot;:720,&quot;335559991&quot;:360,&quot;469769226&quot;:&quot;Symbol&quot;,&quot;469769242&quot;:[8226],&quot;469777803&quot;:&quot;left&quot;,&quot;469777804&quot;:&quot;\uf0b7&quot;,&quot;469777815&quot;:&quot;hybridMultilevel&quot;}\" aria-setsize=\"-1\" data-aria-posinset=\"1\" data-aria-level=\"1\"><span data-contrast=\"none\">Todos os nossos produtos s\u00e3o novos, semi-novos, originais e paralelos possuem garantia.<\/span><span data-ccp-props=\"{&quot;134233117&quot;:false,&quot;134233118&quot;:false,&quot;201341983&quot;:0,&quot;335559685&quot;:720,&quot;335559737&quot;:0,&quot;335559738&quot;:0,&quot;335559739&quot;:0,&quot;335559740&quot;:259}\">\u00a0<\/span><\/li>\n<li data-leveltext=\"\uf0b7\" data-font=\"Symbol\" data-listid=\"2\" data-list-defn-props=\"{&quot;335552541&quot;:1,&quot;335559685&quot;:720,&quot;335559991&quot;:360,&quot;469769226&quot;:&quot;Symbol&quot;,&quot;469769242&quot;:[8226],&quot;469777803&quot;:&quot;left&quot;,&quot;469777804&quot;:&quot;\uf0b7&quot;,&quot;469777815&quot;:&quot;hybridMultilevel&quot;}\" aria-setsize=\"-1\" data-aria-posinset=\"2\" data-aria-level=\"1\"><span data-contrast=\"none\">Todos os produtos anunciados est\u00e3o dispon\u00edveis em estoque e s\u00e3o enviados com extrema rapidez.<\/span><span data-ccp-props=\"{&quot;134233117&quot;:false,&quot;134233118&quot;:false,&quot;201341983&quot;:0,&quot;335559685&quot;:720,&quot;335559737&quot;:0,&quot;335559738&quot;:0,&quot;335559739&quot;:0,&quot;335559740&quot;:259}\">\u00a0<\/span><\/li>\n<li data-leveltext=\"\uf0b7\" data-font=\"Symbol\" data-listid=\"2\" data-list-defn-props=\"{&quot;335552541&quot;:1,&quot;335559685&quot;:720,&quot;335559991&quot;:360,&quot;469769226&quot;:&quot;Symbol&quot;,&quot;469769242&quot;:[8226],&quot;469777803&quot;:&quot;left&quot;,&quot;469777804&quot;:&quot;\uf0b7&quot;,&quot;469777815&quot;:&quot;hybridMultilevel&quot;}\" aria-setsize=\"-1\" data-aria-posinset=\"3\" data-aria-level=\"1\"><span data-contrast=\"none\">O frete pode ser simulado antes de efetuar a compra, basta clicar em \u201cver custos de envio\u201d.<\/span><span data-ccp-props=\"{&quot;134233117&quot;:false,&quot;134233118&quot;:false,&quot;201341983&quot;:0,&quot;335559685&quot;:720,&quot;335559737&quot;:0,&quot;335559738&quot;:0,&quot;335559739&quot;:0,&quot;335559740&quot;:259}\">\u00a0<\/span><\/li>\n<li data-leveltext=\"\uf0b7\" data-font=\"Symbol\" data-listid=\"2\" data-list-defn-props=\"{&quot;335552541&quot;:1,&quot;335559685&quot;:720,&quot;335559991&quot;:360,&quot;469769226&quot;:&quot;Symbol&quot;,&quot;469769242&quot;:[8226],&quot;469777803&quot;:&quot;left&quot;,&quot;469777804&quot;:&quot;\uf0b7&quot;,&quot;469777815&quot;:&quot;hybridMultilevel&quot;}\" aria-setsize=\"-1\" data-aria-posinset=\"4\" data-aria-level=\"1\"><span data-contrast=\"none\">Verifique o endere\u00e7o de entrega cadastrado e atualize caso necess\u00e1rio.<\/span><span data-ccp-props=\"{&quot;134233117&quot;:false,&quot;134233118&quot;:false,&quot;201341983&quot;:0,&quot;335559685&quot;:720,&quot;335559737&quot;:0,&quot;335559738&quot;:0,&quot;335559739&quot;:0,&quot;335559740&quot;:259}\">\u00a0<\/span><\/li>\n<li data-leveltext=\"\uf0b7\" data-font=\"Symbol\" data-listid=\"2\" data-list-defn-props=\"{&quot;335552541&quot;:1,&quot;335559685&quot;:720,&quot;335559991&quot;:360,&quot;469769226&quot;:&quot;Symbol&quot;,&quot;469769242&quot;:[8226],&quot;469777803&quot;:&quot;left&quot;,&quot;469777804&quot;:&quot;\uf0b7&quot;,&quot;469777815&quot;:&quot;hybridMultilevel&quot;}\" aria-setsize=\"-1\" data-aria-posinset=\"5\" data-aria-level=\"1\"><span data-contrast=\"none\">Confirme se a pe\u00e7a \u00e9 correta para o seu modelo de ve\u00edculo.<\/span><span data-ccp-props=\"{&quot;134233117&quot;:false,&quot;134233118&quot;:false,&quot;201341983&quot;:0,&quot;335559685&quot;:720,&quot;335559737&quot;:0,&quot;335559738&quot;:0,&quot;335559739&quot;:0,&quot;335559740&quot;:259}\">\u00a0<\/span><\/li>\n<li data-leveltext=\"\uf0b7\" data-font=\"Symbol\" data-listid=\"2\" data-list-defn-props=\"{&quot;335552541&quot;:1,&quot;335559685&quot;:720,&quot;335559991&quot;:360,&quot;469769226&quot;:&quot;Symbol&quot;,&quot;469769242&quot;:[8226],&quot;469777803&quot;:&quot;left&quot;,&quot;469777804&quot;:&quot;\uf0b7&quot;,&quot;469777815&quot;:&quot;hybridMultilevel&quot;}\" aria-setsize=\"-1\" data-aria-posinset=\"6\" data-aria-level=\"1\"><span data-contrast=\"none\">Para pe\u00e7as automotivas, recomendamos a instala\u00e7\u00e3o por um profissional especializado.<\/span><span data-ccp-props=\"{&quot;134233117&quot;:false,&quot;134233118&quot;:false,&quot;201341983&quot;:0,&quot;335559685&quot;:720,&quot;335559737&quot;:0,&quot;335559738&quot;:0,&quot;335559739&quot;:0,&quot;335559740&quot;:259}\">\u00a0<\/span><\/li>\n<\/ul>\n<p><span data-contrast=\"none\">Caso possua outras d\u00favidas, entre em contato.<\/span><span data-ccp-props=\"{&quot;134233117&quot;:false,&quot;134233118&quot;:false,&quot;201341983&quot;:0,&quot;335559738&quot;:0,&quot;335559739&quot;:375,&quot;335559740&quot;:259}\">\u00a0<\/span><\/p>\n<p>&nbsp;<\/p>\n<p>&nbsp;<\/p>\n<p>&nbsp;<\/p>\n<p>&nbsp;<\/p>\n","protected":false},"excerpt":{"rendered":"<h2 class=\"ui-pdp-title\">Sonda Lambda Blazer S10 2.4 Agile Cobalt 1.4 &#8211; 0258006827<\/h2>\n","protected":false},"featured_media":44047,"template":"","meta":{"_seopress_robots_primary_cat":"none","_seopress_titles_title":"","_seopress_titles_desc":"","_seopress_robots_index":"","_joinchat":[]},"product_cat":[21],"product_tag":[],"berocket_brand":[],"_links":{"self":[{"href":"https:\/\/www.casadainjecao.com.br\/loja\/wp-json\/wp\/v2\/product\/43527"}],"collection":[{"href":"https:\/\/www.casadainjecao.com.br\/loja\/wp-json\/wp\/v2\/product"}],"about":[{"href":"https:\/\/www.casadainjecao.com.br\/loja\/wp-json\/wp\/v2\/types\/product"}],"wp:featuredmedia":[{"embeddable":true,"href":"https:\/\/www.casadainjecao.com.br\/loja\/wp-json\/wp\/v2\/media\/44047"}],"wp:attachment":[{"href":"https:\/\/www.casadainjecao.com.br\/loja\/wp-json\/wp\/v2\/media?parent=43527"}],"wp:term":[{"taxonomy":"product_cat","embeddable":true,"href":"https:\/\/www.casadainjecao.com.br\/loja\/wp-json\/wp\/v2\/product_cat?post=43527"},{"taxonomy":"product_tag","embeddable":true,"href":"https:\/\/www.casadainjecao.com.br\/loja\/wp-json\/wp\/v2\/product_tag?post=43527"},{"taxonomy":"berocket_brand","embeddable":true,"href":"https:\/\/www.casadainjecao.com.br\/loja\/wp-json\/wp\/v2\/berocket_brand?post=43527"}],"curies":[{"name":"wp","href":"https:\/\/api.w.org\/{rel}","templated":true}]}}