{"id":43538,"date":"2026-01-14T16:02:40","date_gmt":"2026-01-14T19:02:40","guid":{"rendered":"https:\/\/www.casadainjecao.com.br\/loja\/autopecas\/sem%20categoria\/sonda-lambda-pos-c4-c3-9675112680\/"},"modified":"2026-01-20T10:56:49","modified_gmt":"2026-01-20T13:56:49","slug":"sonda-lambda-pos-c4-c3-9675112680","status":"publish","type":"product","link":"https:\/\/www.casadainjecao.com.br\/loja\/autopecas\/injecao-eletronica\/sonda-lambda-pos-c4-c3-9675112680\/","title":{"rendered":"Sonda Lambda Pr\u00e9 e P\u00f3s Citroen C4 C3 &#8211; 9675112680"},"content":{"rendered":"<p>Sonda\u00a0 Lambda Pr\u00e9 E P\u00f3s Catalisador = Sensor de Oxigenio<\/p>\n<p>Aplica\u00e7\u00e3o:<\/p>\n<p>CITROEN<\/p>\n<p>AIRCROSS 1.6 16V 2012 2013 2014 2015<\/p>\n<p>AIRCROSS 1.6 16V EC5JP4 2013 2014 2015 2016 2017 2018 2019 2020<\/p>\n<p>C3 1.5 8V 2012 2013 2014 2015<\/p>\n<p>C3 1.5 8V 2013 2014 2015 2016 2017<\/p>\n<p>C3 1.6 16V 2012 2013 2014 2015<\/p>\n<p>C3 1.6 16V 2013 2014 2015 2016 2017<\/p>\n<p>C3 PICASSO 1.5 8V 2012 2013 2014 2015<\/p>\n<p>C3 PICASSO 1.6 16V 2012 2013 2014 2015<\/p>\n<p>C3 PICASSO 1.6 16V EC5JP4 2013 2013 2014 2015<\/p>\n<p>C4 CACTUS 1.6 16V EC5JP4 2018 2019 2020 2021 2022 2023 2024<\/p>\n<p>PEUGEOT<\/p>\n<p>208 1.5 8V 2013 2014 2015 2016<\/p>\n<p>208 1.6 16V 2013 2014 2015 2016 2017 2018 2019 2020<\/p>\n<p>308 1.6 16V 2012 2013 2014 2015<\/p>\n<p>308 1.6 16V 2012 2013 2014 2015 2016<\/p>\n<p>Especifica\u00e7\u00f5es T\u00e9cnicas:<\/p>\n<p>Marca: Torken<\/p>\n<p>Produto: Novo<\/p>\n<p>Modelo: Sonda Lanbda<\/p>\n<p>Codigo: ES20406 \/ 9675112680 \/ 0258986602 \/ ES20404 \/ 782640057 \/ OZA660EE65<\/p>\n<p>Cont\u00e9m 4 cabos<\/p>\n<p>Condi\u00e7\u00f5es Produto: Novo<\/p>\n<p>Garantia: 3 meses<\/p>\n<p>ATEN\u00c7\u00c3O<\/p>\n<p>Antes de efetuar a compra, verifique o c\u00f3digo da pe\u00e7a instalada em seu ve\u00edculo e confirme se corresponde ao c\u00f3digo informado neste an\u00fancio.<\/p>\n<p>Em caso de d\u00favida, utilize o campo de perguntas.<\/p>\n","protected":false},"excerpt":{"rendered":"<p>Sonda Lambda Sensor de Oxigenio Pr\u00e9 e P\u00f3s Citroen C4 C3 &#8211; 9675112680<\/p>\n","protected":false},"featured_media":43674,"template":"","meta":{"_seopress_robots_primary_cat":"none","_seopress_titles_title":"","_seopress_titles_desc":"","_seopress_robots_index":"","_joinchat":[]},"product_cat":[21],"product_tag":[],"berocket_brand":[],"_links":{"self":[{"href":"https:\/\/www.casadainjecao.com.br\/loja\/wp-json\/wp\/v2\/product\/43538"}],"collection":[{"href":"https:\/\/www.casadainjecao.com.br\/loja\/wp-json\/wp\/v2\/product"}],"about":[{"href":"https:\/\/www.casadainjecao.com.br\/loja\/wp-json\/wp\/v2\/types\/product"}],"wp:featuredmedia":[{"embeddable":true,"href":"https:\/\/www.casadainjecao.com.br\/loja\/wp-json\/wp\/v2\/media\/43674"}],"wp:attachment":[{"href":"https:\/\/www.casadainjecao.com.br\/loja\/wp-json\/wp\/v2\/media?parent=43538"}],"wp:term":[{"taxonomy":"product_cat","embeddable":true,"href":"https:\/\/www.casadainjecao.com.br\/loja\/wp-json\/wp\/v2\/product_cat?post=43538"},{"taxonomy":"product_tag","embeddable":true,"href":"https:\/\/www.casadainjecao.com.br\/loja\/wp-json\/wp\/v2\/product_tag?post=43538"},{"taxonomy":"berocket_brand","embeddable":true,"href":"https:\/\/www.casadainjecao.com.br\/loja\/wp-json\/wp\/v2\/berocket_brand?post=43538"}],"curies":[{"name":"wp","href":"https:\/\/api.w.org\/{rel}","templated":true}]}}