{"id":43546,"date":"2026-01-14T17:17:44","date_gmt":"2026-01-14T20:17:44","guid":{"rendered":"https:\/\/www.casadainjecao.com.br\/loja\/?post_type=product&#038;p=43546"},"modified":"2026-04-15T17:07:01","modified_gmt":"2026-04-15T20:07:01","slug":"bobina-ignicao-hb20-picanto-1-0-3cc-2009-2730104000","status":"publish","type":"product","link":"https:\/\/www.casadainjecao.com.br\/loja\/autopecas\/eletrica\/bobina-de-ignicao\/ignicao\/bobina-ignicao-hb20-picanto-1-0-3cc-2009-2730104000\/","title":{"rendered":"Bobina de Igni\u00e7\u00e3o HB20 1.0 3 Cilindros &#8211; 27301-04000"},"content":{"rendered":"<h2>BOBINA DE IGNI\u00c7\u00c3O HB20 \/ HB20S \/ PICANTO<\/h2>\n<p>Produto novo<br \/>\nPronta entrega<br \/>\nGarantia de 3 meses<br \/>\nAlta qualidade e durabilidade<\/p>\n<p>Aplica\u00e7\u00e3o:<\/p>\n<p>HB20 1.0 3 Cilindros 12V (2011 a 2019)<br \/>\nHB20S 1.0 3 Cilindros 12V (2014 em diante)<br \/>\nKia Picanto 1.0 3 Cilindros (2009 em diante)<\/p>\n<p>Especifica\u00e7\u00f5es T\u00e9cnicas:<\/p>\n<p>Marca: Torken<br \/>\nC\u00f3digo: 27301-04000<br \/>\nProduto: Bobina de Igni\u00e7\u00e3o<br \/>\nCondi\u00e7\u00e3o: Novo<\/p>\n<p>Conte\u00fado da Embalagem:<\/p>\n<p>1 Bobina de Igni\u00e7\u00e3o<\/p>\n<p>Importante:<\/p>\n<p>Verifique a compatibilidade com seu ve\u00edculo antes da compra<br \/>\nEm caso de d\u00favida, envie o chassi que confirmamos<\/p>\n<p>Garantia: 3 meses<\/p>\n<h3>ATEN\u00c7\u00c3O<\/h3>\n<h3>Antes de efetuar a compra, verifique o c\u00f3digo da pe\u00e7a instalada em seu ve\u00edculo e confirme se corresponde ao c\u00f3digo informado neste an\u00fancio.<br \/>\nEm caso de d\u00favida, utilize o campo de perguntas.<\/h3>\n<p>A Casa da Inje\u00e7\u00e3o oferece total garantia nos produtos comprados em nosso site.<\/p>\n<p>Cada item \u00e9 rigorosamente testado antes do envio<br \/>\nSe os itens estiverem danificados ou parcialmente defeituosos, entre em contato conosco.<br \/>\nSe houver qualquer defeito, n\u00f3s lhe enviaremos uma substitui\u00e7\u00e3o ap\u00f3s receber o pacote ou devolvemos seu dinheiro.<\/p>\n<p>Leia nossa pol\u00edtica de devolu\u00e7\u00e3o aqui<\/p>\n<p>\u2014\u2014\u2014\u2014\u2014\u2014\u2014\u2014\u2014\u2014\u2014\u2014\u2014\u2014\u2014\u2014\u2014\u2014\u2014\u2013<\/p>\n<p>Tem alguma d\u00favida?<\/p>\n<p>Entre em contato que podemos ajudar!<\/p>\n<p>Confira as informa\u00e7\u00f5es adicionais abaixo:<\/p>\n<p>Todos os nossos produtos s\u00e3o novos, semi-novos, originais e paralelos possuem garantia.<br \/>\nTodos os produtos anunciados est\u00e3o dispon\u00edveis em estoque e s\u00e3o enviados com extrema rapidez.<br \/>\nO frete pode ser simulado antes de efetuar a compra, basta clicar em \u201cver custos de envio\u201d.<br \/>\nVerifique o endere\u00e7o de entrega cadastrado e atualize caso necess\u00e1rio.<br \/>\nConfirme se a pe\u00e7a \u00e9 correta para o seu modelo de ve\u00edculo.<br \/>\nPara pe\u00e7as automotivas, recomendamos a instala\u00e7\u00e3o por um profissional especializado.<br \/>\nCaso possua outras d\u00favidas, entre em contato<\/p>\n","protected":false},"excerpt":{"rendered":"<h2>Bobina Igni\u00e7\u00e3o Hb20 1.0 3 Cc 27301-04000 2012 A 2020<\/h2>\n","protected":false},"featured_media":43793,"template":"","meta":{"_seopress_robots_primary_cat":"none","_seopress_titles_title":"","_seopress_titles_desc":"","_seopress_robots_index":"","_joinchat":[]},"product_cat":[106,2394],"product_tag":[316,1433,1435],"berocket_brand":[386],"_links":{"self":[{"href":"https:\/\/www.casadainjecao.com.br\/loja\/wp-json\/wp\/v2\/product\/43546"}],"collection":[{"href":"https:\/\/www.casadainjecao.com.br\/loja\/wp-json\/wp\/v2\/product"}],"about":[{"href":"https:\/\/www.casadainjecao.com.br\/loja\/wp-json\/wp\/v2\/types\/product"}],"wp:featuredmedia":[{"embeddable":true,"href":"https:\/\/www.casadainjecao.com.br\/loja\/wp-json\/wp\/v2\/media\/43793"}],"wp:attachment":[{"href":"https:\/\/www.casadainjecao.com.br\/loja\/wp-json\/wp\/v2\/media?parent=43546"}],"wp:term":[{"taxonomy":"product_cat","embeddable":true,"href":"https:\/\/www.casadainjecao.com.br\/loja\/wp-json\/wp\/v2\/product_cat?post=43546"},{"taxonomy":"product_tag","embeddable":true,"href":"https:\/\/www.casadainjecao.com.br\/loja\/wp-json\/wp\/v2\/product_tag?post=43546"},{"taxonomy":"berocket_brand","embeddable":true,"href":"https:\/\/www.casadainjecao.com.br\/loja\/wp-json\/wp\/v2\/berocket_brand?post=43546"}],"curies":[{"name":"wp","href":"https:\/\/api.w.org\/{rel}","templated":true}]}}