{"id":43567,"date":"2026-01-15T11:35:39","date_gmt":"2026-01-15T14:35:39","guid":{"rendered":"https:\/\/www.casadainjecao.com.br\/loja\/?post_type=product&#038;p=43567"},"modified":"2026-03-30T21:15:49","modified_gmt":"2026-03-31T00:15:49","slug":"bobina-ignicao-corolla-prius-2-0-1-8-2013-a-2018-9091902258","status":"publish","type":"product","link":"https:\/\/www.casadainjecao.com.br\/loja\/autopecas\/eletrica\/bobina-de-ignicao\/ignicao\/bobina-ignicao-corolla-prius-2-0-1-8-2013-a-2018-9091902258\/","title":{"rendered":"Bobina Igni\u00e7\u00e3o Corolla PRIUS 2.0 1.8 2013 A 2018 &#8211; 9"},"content":{"rendered":"<h2>Bobina Igni\u00e7\u00e3o Corolla<\/h2>\n<p>Aplica\u00e7\u00e3o:<\/p>\n<p>COROLLA 1.8 FLEX &#8211; 2019 2018<\/p>\n<p>COROLLA 2.0 FLEX\u00a0 &#8211; 2009 2010 2011 2012 2013 2014 2015 2016 2017 2018<\/p>\n<p>PRIUS 1.8\u00a0 &#8211; 2013 2014 2015 2016 2017 2018<\/p>\n<p>Especifica\u00e7\u00f5es T\u00e9cnicas:<\/p>\n<p>Marca: Torken<\/p>\n<p>Produto: Novo<\/p>\n<p>Modelo: Bobina De Igni\u00e7\u00e3o<\/p>\n<p>Codigo: 9091902258 , 10r035444<\/p>\n<p>Garantia: 3 meses<\/p>\n<h3>ATEN\u00c7\u00c3O<\/h3>\n<h3>Antes de efetuar a compra, verifique o c\u00f3digo da pe\u00e7a instalada em seu ve\u00edculo e confirme se corresponde ao c\u00f3digo informado neste an\u00fancio.<\/h3>\n<p>A Casa da Inje\u00e7\u00e3o oferece total garantia nos produtos comprados em nosso site.<\/p>\n<p>Cada item \u00e9 rigorosamente testado antes do envio<br \/>\nSe os itens estiverem danificados ou parcialmente defeituosos, entre em contato conosco.<br \/>\nSe houver qualquer defeito, n\u00f3s lhe enviaremos uma substitui\u00e7\u00e3o ap\u00f3s receber o pacote ou devolvemos seu dinheiro.<\/p>\n<p>Leia nossa pol\u00edtica de devolu\u00e7\u00e3o aqui<\/p>\n<p>\u2014\u2014\u2014\u2014\u2014\u2014\u2014\u2014\u2014\u2014\u2014\u2014\u2014\u2014\u2014\u2014\u2014\u2014\u2014\u2013<\/p>\n<p>Tem alguma d\u00favida?<\/p>\n<p>Entre em contato que podemos ajudar!<\/p>\n<p>Confira as informa\u00e7\u00f5es adicionais abaixo:<\/p>\n<p>Todos os nossos produtos s\u00e3o novos, semi-novos, originais e paralelos possuem garantia.<br \/>\nTodos os produtos anunciados est\u00e3o dispon\u00edveis em estoque e s\u00e3o enviados com extrema rapidez.<br \/>\nO frete pode ser simulado antes de efetuar a compra, basta clicar em \u201cver custos de envio\u201d.<br \/>\nVerifique o endere\u00e7o de entrega cadastrado e atualize caso necess\u00e1rio.<br \/>\nConfirme se a pe\u00e7a \u00e9 correta para o seu modelo de ve\u00edculo.<br \/>\nPara pe\u00e7as automotivas, recomendamos a instala\u00e7\u00e3o por um profissional especializado.<br \/>\nCaso possua outras d\u00favidas, entre em contato.<\/p>\n","protected":false},"excerpt":{"rendered":"<p>Bobina Igni\u00e7\u00e3o Corolla Aplica\u00e7\u00e3o: COROLLA 1.8 FLEX &#8211; 2019 2018 COROLLA 2.0 FLEX\u00a0 &#8211; 2009 2010 2011 2012 2013 2014 2015 2016 2017 2018 PRIUS 1.8\u00a0 &#8211; 2013 2014 2015 2016 2017 2018 Especifica\u00e7\u00f5es T\u00e9cnicas: Marca: Torken Produto: Novo Modelo: Bobina De Igni\u00e7\u00e3o Codigo: 9091902258 , 10r035444 Garantia: 3 meses ATEN\u00c7\u00c3O Antes de efetuar a &hellip;<\/p>\n<p class=\"read-more\"> <a class=\" thunk-readmore button \" href=\"https:\/\/www.casadainjecao.com.br\/loja\/autopecas\/eletrica\/bobina-de-ignicao\/ignicao\/bobina-ignicao-corolla-prius-2-0-1-8-2013-a-2018-9091902258\/\"> <span class=\"screen-reader-text\">Bobina Igni\u00e7\u00e3o Corolla PRIUS 2.0 1.8 2013 A 2018 &#8211; 9<\/span>Read More<\/a><\/p>\n","protected":false},"featured_media":43570,"template":"","meta":{"_seopress_robots_primary_cat":"none","_seopress_titles_title":"","_seopress_titles_desc":"","_seopress_robots_index":"","_joinchat":[]},"product_cat":[106,2394],"product_tag":[2400,2401,2199],"berocket_brand":[395],"_links":{"self":[{"href":"https:\/\/www.casadainjecao.com.br\/loja\/wp-json\/wp\/v2\/product\/43567"}],"collection":[{"href":"https:\/\/www.casadainjecao.com.br\/loja\/wp-json\/wp\/v2\/product"}],"about":[{"href":"https:\/\/www.casadainjecao.com.br\/loja\/wp-json\/wp\/v2\/types\/product"}],"wp:featuredmedia":[{"embeddable":true,"href":"https:\/\/www.casadainjecao.com.br\/loja\/wp-json\/wp\/v2\/media\/43570"}],"wp:attachment":[{"href":"https:\/\/www.casadainjecao.com.br\/loja\/wp-json\/wp\/v2\/media?parent=43567"}],"wp:term":[{"taxonomy":"product_cat","embeddable":true,"href":"https:\/\/www.casadainjecao.com.br\/loja\/wp-json\/wp\/v2\/product_cat?post=43567"},{"taxonomy":"product_tag","embeddable":true,"href":"https:\/\/www.casadainjecao.com.br\/loja\/wp-json\/wp\/v2\/product_tag?post=43567"},{"taxonomy":"berocket_brand","embeddable":true,"href":"https:\/\/www.casadainjecao.com.br\/loja\/wp-json\/wp\/v2\/berocket_brand?post=43567"}],"curies":[{"name":"wp","href":"https:\/\/api.w.org\/{rel}","templated":true}]}}