{"id":43586,"date":"2026-01-16T08:30:41","date_gmt":"2026-01-16T11:30:41","guid":{"rendered":"https:\/\/www.casadainjecao.com.br\/loja\/?post_type=product&#038;p=43586"},"modified":"2026-02-03T12:50:50","modified_gmt":"2026-02-03T15:50:50","slug":"bico-injetor-de-combustivel-honda-accord-3-5-v6-110072817","status":"publish","type":"product","link":"https:\/\/www.casadainjecao.com.br\/loja\/autopecas\/injecao-eletronica\/bico-injetor\/bico-injetor-de-combustivel-honda-accord-3-5-v6-110072817\/","title":{"rendered":"Bico Injetor de Combustivel Honda Accord 3.5 v6 &#8211; 1100"},"content":{"rendered":"<h2>Bico Injetor de Combustivel = Valvula de Inje\u00e7\u00e3o<\/h2>\n<h3>Honda Accord EX, EX-L 3.5 v6 2008-2012<\/h3>\n<h3>Honda Accord EX-L Touring 3.5 v6 2013-2017<\/h3>\n<h3>Honda Accord Crosstour EX, EX-L 3.5 v6 2010-2011<\/h3>\n<h3>Codigo:- 110072817, 16450R70A0<\/h3>\n<p>&nbsp;<\/p>\n<h3><span class=\"a-list-item\"><span dir=\"auto\">Substitui\u00e7\u00e3o do injetor de combust\u00edvel para Accord HFP 3.5L-V6 2012, EX-L e EX 3.5L-V6 2008-2011, Crosstour EX-L e EX 3.5L-V6 2012, Crosstour EX-L e EX 3.5L-V6 2010-2011, Accord Crosstour EX-L e EX 3.5L-V6 2010-2011, compat\u00edvel com Acura RDX 3.5L-V6 2013-2016, TL 3.5L e 3.7L V6 2009-2014, ZDX e MDX 3.7L-V6 2010-2013, TSX V6 3.5L-V6 2010-2013 e RL 3.7L-V6 2009-2011. RL TL 3.5L-V6 2008<\/span><\/span><\/h3>\n<p>Condi\u00e7\u00f5es:<\/p>\n<p>Produto Novo Original<br \/>\nGarantia:<br \/>\n3 Meses<\/p>\n<p>ATEN\u00c7\u00c3O: Antes de efetuar a compra verifique o c\u00f3digo da sua pe\u00e7a que est\u00e1 instalado no seu ve\u00edculo.<br \/>\nA Casa da Inje\u00e7\u00e3o SP oferece total garantia nos produtos comprados em nosso site.<br \/>\nCada item \u00e9 rigorosamente inspecionado \u00a0antes do envio<br \/>\nSe os itens estiverem danificados ou parcialmente defeituosos, entre em contato conosco.<br \/>\nProcure um profissional devidamente licenciado para a instala\u00e7\u00e3o e fa\u00e7a revis\u00f5es periodicamente.<br \/>\nA empresa n\u00e3o se responsabiliza por problemas oriundos da m\u00e1 instala\u00e7\u00e3o ou com a falta de cuidados<br \/>\nperi\u00f3dicos dos componentes.<br \/>\nSe houver qualquer defeito, ficamos a disposi\u00e7\u00e3o para a substitui\u00e7\u00e3o ou devolvemos seu dinheiro.<br \/>\nTem alguma d\u00favida?<br \/>\nEntre em contato que podemos ajudar!<br \/>\nConfira as informa\u00e7\u00f5es adicionais abaixo:<br \/>\nTodos os produtos anunciados est\u00e3o dispon\u00edveis em estoque e s\u00e3o enviados com extrema rapidez .<br \/>\nO frete pode ser simulado antes de efetuar a compra, basta clicar em \u201cver custos de envio\u201d.<br \/>\nVerifique o endere\u00e7o de entrega cadastrado e atualize caso necess\u00e1rio.<br \/>\nConfirme se a pe\u00e7a \u00e9 correta para o seu modelo de ve\u00edculo.<br \/>\nPara pe\u00e7as automotivas, recomendamos a instala\u00e7\u00e3o por um profissional especializado.<br \/>\nCaso possua outras d\u00favidas, entre em contato.<\/p>\n","protected":false},"excerpt":{"rendered":"<h2>Bico Injetor de Combustivel Honda Accord EX 3.5 v6 &#8211; 110072817<\/h2>\n","protected":false},"featured_media":43589,"template":"","meta":{"_seopress_robots_primary_cat":"none","_seopress_titles_title":"","_seopress_titles_desc":"","_seopress_robots_index":"","_joinchat":[]},"product_cat":[256,21],"product_tag":[1473],"berocket_brand":[385,394],"_links":{"self":[{"href":"https:\/\/www.casadainjecao.com.br\/loja\/wp-json\/wp\/v2\/product\/43586"}],"collection":[{"href":"https:\/\/www.casadainjecao.com.br\/loja\/wp-json\/wp\/v2\/product"}],"about":[{"href":"https:\/\/www.casadainjecao.com.br\/loja\/wp-json\/wp\/v2\/types\/product"}],"wp:featuredmedia":[{"embeddable":true,"href":"https:\/\/www.casadainjecao.com.br\/loja\/wp-json\/wp\/v2\/media\/43589"}],"wp:attachment":[{"href":"https:\/\/www.casadainjecao.com.br\/loja\/wp-json\/wp\/v2\/media?parent=43586"}],"wp:term":[{"taxonomy":"product_cat","embeddable":true,"href":"https:\/\/www.casadainjecao.com.br\/loja\/wp-json\/wp\/v2\/product_cat?post=43586"},{"taxonomy":"product_tag","embeddable":true,"href":"https:\/\/www.casadainjecao.com.br\/loja\/wp-json\/wp\/v2\/product_tag?post=43586"},{"taxonomy":"berocket_brand","embeddable":true,"href":"https:\/\/www.casadainjecao.com.br\/loja\/wp-json\/wp\/v2\/berocket_brand?post=43586"}],"curies":[{"name":"wp","href":"https:\/\/api.w.org\/{rel}","templated":true}]}}