{"id":43606,"date":"2026-01-19T09:20:54","date_gmt":"2026-01-19T12:20:54","guid":{"rendered":"https:\/\/www.casadainjecao.com.br\/loja\/autopecas\/sem categoria\/sensor-de-rotacao-fiat-1-0-1-4-palio-uno-strada-tsa-t080016\/"},"modified":"2026-01-19T09:20:54","modified_gmt":"2026-01-19T12:20:54","slug":"sensor-de-rotacao-fiat-1-0-1-4-palio-uno-strada-tsa-t080016","status":"publish","type":"product","link":"https:\/\/www.casadainjecao.com.br\/loja\/autopecas\/injecao-eletronica\/sensor-de-rotacao-fiat-1-0-1-4-palio-uno-strada-tsa-t080016\/","title":{"rendered":"Sensor de Rota\u00e7\u00e3o Fiat 1.0 1.4 Palio Uno Strada TSA  &#821"},"content":{"rendered":"<p>Sensor De Rota\u00e7\u00e3o<\/p>\n<p>\u00a0<\/p>\n<p>Aplica\u00e7\u00e3o:<\/p>\n<p>\u00a0<\/p>\n<p>Fiat Uno Mille 2003 2004 2005 2006 2007 2008 2009<\/p>\n<p>\u00a0<\/p>\n<p>Fiat Palio \u2013\u00a0 2000 2001 2002 2003 2004 2005 2006 2007 2008 2009 2010 2011 2012 2013 2014 2015 2016 2017 2018 2019 2020<\/p>\n<p>\u00a0<\/p>\n<p>Fiat Uno \/ Novo Uno \u2013\u00a0 2011 2012 2013 2014 2015 2016<\/p>\n<p>\u00a0<\/p>\n<p>Fiat Siena \/ Grand Siena \u2013 2000 2001 2002 2003 2004 2005 2006 2007 2008 2009 2010 2011 2012 2013 2014 2015 2016<\/p>\n<p>\u00a0<\/p>\n<p>Fiat Punto \u2013\u00a0 2008 em diante<\/p>\n<p>\u00a0<\/p>\n<p>Fiat Idea \u2013\u00a0 2006 2007 2008 2009 2010 2011 2012 2013 2014 2015<\/p>\n<p>\u00a0<\/p>\n<p>Fiat Fiorino \u2013\u00a0 2014 em diante<\/p>\n<p>\u00a0<\/p>\n<p>Fiat Doblo \u2013\u00a0 2001 2002 2003 2004 2005 2006 2007 2008 2009 2010 2011 2012 2013 2014 2015<\/p>\n<p>\u00a0<\/p>\n<p>Fiat 500 \u2013\u00a0 2011 em diante<\/p>\n<p>\u00a0<\/p>\n<p>Fiat Strada 1998 1999 2000 2001 2002 2003 2004 2005 2006 2007 2008 2009 2010 2011 2012 2013 2014 2015 2016 2017 2018 2019 2020 2021 2022<\/p>\n<p>\u00a0<\/p>\n<p>Especifica\u00e7\u00f5es T\u00e9cnicas:<\/p>\n<p>\u00a0<\/p>\n<p>Marca: Tsa\u00a0<\/p>\n<p>\u00a0<\/p>\n<p>Produto: Novo\u00a0<\/p>\n<p>\u00a0<\/p>\n<p>Modelo: Sensor Rota\u00e7\u00e3o<\/p>\n<p>\u00a0<\/p>\n<p>Codigo: T080016<\/p>\n<p>\u00a0<\/p>\n<p>\u00a0<\/p>\n<p>Garantia: 3 meses<\/p>\n<p>\u00a0<\/p>\n<p>ATEN\u00c7\u00c3O<\/p>\n<p>\u00a0<\/p>\n<p>Antes de efetuar a compra, verifique o c\u00f3digo da pe\u00e7a instalada em seu ve\u00edculo e confirme se corresponde ao c\u00f3digo informado neste an\u00fancio.<\/p>\n<p>Em caso de d\u00favida, utilize o campo de perguntas.<\/p>\n<p>\u00a0<\/p>\n<p>\u00a0<\/p>\n<p>\u00a0<\/p>\n<p>\u00a0<\/p>\n<p>\u00a0<\/p>\n<p>\u00a0<\/p>\n<p>\u00a0<\/p>\n<p>\u00a0<\/p>\n<p>\u00a0<\/p>\n","protected":false},"excerpt":{"rendered":"<p>Sensor de Rota\u00e7\u00e3o Fiat 1.0 1.4 Palio Uno Strada TSA\u00a0 &#8211; T080016<\/p>\n","protected":false},"featured_media":43605,"template":"","meta":{"_seopress_robots_primary_cat":"","_seopress_titles_title":"","_seopress_titles_desc":"","_seopress_robots_index":"","_joinchat":[]},"product_cat":[21],"product_tag":[],"berocket_brand":[],"_links":{"self":[{"href":"https:\/\/www.casadainjecao.com.br\/loja\/wp-json\/wp\/v2\/product\/43606"}],"collection":[{"href":"https:\/\/www.casadainjecao.com.br\/loja\/wp-json\/wp\/v2\/product"}],"about":[{"href":"https:\/\/www.casadainjecao.com.br\/loja\/wp-json\/wp\/v2\/types\/product"}],"wp:featuredmedia":[{"embeddable":true,"href":"https:\/\/www.casadainjecao.com.br\/loja\/wp-json\/wp\/v2\/media\/43605"}],"wp:attachment":[{"href":"https:\/\/www.casadainjecao.com.br\/loja\/wp-json\/wp\/v2\/media?parent=43606"}],"wp:term":[{"taxonomy":"product_cat","embeddable":true,"href":"https:\/\/www.casadainjecao.com.br\/loja\/wp-json\/wp\/v2\/product_cat?post=43606"},{"taxonomy":"product_tag","embeddable":true,"href":"https:\/\/www.casadainjecao.com.br\/loja\/wp-json\/wp\/v2\/product_tag?post=43606"},{"taxonomy":"berocket_brand","embeddable":true,"href":"https:\/\/www.casadainjecao.com.br\/loja\/wp-json\/wp\/v2\/berocket_brand?post=43606"}],"curies":[{"name":"wp","href":"https:\/\/api.w.org\/{rel}","templated":true}]}}