{"id":43609,"date":"2026-01-19T09:21:01","date_gmt":"2026-01-19T12:21:01","guid":{"rendered":"https:\/\/www.casadainjecao.com.br\/loja\/autopecas\/sem%20categoria\/sonda-lambda-pre-cobalt-spin-1-4-1-8-2011-a-2016-0258010292\/"},"modified":"2026-01-20T10:11:19","modified_gmt":"2026-01-20T13:11:19","slug":"sonda-lambda-pre-cobalt-spin-1-4-1-8-2011-a-2016-0258010292","status":"publish","type":"product","link":"https:\/\/www.casadainjecao.com.br\/loja\/autopecas\/injecao-eletronica\/sonda-lambda-pre-cobalt-spin-1-4-1-8-2011-a-2016-0258010292\/","title":{"rendered":"Sonda Lambda Pr\u00e9 GM Cobalt Spin 1.4 1.8 2011 A 2016 &#8211;"},"content":{"rendered":"<p>Sonda Lambda Pr\u00e9 Cobalt Spin<\/p>\n<p>Aplica\u00e7\u00e3o:<\/p>\n<p>CHEVROLET<\/p>\n<p>COBALT 1.4 1.8 8V FLEX &#8211; 2011 2012 2013 2014 2015 2016<\/p>\n<p>COBALT 1.4 ECONO FLEX 1.8 Econo.Flex, POT\u00caNCIA 106-108cv &#8211;\u00a0 2011 2012 2013 2014 2015 2016<\/p>\n<p>COBALT 1.8 ECONO FLEX\u00a0 &#8211;\u00a0 2012 2014 2015 2016 EXCETO ANO 2013 1.8 LT 4P<\/p>\n<p>SPIN 1.8 8V ECONO FLEX &#8211; 2012 2013 2014 2015 2016<\/p>\n<p>Especifica\u00e7\u00f5es T\u00e9cnicas:<\/p>\n<p>Marca: Torken<\/p>\n<p>Produto: Novo<\/p>\n<p>Modelo: SONDA LAMBDA PR\u00c9 E P\u00d3S CATALISADOR<\/p>\n<p>Codigo: 0258986602 , 24579154 , 883440043 , OZA723EE74 , 0258010292 , 93385924<\/p>\n<p>Cont\u00e9m 4 cabos: 1 preto , 2 brancos , 1 cinza<\/p>\n<p>Compat\u00edvel como Pr\u00e9 e P\u00f3s<\/p>\n<p>Garantia: 3 meses<\/p>\n<p>ATEN\u00c7\u00c3O<\/p>\n<p>Antes de efetuar a compra, verifique o c\u00f3digo da pe\u00e7a instalada em seu ve\u00edculo e confirme se corresponde ao c\u00f3digo informado neste an\u00fancio.<\/p>\n<p>Em caso de d\u00favida, utilize o campo de perguntas.<\/p>\n","protected":false},"excerpt":{"rendered":"<p>Sonda Lambda Pr\u00e9 COBALT SPIN 1.4 1.8 2011 A 2016 &#8211; 0258010292<\/p>\n","protected":false},"featured_media":43668,"template":"","meta":{"_seopress_robots_primary_cat":"none","_seopress_titles_title":"","_seopress_titles_desc":"","_seopress_robots_index":"","_joinchat":[]},"product_cat":[21],"product_tag":[],"berocket_brand":[],"_links":{"self":[{"href":"https:\/\/www.casadainjecao.com.br\/loja\/wp-json\/wp\/v2\/product\/43609"}],"collection":[{"href":"https:\/\/www.casadainjecao.com.br\/loja\/wp-json\/wp\/v2\/product"}],"about":[{"href":"https:\/\/www.casadainjecao.com.br\/loja\/wp-json\/wp\/v2\/types\/product"}],"wp:featuredmedia":[{"embeddable":true,"href":"https:\/\/www.casadainjecao.com.br\/loja\/wp-json\/wp\/v2\/media\/43668"}],"wp:attachment":[{"href":"https:\/\/www.casadainjecao.com.br\/loja\/wp-json\/wp\/v2\/media?parent=43609"}],"wp:term":[{"taxonomy":"product_cat","embeddable":true,"href":"https:\/\/www.casadainjecao.com.br\/loja\/wp-json\/wp\/v2\/product_cat?post=43609"},{"taxonomy":"product_tag","embeddable":true,"href":"https:\/\/www.casadainjecao.com.br\/loja\/wp-json\/wp\/v2\/product_tag?post=43609"},{"taxonomy":"berocket_brand","embeddable":true,"href":"https:\/\/www.casadainjecao.com.br\/loja\/wp-json\/wp\/v2\/berocket_brand?post=43609"}],"curies":[{"name":"wp","href":"https:\/\/api.w.org\/{rel}","templated":true}]}}